{"id":44299,"date":"2025-12-24T12:11:48","date_gmt":"2025-12-24T05:11:48","guid":{"rendered":"https:\/\/motortaburo.com\/?post_type=product&#038;p=44299"},"modified":"2026-01-22T18:07:45","modified_gmt":"2026-01-22T11:07:45","slug":"sen-did-7-li-ban-steel-mau-xam-den-giong-zin-hang-noi-dia-nhat-ban","status":"publish","type":"product","link":"https:\/\/motortaburo.com\/en\/san-pham\/sen-did-7-li-ban-steel-mau-xam-den-giong-zin-hang-noi-dia-nhat-ban\/","title":{"rendered":"S\u00ean DID 7 li b\u1ea3n Steel (m\u00e0u x\u00e1m \u0111en gi\u1ed1ng zin), h\u00e0ng n\u1ed9i \u0111\u1ecba Nh\u1eadt B\u1ea3n"},"content":{"rendered":"","protected":false},"excerpt":{"rendered":"<p>Set b\u00e1n bao g\u1ed3m: 1 s\u1ee3i.<\/p>\n<p>K\u00edch th\u01b0\u1edbc: 420 (7 li).<\/p>\n<p>M\u00e0u steel\u00a0gi\u1ed1ng m\u00e0u s\u00ean zin.<\/p>\n<p>H\u00e0ng ch\u00ednh h\u00e3ng DID.<\/p>\n<p>S\u1ea3n xu\u1ea5t t\u1ea1i Nh\u1eadt B\u1ea3n.<\/p>\n<p>G\u1eafn h\u1ea7u h\u1ebft c\u00e1c d\u00f2ng xe d\u01b0\u1edbi 100cc nh\u01b0 Cub, Dream 100, Honda 67, 68&#8230;, CD50, CL50.<\/p>\n","protected":false},"featured_media":44304,"comment_status":"open","ping_status":"closed","template":"","meta":[],"product_brand":[],"product_cat":[197],"product_tag":[416],"danh-sach-xe":[],"class_list":{"0":"post-44299","1":"product","2":"type-product","3":"status-publish","4":"has-post-thumbnail","6":"product_cat-he-thong-truyen-dong","7":"product_tag-sen-did","9":"first","10":"instock","11":"shipping-taxable","12":"purchasable","13":"product-type-variable"},"yoast_head":"<!-- This site is optimized with the Yoast SEO Premium plugin v23.3 (Yoast SEO v27.0) - https:\/\/yoast.com\/product\/yoast-seo-premium-wordpress\/ -->\n<title>S\u00ean DID 7 li b\u1ea3n Steel (m\u00e0u x\u00e1m \u0111en gi\u1ed1ng zin), h\u00e0ng n\u1ed9i \u0111\u1ecba Nh\u1eadt B\u1ea3n - Motor Taburo<\/title>\n<meta name=\"robots\" content=\"index, follow, max-snippet:-1, max-image-preview:large, max-video-preview:-1\" \/>\n<link rel=\"canonical\" href=\"https:\/\/motortaburo.com\/en\/san-pham\/sen-did-7-li-ban-steel-mau-xam-den-giong-zin-hang-noi-dia-nhat-ban\/\" \/>\n<meta property=\"og:locale\" content=\"en_US\" \/>\n<meta property=\"og:type\" content=\"article\" \/>\n<meta property=\"og:title\" content=\"S\u00ean DID 7 li b\u1ea3n Steel (m\u00e0u x\u00e1m \u0111en gi\u1ed1ng zin), h\u00e0ng n\u1ed9i \u0111\u1ecba Nh\u1eadt B\u1ea3n\" \/>\n<meta property=\"og:description\" content=\"Set b\u00e1n bao g\u1ed3m: 1 s\u1ee3i.  K\u00edch th\u01b0\u1edbc: 420 (7 li).  M\u00e0u steel\u00a0gi\u1ed1ng m\u00e0u s\u00ean zin.  H\u00e0ng ch\u00ednh h\u00e3ng DID.  S\u1ea3n xu\u1ea5t t\u1ea1i Nh\u1eadt B\u1ea3n.  G\u1eafn h\u1ea7u h\u1ebft c\u00e1c d\u00f2ng xe d\u01b0\u1edbi 100cc nh\u01b0 Cub, Dream 100, Honda 67, 68..., CD50, CL50.\" \/>\n<meta property=\"og:url\" content=\"https:\/\/motortaburo.com\/en\/san-pham\/sen-did-7-li-ban-steel-mau-xam-den-giong-zin-hang-noi-dia-nhat-ban\/\" \/>\n<meta property=\"og:site_name\" content=\"Motor Taburo - Genuine Motorcycle Parts\" \/>\n<meta property=\"article:publisher\" content=\"https:\/\/www.facebook.com\/MotorTaburo\" \/>\n<meta property=\"article:modified_time\" content=\"2026-01-22T11:07:45+00:00\" \/>\n<meta property=\"og:image\" content=\"https:\/\/motortaburo.com\/wp-content\/uploads\/2025\/12\/PXL_20250913_005239825.jpg\" \/>\n\t<meta property=\"og:image:width\" content=\"1024\" \/>\n\t<meta property=\"og:image:height\" content=\"1024\" \/>\n\t<meta property=\"og:image:type\" content=\"image\/jpeg\" \/>\n<meta name=\"twitter:card\" content=\"summary_large_image\" \/>\n<meta name=\"twitter:label1\" content=\"Availability\" \/>\n\t<meta name=\"twitter:data1\" content=\"In stock\" \/>\n<script type=\"application\/ld+json\" class=\"yoast-schema-graph\">{\"@context\":\"https:\/\/schema.org\",\"@graph\":[{\"@type\":\"WebPage\",\"@id\":\"https:\/\/motortaburo.com\/en\/san-pham\/sen-did-7-li-ban-steel-mau-xam-den-giong-zin-hang-noi-dia-nhat-ban\/\",\"url\":\"https:\/\/motortaburo.com\/en\/san-pham\/sen-did-7-li-ban-steel-mau-xam-den-giong-zin-hang-noi-dia-nhat-ban\/\",\"name\":\"S\u00ean DID 7 li b\u1ea3n Steel (m\u00e0u x\u00e1m \u0111en gi\u1ed1ng zin), h\u00e0ng n\u1ed9i \u0111\u1ecba Nh\u1eadt B\u1ea3n - Motor Taburo\",\"isPartOf\":{\"@id\":\"https:\/\/motortaburo.com\/en\/#website\"},\"primaryImageOfPage\":{\"@id\":\"https:\/\/motortaburo.com\/en\/san-pham\/sen-did-7-li-ban-steel-mau-xam-den-giong-zin-hang-noi-dia-nhat-ban\/#primaryimage\"},\"image\":{\"@id\":\"https:\/\/motortaburo.com\/en\/san-pham\/sen-did-7-li-ban-steel-mau-xam-den-giong-zin-hang-noi-dia-nhat-ban\/#primaryimage\"},\"thumbnailUrl\":\"https:\/\/motortaburo.com\/wp-content\/uploads\/2025\/12\/PXL_20250913_005239825.jpg\",\"datePublished\":\"2025-12-24T05:11:48+00:00\",\"dateModified\":\"2026-01-22T11:07:45+00:00\",\"breadcrumb\":{\"@id\":\"https:\/\/motortaburo.com\/en\/san-pham\/sen-did-7-li-ban-steel-mau-xam-den-giong-zin-hang-noi-dia-nhat-ban\/#breadcrumb\"},\"inLanguage\":\"en-US\",\"potentialAction\":[{\"@type\":\"ReadAction\",\"target\":[\"https:\/\/motortaburo.com\/en\/san-pham\/sen-did-7-li-ban-steel-mau-xam-den-giong-zin-hang-noi-dia-nhat-ban\/\"]}]},{\"@type\":\"ImageObject\",\"inLanguage\":\"en-US\",\"@id\":\"https:\/\/motortaburo.com\/en\/san-pham\/sen-did-7-li-ban-steel-mau-xam-den-giong-zin-hang-noi-dia-nhat-ban\/#primaryimage\",\"url\":\"https:\/\/motortaburo.com\/wp-content\/uploads\/2025\/12\/PXL_20250913_005239825.jpg\",\"contentUrl\":\"https:\/\/motortaburo.com\/wp-content\/uploads\/2025\/12\/PXL_20250913_005239825.jpg\",\"width\":1024,\"height\":1024},{\"@type\":\"BreadcrumbList\",\"@id\":\"https:\/\/motortaburo.com\/en\/san-pham\/sen-did-7-li-ban-steel-mau-xam-den-giong-zin-hang-noi-dia-nhat-ban\/#breadcrumb\",\"itemListElement\":[{\"@type\":\"ListItem\",\"position\":1,\"name\":\"Home\",\"item\":\"https:\/\/motortaburo.com\/en\/\"},{\"@type\":\"ListItem\",\"position\":2,\"name\":\"\u0110\u1ed3 ch\u01a1i xe\",\"item\":\"https:\/\/motortaburo.com\/do-choi-xe\/\"},{\"@type\":\"ListItem\",\"position\":3,\"name\":\"S\u00ean DID 7 li b\u1ea3n Steel (m\u00e0u x\u00e1m \u0111en gi\u1ed1ng zin), h\u00e0ng n\u1ed9i \u0111\u1ecba Nh\u1eadt B\u1ea3n\"}]},{\"@type\":\"WebSite\",\"@id\":\"https:\/\/motortaburo.com\/en\/#website\",\"url\":\"https:\/\/motortaburo.com\/en\/\",\"name\":\"Motor Taburo - Genuine Motorcycle Parts\",\"description\":\"We sell Japanese motorcycle parts\",\"publisher\":{\"@id\":\"https:\/\/motortaburo.com\/en\/#organization\"},\"alternateName\":\"Motor Taburo\",\"potentialAction\":[{\"@type\":\"SearchAction\",\"target\":{\"@type\":\"EntryPoint\",\"urlTemplate\":\"https:\/\/motortaburo.com\/en\/?s={search_term_string}\"},\"query-input\":{\"@type\":\"PropertyValueSpecification\",\"valueRequired\":true,\"valueName\":\"search_term_string\"}}],\"inLanguage\":\"en-US\"},{\"@type\":\"Organization\",\"@id\":\"https:\/\/motortaburo.com\/en\/#organization\",\"name\":\"Motor Taburo - Genuine Motorcycle Parts\",\"url\":\"https:\/\/motortaburo.com\/en\/\",\"logo\":{\"@type\":\"ImageObject\",\"inLanguage\":\"en-US\",\"@id\":\"https:\/\/motortaburo.com\/en\/#\/schema\/logo\/image\/\",\"url\":\"https:\/\/motortaburo.com\/wp-content\/uploads\/2021\/04\/Motor-Taburo-logo-512.jpg\",\"contentUrl\":\"https:\/\/motortaburo.com\/wp-content\/uploads\/2021\/04\/Motor-Taburo-logo-512.jpg\",\"width\":512,\"height\":512,\"caption\":\"Motor Taburo - Genuine Motorcycle Parts\"},\"image\":{\"@id\":\"https:\/\/motortaburo.com\/en\/#\/schema\/logo\/image\/\"},\"sameAs\":[\"https:\/\/www.facebook.com\/MotorTaburo\"]}]}<\/script>\n<meta property=\"product:brand\" content=\"DID\" \/>\n<meta property=\"og:availability\" content=\"instock\" \/>\n<meta property=\"product:availability\" content=\"instock\" \/>\n<meta property=\"product:condition\" content=\"new\" \/>\n<!-- \/ Yoast SEO Premium plugin. -->","yoast_head_json":{"title":"S\u00ean DID 7 li b\u1ea3n Steel (m\u00e0u x\u00e1m \u0111en gi\u1ed1ng zin), h\u00e0ng n\u1ed9i \u0111\u1ecba Nh\u1eadt B\u1ea3n - Motor Taburo","robots":{"index":"index","follow":"follow","max-snippet":"max-snippet:-1","max-image-preview":"max-image-preview:large","max-video-preview":"max-video-preview:-1"},"canonical":"https:\/\/motortaburo.com\/en\/san-pham\/sen-did-7-li-ban-steel-mau-xam-den-giong-zin-hang-noi-dia-nhat-ban\/","og_locale":"en_US","og_type":"article","og_title":"S\u00ean DID 7 li b\u1ea3n Steel (m\u00e0u x\u00e1m \u0111en gi\u1ed1ng zin), h\u00e0ng n\u1ed9i \u0111\u1ecba Nh\u1eadt B\u1ea3n","og_description":"Set b\u00e1n bao g\u1ed3m: 1 s\u1ee3i.  K\u00edch th\u01b0\u1edbc: 420 (7 li).  M\u00e0u steel\u00a0gi\u1ed1ng m\u00e0u s\u00ean zin.  H\u00e0ng ch\u00ednh h\u00e3ng DID.  S\u1ea3n xu\u1ea5t t\u1ea1i Nh\u1eadt B\u1ea3n.  G\u1eafn h\u1ea7u h\u1ebft c\u00e1c d\u00f2ng xe d\u01b0\u1edbi 100cc nh\u01b0 Cub, Dream 100, Honda 67, 68..., CD50, CL50.","og_url":"https:\/\/motortaburo.com\/en\/san-pham\/sen-did-7-li-ban-steel-mau-xam-den-giong-zin-hang-noi-dia-nhat-ban\/","og_site_name":"Motor Taburo - Genuine Motorcycle Parts","article_publisher":"https:\/\/www.facebook.com\/MotorTaburo","article_modified_time":"2026-01-22T11:07:45+00:00","og_image":[{"width":1024,"height":1024,"url":"https:\/\/motortaburo.com\/wp-content\/uploads\/2025\/12\/PXL_20250913_005239825.jpg","type":"image\/jpeg"}],"twitter_card":"summary_large_image","twitter_misc":{"Availability":"In stock"},"schema":{"@context":"https:\/\/schema.org","@graph":[{"@type":"WebPage","@id":"https:\/\/motortaburo.com\/en\/san-pham\/sen-did-7-li-ban-steel-mau-xam-den-giong-zin-hang-noi-dia-nhat-ban\/","url":"https:\/\/motortaburo.com\/en\/san-pham\/sen-did-7-li-ban-steel-mau-xam-den-giong-zin-hang-noi-dia-nhat-ban\/","name":"S\u00ean DID 7 li b\u1ea3n Steel (m\u00e0u x\u00e1m \u0111en gi\u1ed1ng zin), h\u00e0ng n\u1ed9i \u0111\u1ecba Nh\u1eadt B\u1ea3n - Motor Taburo","isPartOf":{"@id":"https:\/\/motortaburo.com\/en\/#website"},"primaryImageOfPage":{"@id":"https:\/\/motortaburo.com\/en\/san-pham\/sen-did-7-li-ban-steel-mau-xam-den-giong-zin-hang-noi-dia-nhat-ban\/#primaryimage"},"image":{"@id":"https:\/\/motortaburo.com\/en\/san-pham\/sen-did-7-li-ban-steel-mau-xam-den-giong-zin-hang-noi-dia-nhat-ban\/#primaryimage"},"thumbnailUrl":"https:\/\/motortaburo.com\/wp-content\/uploads\/2025\/12\/PXL_20250913_005239825.jpg","datePublished":"2025-12-24T05:11:48+00:00","dateModified":"2026-01-22T11:07:45+00:00","breadcrumb":{"@id":"https:\/\/motortaburo.com\/en\/san-pham\/sen-did-7-li-ban-steel-mau-xam-den-giong-zin-hang-noi-dia-nhat-ban\/#breadcrumb"},"inLanguage":"en-US","potentialAction":[{"@type":"ReadAction","target":["https:\/\/motortaburo.com\/en\/san-pham\/sen-did-7-li-ban-steel-mau-xam-den-giong-zin-hang-noi-dia-nhat-ban\/"]}]},{"@type":"ImageObject","inLanguage":"en-US","@id":"https:\/\/motortaburo.com\/en\/san-pham\/sen-did-7-li-ban-steel-mau-xam-den-giong-zin-hang-noi-dia-nhat-ban\/#primaryimage","url":"https:\/\/motortaburo.com\/wp-content\/uploads\/2025\/12\/PXL_20250913_005239825.jpg","contentUrl":"https:\/\/motortaburo.com\/wp-content\/uploads\/2025\/12\/PXL_20250913_005239825.jpg","width":1024,"height":1024},{"@type":"BreadcrumbList","@id":"https:\/\/motortaburo.com\/en\/san-pham\/sen-did-7-li-ban-steel-mau-xam-den-giong-zin-hang-noi-dia-nhat-ban\/#breadcrumb","itemListElement":[{"@type":"ListItem","position":1,"name":"Home","item":"https:\/\/motortaburo.com\/en\/"},{"@type":"ListItem","position":2,"name":"\u0110\u1ed3 ch\u01a1i xe","item":"https:\/\/motortaburo.com\/do-choi-xe\/"},{"@type":"ListItem","position":3,"name":"S\u00ean DID 7 li b\u1ea3n Steel (m\u00e0u x\u00e1m \u0111en gi\u1ed1ng zin), h\u00e0ng n\u1ed9i \u0111\u1ecba Nh\u1eadt B\u1ea3n"}]},{"@type":"WebSite","@id":"https:\/\/motortaburo.com\/en\/#website","url":"https:\/\/motortaburo.com\/en\/","name":"Motor Taburo - Genuine Motorcycle Parts","description":"We sell Japanese motorcycle parts","publisher":{"@id":"https:\/\/motortaburo.com\/en\/#organization"},"alternateName":"Motor Taburo","potentialAction":[{"@type":"SearchAction","target":{"@type":"EntryPoint","urlTemplate":"https:\/\/motortaburo.com\/en\/?s={search_term_string}"},"query-input":{"@type":"PropertyValueSpecification","valueRequired":true,"valueName":"search_term_string"}}],"inLanguage":"en-US"},{"@type":"Organization","@id":"https:\/\/motortaburo.com\/en\/#organization","name":"Motor Taburo - Genuine Motorcycle Parts","url":"https:\/\/motortaburo.com\/en\/","logo":{"@type":"ImageObject","inLanguage":"en-US","@id":"https:\/\/motortaburo.com\/en\/#\/schema\/logo\/image\/","url":"https:\/\/motortaburo.com\/wp-content\/uploads\/2021\/04\/Motor-Taburo-logo-512.jpg","contentUrl":"https:\/\/motortaburo.com\/wp-content\/uploads\/2021\/04\/Motor-Taburo-logo-512.jpg","width":512,"height":512,"caption":"Motor Taburo - Genuine Motorcycle Parts"},"image":{"@id":"https:\/\/motortaburo.com\/en\/#\/schema\/logo\/image\/"},"sameAs":["https:\/\/www.facebook.com\/MotorTaburo"]}]},"product_brand":"DID","og_availability":"instock","product_availability":"instock","product_condition":"new"},"_links":{"self":[{"href":"https:\/\/motortaburo.com\/en\/wp-json\/wp\/v2\/product\/44299","targetHints":{"allow":["GET"]}}],"collection":[{"href":"https:\/\/motortaburo.com\/en\/wp-json\/wp\/v2\/product"}],"about":[{"href":"https:\/\/motortaburo.com\/en\/wp-json\/wp\/v2\/types\/product"}],"replies":[{"embeddable":true,"href":"https:\/\/motortaburo.com\/en\/wp-json\/wp\/v2\/comments?post=44299"}],"version-history":[{"count":1,"href":"https:\/\/motortaburo.com\/en\/wp-json\/wp\/v2\/product\/44299\/revisions"}],"predecessor-version":[{"id":44318,"href":"https:\/\/motortaburo.com\/en\/wp-json\/wp\/v2\/product\/44299\/revisions\/44318"}],"wp:featuredmedia":[{"embeddable":true,"href":"https:\/\/motortaburo.com\/en\/wp-json\/wp\/v2\/media\/44304"}],"wp:attachment":[{"href":"https:\/\/motortaburo.com\/en\/wp-json\/wp\/v2\/media?parent=44299"}],"wp:term":[{"taxonomy":"product_brand","embeddable":true,"href":"https:\/\/motortaburo.com\/en\/wp-json\/wp\/v2\/product_brand?post=44299"},{"taxonomy":"product_cat","embeddable":true,"href":"https:\/\/motortaburo.com\/en\/wp-json\/wp\/v2\/product_cat?post=44299"},{"taxonomy":"product_tag","embeddable":true,"href":"https:\/\/motortaburo.com\/en\/wp-json\/wp\/v2\/product_tag?post=44299"},{"taxonomy":"danh-sach-xe","embeddable":true,"href":"https:\/\/motortaburo.com\/en\/wp-json\/wp\/v2\/danh-sach-xe?post=44299"}],"curies":[{"name":"wp","href":"https:\/\/api.w.org\/{rel}","templated":true}]}}