{"id":44567,"date":"2025-12-26T15:11:21","date_gmt":"2025-12-26T08:11:21","guid":{"rendered":"https:\/\/motortaburo.com\/?post_type=product&#038;p=44567"},"modified":"2025-12-26T15:11:21","modified_gmt":"2025-12-26T08:11:21","slug":"vit-6-li-dai-20mm-ma-kem-bat-tai-xi-nhan-66-67-chinh-hang-honda","status":"publish","type":"product","link":"https:\/\/motortaburo.com\/en\/san-pham\/vit-6-li-dai-20mm-ma-kem-bat-tai-xi-nhan-66-67-chinh-hang-honda\/","title":{"rendered":"V\u00edt 6 li d\u00e0i 20mm, m\u1ea1 k\u1ebdm, b\u1eaft tai xi nhan 66, 67 ch\u00ednh h\u00e3ng Honda"},"content":{"rendered":"","protected":false},"excerpt":{"rendered":"<p>Set b\u00e1n bao g\u1ed3m: 1 con.<\/p>\n<p>K\u00edch th\u01b0\u1edbc: 6 x 20mm.<\/p>\n<p>Ch\u1ea5t li\u1ec7u s\u1eaft m\u1ea1 k\u1ebdm.<\/p>\n<p>H\u00e0ng ch\u00ednh h\u00e3ng Honda.<\/p>\n<p>S\u1ea3n xu\u1ea5t t\u1ea1i Nh\u1eadt B\u1ea3n.<\/p>\n<p>D\u00f9ng \u0111\u1ec3 b\u1eaft tay xi nhan 67 v\u00e0o d\u00e8 sau ho\u1eb7c v\u00e0o tai th\u1ecf tr\u01b0\u1edbc. Th\u01b0\u1eddng d\u00f9ng k\u00e8m v\u1edbi ch\u1ed1ng rung xi nhan.<\/p>\n","protected":false},"featured_media":44570,"comment_status":"open","ping_status":"closed","template":"","meta":[],"product_brand":[],"product_cat":[91],"product_tag":[],"danh-sach-xe":[2387,1876,1860,2390,1847,1846,1845,1844,1843,1813,1833,2362,1869,1897],"class_list":{"0":"post-44567","1":"product","2":"type-product","3":"status-publish","4":"has-post-thumbnail","6":"product_cat-oc-vit","7":"danh-sach-xe-cd50-gu","8":"danh-sach-xe-cd50s","9":"danh-sach-xe-cl50","10":"danh-sach-xe-ss50-66","11":"danh-sach-xe-ss50-67","12":"danh-sach-xe-ss50-68","13":"danh-sach-xe-ss50-69","14":"danh-sach-xe-ss50-72","15":"danh-sach-xe-ss50z","16":"danh-sach-xe-cd50-benly","17":"danh-sach-xe-benly-cd90","18":"danh-sach-xe-cd90s","19":"danh-sach-xe-cl70","20":"danh-sach-xe-cl90","22":"first","23":"instock","24":"shipping-taxable","25":"purchasable","26":"product-type-simple"},"yoast_head":"<!-- This site is optimized with the Yoast SEO Premium plugin v23.3 (Yoast SEO v27.0) - https:\/\/yoast.com\/product\/yoast-seo-premium-wordpress\/ -->\n<title>V\u00edt 6 li d\u00e0i 20mm, m\u1ea1 k\u1ebdm, b\u1eaft tai xi nhan 66, 67 ch\u00ednh h\u00e3ng Honda - Motor Taburo<\/title>\n<meta name=\"robots\" content=\"index, follow, max-snippet:-1, max-image-preview:large, max-video-preview:-1\" \/>\n<link rel=\"canonical\" href=\"https:\/\/motortaburo.com\/en\/san-pham\/vit-6-li-dai-20mm-ma-kem-bat-tai-xi-nhan-66-67-chinh-hang-honda\/\" \/>\n<meta property=\"og:locale\" content=\"en_US\" \/>\n<meta property=\"og:type\" content=\"article\" \/>\n<meta property=\"og:title\" content=\"V\u00edt 6 li d\u00e0i 20mm, m\u1ea1 k\u1ebdm, b\u1eaft tai xi nhan 66, 67 ch\u00ednh h\u00e3ng Honda\" \/>\n<meta property=\"og:description\" content=\"Set b\u00e1n bao g\u1ed3m: 1 con.  K\u00edch th\u01b0\u1edbc: 6 x 20mm.  Ch\u1ea5t li\u1ec7u s\u1eaft m\u1ea1 k\u1ebdm.  H\u00e0ng ch\u00ednh h\u00e3ng Honda.  S\u1ea3n xu\u1ea5t t\u1ea1i Nh\u1eadt B\u1ea3n.  D\u00f9ng \u0111\u1ec3 b\u1eaft tay xi nhan 67 v\u00e0o d\u00e8 sau ho\u1eb7c v\u00e0o tai th\u1ecf tr\u01b0\u1edbc. Th\u01b0\u1eddng d\u00f9ng k\u00e8m v\u1edbi ch\u1ed1ng rung xi nhan.\" \/>\n<meta property=\"og:url\" content=\"https:\/\/motortaburo.com\/en\/san-pham\/vit-6-li-dai-20mm-ma-kem-bat-tai-xi-nhan-66-67-chinh-hang-honda\/\" \/>\n<meta property=\"og:site_name\" content=\"Motor Taburo - Genuine Motorcycle Parts\" \/>\n<meta property=\"article:publisher\" content=\"https:\/\/www.facebook.com\/MotorTaburo\" \/>\n<meta property=\"og:image\" content=\"https:\/\/motortaburo.com\/wp-content\/uploads\/2025\/12\/PXL_20251225_105240345.jpg\" \/>\n\t<meta property=\"og:image:width\" content=\"1200\" \/>\n\t<meta property=\"og:image:height\" content=\"1200\" \/>\n\t<meta property=\"og:image:type\" content=\"image\/jpeg\" \/>\n<meta name=\"twitter:card\" content=\"summary_large_image\" \/>\n<meta name=\"twitter:label1\" content=\"Price\" \/>\n\t<meta name=\"twitter:data1\" content=\"25.000&nbsp;&#8363;\" \/>\n\t<meta name=\"twitter:label2\" content=\"Availability\" \/>\n\t<meta name=\"twitter:data2\" content=\"In stock\" \/>\n<script type=\"application\/ld+json\" class=\"yoast-schema-graph\">{\"@context\":\"https:\/\/schema.org\",\"@graph\":[{\"@type\":\"WebPage\",\"@id\":\"https:\/\/motortaburo.com\/en\/san-pham\/vit-6-li-dai-20mm-ma-kem-bat-tai-xi-nhan-66-67-chinh-hang-honda\/\",\"url\":\"https:\/\/motortaburo.com\/en\/san-pham\/vit-6-li-dai-20mm-ma-kem-bat-tai-xi-nhan-66-67-chinh-hang-honda\/\",\"name\":\"V\u00edt 6 li d\u00e0i 20mm, m\u1ea1 k\u1ebdm, b\u1eaft tai xi nhan 66, 67 ch\u00ednh h\u00e3ng Honda - Motor Taburo\",\"isPartOf\":{\"@id\":\"https:\/\/motortaburo.com\/en\/#website\"},\"primaryImageOfPage\":{\"@id\":\"https:\/\/motortaburo.com\/en\/san-pham\/vit-6-li-dai-20mm-ma-kem-bat-tai-xi-nhan-66-67-chinh-hang-honda\/#primaryimage\"},\"image\":{\"@id\":\"https:\/\/motortaburo.com\/en\/san-pham\/vit-6-li-dai-20mm-ma-kem-bat-tai-xi-nhan-66-67-chinh-hang-honda\/#primaryimage\"},\"thumbnailUrl\":\"https:\/\/motortaburo.com\/wp-content\/uploads\/2025\/12\/PXL_20251225_105240345.jpg\",\"datePublished\":\"2025-12-26T08:11:21+00:00\",\"breadcrumb\":{\"@id\":\"https:\/\/motortaburo.com\/en\/san-pham\/vit-6-li-dai-20mm-ma-kem-bat-tai-xi-nhan-66-67-chinh-hang-honda\/#breadcrumb\"},\"inLanguage\":\"en-US\",\"potentialAction\":[{\"@type\":\"ReadAction\",\"target\":[\"https:\/\/motortaburo.com\/en\/san-pham\/vit-6-li-dai-20mm-ma-kem-bat-tai-xi-nhan-66-67-chinh-hang-honda\/\"]}]},{\"@type\":\"ImageObject\",\"inLanguage\":\"en-US\",\"@id\":\"https:\/\/motortaburo.com\/en\/san-pham\/vit-6-li-dai-20mm-ma-kem-bat-tai-xi-nhan-66-67-chinh-hang-honda\/#primaryimage\",\"url\":\"https:\/\/motortaburo.com\/wp-content\/uploads\/2025\/12\/PXL_20251225_105240345.jpg\",\"contentUrl\":\"https:\/\/motortaburo.com\/wp-content\/uploads\/2025\/12\/PXL_20251225_105240345.jpg\",\"width\":1200,\"height\":1200},{\"@type\":\"BreadcrumbList\",\"@id\":\"https:\/\/motortaburo.com\/en\/san-pham\/vit-6-li-dai-20mm-ma-kem-bat-tai-xi-nhan-66-67-chinh-hang-honda\/#breadcrumb\",\"itemListElement\":[{\"@type\":\"ListItem\",\"position\":1,\"name\":\"Home\",\"item\":\"https:\/\/motortaburo.com\/en\/\"},{\"@type\":\"ListItem\",\"position\":2,\"name\":\"\u0110\u1ed3 ch\u01a1i xe\",\"item\":\"https:\/\/motortaburo.com\/do-choi-xe\/\"},{\"@type\":\"ListItem\",\"position\":3,\"name\":\"V\u00edt 6 li d\u00e0i 20mm, m\u1ea1 k\u1ebdm, b\u1eaft tai xi nhan 66, 67 ch\u00ednh h\u00e3ng Honda\"}]},{\"@type\":\"WebSite\",\"@id\":\"https:\/\/motortaburo.com\/en\/#website\",\"url\":\"https:\/\/motortaburo.com\/en\/\",\"name\":\"Motor Taburo - Genuine Motorcycle Parts\",\"description\":\"We sell Japanese motorcycle parts\",\"publisher\":{\"@id\":\"https:\/\/motortaburo.com\/en\/#organization\"},\"alternateName\":\"Motor Taburo\",\"potentialAction\":[{\"@type\":\"SearchAction\",\"target\":{\"@type\":\"EntryPoint\",\"urlTemplate\":\"https:\/\/motortaburo.com\/en\/?s={search_term_string}\"},\"query-input\":{\"@type\":\"PropertyValueSpecification\",\"valueRequired\":true,\"valueName\":\"search_term_string\"}}],\"inLanguage\":\"en-US\"},{\"@type\":\"Organization\",\"@id\":\"https:\/\/motortaburo.com\/en\/#organization\",\"name\":\"Motor Taburo - Genuine Motorcycle Parts\",\"url\":\"https:\/\/motortaburo.com\/en\/\",\"logo\":{\"@type\":\"ImageObject\",\"inLanguage\":\"en-US\",\"@id\":\"https:\/\/motortaburo.com\/en\/#\/schema\/logo\/image\/\",\"url\":\"https:\/\/motortaburo.com\/wp-content\/uploads\/2021\/04\/Motor-Taburo-logo-512.jpg\",\"contentUrl\":\"https:\/\/motortaburo.com\/wp-content\/uploads\/2021\/04\/Motor-Taburo-logo-512.jpg\",\"width\":512,\"height\":512,\"caption\":\"Motor Taburo - Genuine Motorcycle Parts\"},\"image\":{\"@id\":\"https:\/\/motortaburo.com\/en\/#\/schema\/logo\/image\/\"},\"sameAs\":[\"https:\/\/www.facebook.com\/MotorTaburo\"]}]}<\/script>\n<meta property=\"product:brand\" content=\"Honda\" \/>\n<meta property=\"product:price:amount\" content=\"25000\" \/>\n<meta property=\"product:price:currency\" content=\"VND\" \/>\n<meta property=\"og:availability\" content=\"instock\" \/>\n<meta property=\"product:availability\" content=\"instock\" \/>\n<meta property=\"product:condition\" content=\"new\" \/>\n<!-- \/ Yoast SEO Premium plugin. -->","yoast_head_json":{"title":"V\u00edt 6 li d\u00e0i 20mm, m\u1ea1 k\u1ebdm, b\u1eaft tai xi nhan 66, 67 ch\u00ednh h\u00e3ng Honda - Motor Taburo","robots":{"index":"index","follow":"follow","max-snippet":"max-snippet:-1","max-image-preview":"max-image-preview:large","max-video-preview":"max-video-preview:-1"},"canonical":"https:\/\/motortaburo.com\/en\/san-pham\/vit-6-li-dai-20mm-ma-kem-bat-tai-xi-nhan-66-67-chinh-hang-honda\/","og_locale":"en_US","og_type":"article","og_title":"V\u00edt 6 li d\u00e0i 20mm, m\u1ea1 k\u1ebdm, b\u1eaft tai xi nhan 66, 67 ch\u00ednh h\u00e3ng Honda","og_description":"Set b\u00e1n bao g\u1ed3m: 1 con.  K\u00edch th\u01b0\u1edbc: 6 x 20mm.  Ch\u1ea5t li\u1ec7u s\u1eaft m\u1ea1 k\u1ebdm.  H\u00e0ng ch\u00ednh h\u00e3ng Honda.  S\u1ea3n xu\u1ea5t t\u1ea1i Nh\u1eadt B\u1ea3n.  D\u00f9ng \u0111\u1ec3 b\u1eaft tay xi nhan 67 v\u00e0o d\u00e8 sau ho\u1eb7c v\u00e0o tai th\u1ecf tr\u01b0\u1edbc. Th\u01b0\u1eddng d\u00f9ng k\u00e8m v\u1edbi ch\u1ed1ng rung xi nhan.","og_url":"https:\/\/motortaburo.com\/en\/san-pham\/vit-6-li-dai-20mm-ma-kem-bat-tai-xi-nhan-66-67-chinh-hang-honda\/","og_site_name":"Motor Taburo - Genuine Motorcycle Parts","article_publisher":"https:\/\/www.facebook.com\/MotorTaburo","og_image":[{"width":1200,"height":1200,"url":"https:\/\/motortaburo.com\/wp-content\/uploads\/2025\/12\/PXL_20251225_105240345.jpg","type":"image\/jpeg"}],"twitter_card":"summary_large_image","twitter_misc":{"Price":"25.000&nbsp;&#8363;","Availability":"In stock"},"schema":{"@context":"https:\/\/schema.org","@graph":[{"@type":"WebPage","@id":"https:\/\/motortaburo.com\/en\/san-pham\/vit-6-li-dai-20mm-ma-kem-bat-tai-xi-nhan-66-67-chinh-hang-honda\/","url":"https:\/\/motortaburo.com\/en\/san-pham\/vit-6-li-dai-20mm-ma-kem-bat-tai-xi-nhan-66-67-chinh-hang-honda\/","name":"V\u00edt 6 li d\u00e0i 20mm, m\u1ea1 k\u1ebdm, b\u1eaft tai xi nhan 66, 67 ch\u00ednh h\u00e3ng Honda - Motor Taburo","isPartOf":{"@id":"https:\/\/motortaburo.com\/en\/#website"},"primaryImageOfPage":{"@id":"https:\/\/motortaburo.com\/en\/san-pham\/vit-6-li-dai-20mm-ma-kem-bat-tai-xi-nhan-66-67-chinh-hang-honda\/#primaryimage"},"image":{"@id":"https:\/\/motortaburo.com\/en\/san-pham\/vit-6-li-dai-20mm-ma-kem-bat-tai-xi-nhan-66-67-chinh-hang-honda\/#primaryimage"},"thumbnailUrl":"https:\/\/motortaburo.com\/wp-content\/uploads\/2025\/12\/PXL_20251225_105240345.jpg","datePublished":"2025-12-26T08:11:21+00:00","breadcrumb":{"@id":"https:\/\/motortaburo.com\/en\/san-pham\/vit-6-li-dai-20mm-ma-kem-bat-tai-xi-nhan-66-67-chinh-hang-honda\/#breadcrumb"},"inLanguage":"en-US","potentialAction":[{"@type":"ReadAction","target":["https:\/\/motortaburo.com\/en\/san-pham\/vit-6-li-dai-20mm-ma-kem-bat-tai-xi-nhan-66-67-chinh-hang-honda\/"]}]},{"@type":"ImageObject","inLanguage":"en-US","@id":"https:\/\/motortaburo.com\/en\/san-pham\/vit-6-li-dai-20mm-ma-kem-bat-tai-xi-nhan-66-67-chinh-hang-honda\/#primaryimage","url":"https:\/\/motortaburo.com\/wp-content\/uploads\/2025\/12\/PXL_20251225_105240345.jpg","contentUrl":"https:\/\/motortaburo.com\/wp-content\/uploads\/2025\/12\/PXL_20251225_105240345.jpg","width":1200,"height":1200},{"@type":"BreadcrumbList","@id":"https:\/\/motortaburo.com\/en\/san-pham\/vit-6-li-dai-20mm-ma-kem-bat-tai-xi-nhan-66-67-chinh-hang-honda\/#breadcrumb","itemListElement":[{"@type":"ListItem","position":1,"name":"Home","item":"https:\/\/motortaburo.com\/en\/"},{"@type":"ListItem","position":2,"name":"\u0110\u1ed3 ch\u01a1i xe","item":"https:\/\/motortaburo.com\/do-choi-xe\/"},{"@type":"ListItem","position":3,"name":"V\u00edt 6 li d\u00e0i 20mm, m\u1ea1 k\u1ebdm, b\u1eaft tai xi nhan 66, 67 ch\u00ednh h\u00e3ng Honda"}]},{"@type":"WebSite","@id":"https:\/\/motortaburo.com\/en\/#website","url":"https:\/\/motortaburo.com\/en\/","name":"Motor Taburo - Genuine Motorcycle Parts","description":"We sell Japanese motorcycle parts","publisher":{"@id":"https:\/\/motortaburo.com\/en\/#organization"},"alternateName":"Motor Taburo","potentialAction":[{"@type":"SearchAction","target":{"@type":"EntryPoint","urlTemplate":"https:\/\/motortaburo.com\/en\/?s={search_term_string}"},"query-input":{"@type":"PropertyValueSpecification","valueRequired":true,"valueName":"search_term_string"}}],"inLanguage":"en-US"},{"@type":"Organization","@id":"https:\/\/motortaburo.com\/en\/#organization","name":"Motor Taburo - Genuine Motorcycle Parts","url":"https:\/\/motortaburo.com\/en\/","logo":{"@type":"ImageObject","inLanguage":"en-US","@id":"https:\/\/motortaburo.com\/en\/#\/schema\/logo\/image\/","url":"https:\/\/motortaburo.com\/wp-content\/uploads\/2021\/04\/Motor-Taburo-logo-512.jpg","contentUrl":"https:\/\/motortaburo.com\/wp-content\/uploads\/2021\/04\/Motor-Taburo-logo-512.jpg","width":512,"height":512,"caption":"Motor Taburo - Genuine Motorcycle Parts"},"image":{"@id":"https:\/\/motortaburo.com\/en\/#\/schema\/logo\/image\/"},"sameAs":["https:\/\/www.facebook.com\/MotorTaburo"]}]},"product_brand":"Honda","product_price_amount":"25000","product_price_currency":"VND","og_availability":"instock","product_availability":"instock","product_condition":"new"},"_links":{"self":[{"href":"https:\/\/motortaburo.com\/en\/wp-json\/wp\/v2\/product\/44567","targetHints":{"allow":["GET"]}}],"collection":[{"href":"https:\/\/motortaburo.com\/en\/wp-json\/wp\/v2\/product"}],"about":[{"href":"https:\/\/motortaburo.com\/en\/wp-json\/wp\/v2\/types\/product"}],"replies":[{"embeddable":true,"href":"https:\/\/motortaburo.com\/en\/wp-json\/wp\/v2\/comments?post=44567"}],"version-history":[{"count":1,"href":"https:\/\/motortaburo.com\/en\/wp-json\/wp\/v2\/product\/44567\/revisions"}],"predecessor-version":[{"id":44588,"href":"https:\/\/motortaburo.com\/en\/wp-json\/wp\/v2\/product\/44567\/revisions\/44588"}],"wp:featuredmedia":[{"embeddable":true,"href":"https:\/\/motortaburo.com\/en\/wp-json\/wp\/v2\/media\/44570"}],"wp:attachment":[{"href":"https:\/\/motortaburo.com\/en\/wp-json\/wp\/v2\/media?parent=44567"}],"wp:term":[{"taxonomy":"product_brand","embeddable":true,"href":"https:\/\/motortaburo.com\/en\/wp-json\/wp\/v2\/product_brand?post=44567"},{"taxonomy":"product_cat","embeddable":true,"href":"https:\/\/motortaburo.com\/en\/wp-json\/wp\/v2\/product_cat?post=44567"},{"taxonomy":"product_tag","embeddable":true,"href":"https:\/\/motortaburo.com\/en\/wp-json\/wp\/v2\/product_tag?post=44567"},{"taxonomy":"danh-sach-xe","embeddable":true,"href":"https:\/\/motortaburo.com\/en\/wp-json\/wp\/v2\/danh-sach-xe?post=44567"}],"curies":[{"name":"wp","href":"https:\/\/api.w.org\/{rel}","templated":true}]}}