{"id":44701,"date":"2026-01-01T11:58:48","date_gmt":"2026-01-01T04:58:48","guid":{"rendered":"https:\/\/motortaburo.com\/?post_type=product&#038;p=44701"},"modified":"2026-01-22T18:07:22","modified_gmt":"2026-01-22T11:07:22","slug":"non-bao-hiem-apiss-ap-603-chinh-hang-lead","status":"publish","type":"product","link":"https:\/\/motortaburo.com\/en\/san-pham\/non-bao-hiem-apiss-ap-603-chinh-hang-lead\/","title":{"rendered":"N\u00f3n b\u1ea3o hi\u1ec3m Apiss AP-603 ch\u00ednh h\u00e3ng Lead"},"content":{"rendered":"<p>&nbsp;<\/p>\n<p><img decoding=\"async\" src=\"https:\/\/sapo.dktcdn.net\/100\/424\/692\/variants\/helmet-measurement-1744533864984.png\" alt=\"helmet measurement\" \/><\/p>\n<p>&nbsp;<\/p>\n<table border=\"1\" cellspacing=\"0\" cellpadding=\"5\" align=\"center\">\n<tbody>\n<tr>\n<td>Size<\/td>\n<td>XS<\/td>\n<td>S<\/td>\n<td>M<\/td>\n<td>L<\/td>\n<td>XL<\/td>\n<td>2XL<\/td>\n<\/tr>\n<tr>\n<td>S\u1ed1 \u0111o v\u00f2ng \u0111\u1ea7u (cm)<\/td>\n<td>53 &#8211; 54 cm<\/td>\n<td>55 &#8211; 56 cm<\/td>\n<td>57 &#8211; 58 cm<\/td>\n<td>59 &#8211; 60 cm<\/td>\n<td>61 &#8211; 62 cm<\/td>\n<td>63 &#8211; 64 cm<\/td>\n<\/tr>\n<\/tbody>\n<\/table>\n","protected":false},"excerpt":{"rendered":"<p>Set b\u00e1n: 1 c\u00e1i.<\/p>\n<p>M\u00e0u s\u1eafc: \u0110\u1ecf Candy.<\/p>\n<p>Free size (ph\u00f9 h\u1ee3p v\u1edbi size \u0111\u1ea7u nh\u1ecf h\u01a1n 57-60cm).<\/p>\n<p>Tr\u1ecdng l\u01b0\u1ee3ng: X\u1ea5p x\u1ec9 900g.<\/p>\n<p>Ch\u1ea5t li\u1ec7u v\u1ecf: Nh\u1ef1a ABS. Ch\u1ea5t li\u1ec7u k\u00ednh:\u00a0Polycarbonate.<\/p>\n<p>Ch\u1ea5t li\u1ec7u b\u00ean trong: M\u00fat x\u1ed1p ch\u1ed1ng s\u1ed1c.<\/p>\n<p>T\u1ea5m ch\u1eafn c\u00f3 t\u1ea7m nh\u00ecn r\u1ed9ng t\u1ea1o c\u1ea3m gi\u00e1c \u0111\u00f3ng m\u1edf \u00eam \u00e1i. B\u00ean trong \u0111\u01b0\u1ee3c l\u00e0m b\u1eb1ng v\u1eadt li\u1ec7u l\u01b0\u1edbi tho\u00e1ng kh\u00ed \u0111\u1ec3 gi\u1ea3m nhi\u1ec7t v\u00e0 \u0111\u1ed9 \u1ea9m b\u00ean trong m\u0169 b\u1ea3o hi\u1ec3m.<\/p>\n<p>S\u1ea3n xu\u1ea5t theo ti\u00eau chu\u1ea9n\u00a0PSC, SG (cho xe d\u01b0\u1edbi 125cc) c\u1ee7a Nh\u1eadt B\u1ea3n.<\/p>\n<p>H\u00e0ng ch\u00ednh h\u00e3ng Lead, nh\u1eadp kh\u1ea9u t\u1eeb Nh\u1eadt B\u1ea3n. Made in China.<\/p>\n<p>K\u00edch th\u01b0\u1edbc \u0111\u00f3ng g\u00f3i: D\u00e0i 32 x R\u1ed9ng 24 x Cao 23mm.<\/p>\n","protected":false},"featured_media":44702,"comment_status":"open","ping_status":"closed","template":"","meta":[],"product_brand":[],"product_cat":[113],"product_tag":[],"danh-sach-xe":[],"class_list":{"0":"post-44701","1":"product","2":"type-product","3":"status-publish","4":"has-post-thumbnail","6":"product_cat-phu-kien","8":"first","9":"instock","10":"shipping-taxable","11":"purchasable","12":"product-type-simple"},"yoast_head":"<!-- This site is optimized with the Yoast SEO Premium plugin v23.3 (Yoast SEO v27.0) - https:\/\/yoast.com\/product\/yoast-seo-premium-wordpress\/ -->\n<title>N\u00f3n b\u1ea3o hi\u1ec3m Apiss AP-603 ch\u00ednh h\u00e3ng Lead - Motor Taburo<\/title>\n<meta name=\"robots\" content=\"index, follow, max-snippet:-1, max-image-preview:large, max-video-preview:-1\" \/>\n<link rel=\"canonical\" href=\"https:\/\/motortaburo.com\/en\/san-pham\/non-bao-hiem-apiss-ap-603-chinh-hang-lead\/\" \/>\n<meta property=\"og:locale\" content=\"en_US\" \/>\n<meta property=\"og:type\" content=\"article\" \/>\n<meta property=\"og:title\" content=\"N\u00f3n b\u1ea3o hi\u1ec3m Apiss AP-603 ch\u00ednh h\u00e3ng Lead\" \/>\n<meta property=\"og:description\" content=\"Set b\u00e1n: 1 c\u00e1i.  M\u00e0u s\u1eafc: \u0110\u1ecf Candy.  Free size (ph\u00f9 h\u1ee3p v\u1edbi size \u0111\u1ea7u nh\u1ecf h\u01a1n 57-60cm).  Tr\u1ecdng l\u01b0\u1ee3ng: X\u1ea5p x\u1ec9 900g.  Ch\u1ea5t li\u1ec7u v\u1ecf: Nh\u1ef1a ABS. Ch\u1ea5t li\u1ec7u k\u00ednh:\u00a0Polycarbonate.  Ch\u1ea5t li\u1ec7u b\u00ean trong: M\u00fat x\u1ed1p ch\u1ed1ng s\u1ed1c.  T\u1ea5m ch\u1eafn c\u00f3 t\u1ea7m nh\u00ecn r\u1ed9ng t\u1ea1o c\u1ea3m gi\u00e1c \u0111\u00f3ng m\u1edf \u00eam \u00e1i. B\u00ean trong \u0111\u01b0\u1ee3c l\u00e0m b\u1eb1ng v\u1eadt li\u1ec7u l\u01b0\u1edbi tho\u00e1ng kh\u00ed \u0111\u1ec3 gi\u1ea3m nhi\u1ec7t v\u00e0 \u0111\u1ed9 \u1ea9m b\u00ean trong m\u0169 b\u1ea3o hi\u1ec3m.  S\u1ea3n xu\u1ea5t theo ti\u00eau chu\u1ea9n\u00a0PSC, SG (cho xe d\u01b0\u1edbi 125cc) c\u1ee7a Nh\u1eadt B\u1ea3n.  H\u00e0ng ch\u00ednh h\u00e3ng Lead, nh\u1eadp kh\u1ea9u t\u1eeb Nh\u1eadt B\u1ea3n. Made in China.  K\u00edch th\u01b0\u1edbc \u0111\u00f3ng g\u00f3i: D\u00e0i 32 x R\u1ed9ng 24 x Cao 23mm.\" \/>\n<meta property=\"og:url\" content=\"https:\/\/motortaburo.com\/en\/san-pham\/non-bao-hiem-apiss-ap-603-chinh-hang-lead\/\" \/>\n<meta property=\"og:site_name\" content=\"Motor Taburo - Genuine Motorcycle Parts\" \/>\n<meta property=\"article:publisher\" content=\"https:\/\/www.facebook.com\/MotorTaburo\" \/>\n<meta property=\"article:modified_time\" content=\"2026-01-22T11:07:22+00:00\" \/>\n<meta property=\"og:image\" content=\"https:\/\/motortaburo.com\/wp-content\/uploads\/2026\/01\/PXL_20260101_034133644.jpg\" \/>\n\t<meta property=\"og:image:width\" content=\"1200\" \/>\n\t<meta property=\"og:image:height\" content=\"1200\" \/>\n\t<meta property=\"og:image:type\" content=\"image\/jpeg\" \/>\n<meta name=\"twitter:card\" content=\"summary_large_image\" \/>\n<meta name=\"twitter:label1\" content=\"Price\" \/>\n\t<meta name=\"twitter:data1\" content=\"1.850.000&nbsp;&#8363;\" \/>\n\t<meta name=\"twitter:label2\" content=\"Availability\" \/>\n\t<meta name=\"twitter:data2\" content=\"In stock\" \/>\n<script type=\"application\/ld+json\" class=\"yoast-schema-graph\">{\"@context\":\"https:\/\/schema.org\",\"@graph\":[{\"@type\":\"WebPage\",\"@id\":\"https:\/\/motortaburo.com\/en\/san-pham\/non-bao-hiem-apiss-ap-603-chinh-hang-lead\/\",\"url\":\"https:\/\/motortaburo.com\/en\/san-pham\/non-bao-hiem-apiss-ap-603-chinh-hang-lead\/\",\"name\":\"N\u00f3n b\u1ea3o hi\u1ec3m Apiss AP-603 ch\u00ednh h\u00e3ng Lead - Motor Taburo\",\"isPartOf\":{\"@id\":\"https:\/\/motortaburo.com\/en\/#website\"},\"primaryImageOfPage\":{\"@id\":\"https:\/\/motortaburo.com\/en\/san-pham\/non-bao-hiem-apiss-ap-603-chinh-hang-lead\/#primaryimage\"},\"image\":{\"@id\":\"https:\/\/motortaburo.com\/en\/san-pham\/non-bao-hiem-apiss-ap-603-chinh-hang-lead\/#primaryimage\"},\"thumbnailUrl\":\"https:\/\/motortaburo.com\/wp-content\/uploads\/2026\/01\/PXL_20260101_034133644.jpg\",\"datePublished\":\"2026-01-01T04:58:48+00:00\",\"dateModified\":\"2026-01-22T11:07:22+00:00\",\"breadcrumb\":{\"@id\":\"https:\/\/motortaburo.com\/en\/san-pham\/non-bao-hiem-apiss-ap-603-chinh-hang-lead\/#breadcrumb\"},\"inLanguage\":\"en-US\",\"potentialAction\":[{\"@type\":\"ReadAction\",\"target\":[\"https:\/\/motortaburo.com\/en\/san-pham\/non-bao-hiem-apiss-ap-603-chinh-hang-lead\/\"]}]},{\"@type\":\"ImageObject\",\"inLanguage\":\"en-US\",\"@id\":\"https:\/\/motortaburo.com\/en\/san-pham\/non-bao-hiem-apiss-ap-603-chinh-hang-lead\/#primaryimage\",\"url\":\"https:\/\/motortaburo.com\/wp-content\/uploads\/2026\/01\/PXL_20260101_034133644.jpg\",\"contentUrl\":\"https:\/\/motortaburo.com\/wp-content\/uploads\/2026\/01\/PXL_20260101_034133644.jpg\",\"width\":1200,\"height\":1200},{\"@type\":\"BreadcrumbList\",\"@id\":\"https:\/\/motortaburo.com\/en\/san-pham\/non-bao-hiem-apiss-ap-603-chinh-hang-lead\/#breadcrumb\",\"itemListElement\":[{\"@type\":\"ListItem\",\"position\":1,\"name\":\"Home\",\"item\":\"https:\/\/motortaburo.com\/en\/\"},{\"@type\":\"ListItem\",\"position\":2,\"name\":\"\u0110\u1ed3 ch\u01a1i xe\",\"item\":\"https:\/\/motortaburo.com\/do-choi-xe\/\"},{\"@type\":\"ListItem\",\"position\":3,\"name\":\"N\u00f3n b\u1ea3o hi\u1ec3m Apiss AP-603 ch\u00ednh h\u00e3ng Lead\"}]},{\"@type\":\"WebSite\",\"@id\":\"https:\/\/motortaburo.com\/en\/#website\",\"url\":\"https:\/\/motortaburo.com\/en\/\",\"name\":\"Motor Taburo - Genuine Motorcycle Parts\",\"description\":\"We sell Japanese motorcycle parts\",\"publisher\":{\"@id\":\"https:\/\/motortaburo.com\/en\/#organization\"},\"alternateName\":\"Motor Taburo\",\"potentialAction\":[{\"@type\":\"SearchAction\",\"target\":{\"@type\":\"EntryPoint\",\"urlTemplate\":\"https:\/\/motortaburo.com\/en\/?s={search_term_string}\"},\"query-input\":{\"@type\":\"PropertyValueSpecification\",\"valueRequired\":true,\"valueName\":\"search_term_string\"}}],\"inLanguage\":\"en-US\"},{\"@type\":\"Organization\",\"@id\":\"https:\/\/motortaburo.com\/en\/#organization\",\"name\":\"Motor Taburo - Genuine Motorcycle Parts\",\"url\":\"https:\/\/motortaburo.com\/en\/\",\"logo\":{\"@type\":\"ImageObject\",\"inLanguage\":\"en-US\",\"@id\":\"https:\/\/motortaburo.com\/en\/#\/schema\/logo\/image\/\",\"url\":\"https:\/\/motortaburo.com\/wp-content\/uploads\/2021\/04\/Motor-Taburo-logo-512.jpg\",\"contentUrl\":\"https:\/\/motortaburo.com\/wp-content\/uploads\/2021\/04\/Motor-Taburo-logo-512.jpg\",\"width\":512,\"height\":512,\"caption\":\"Motor Taburo - Genuine Motorcycle Parts\"},\"image\":{\"@id\":\"https:\/\/motortaburo.com\/en\/#\/schema\/logo\/image\/\"},\"sameAs\":[\"https:\/\/www.facebook.com\/MotorTaburo\"]}]}<\/script>\n<meta property=\"product:brand\" content=\"Lead\" \/>\n<meta property=\"product:price:amount\" content=\"1850000\" \/>\n<meta property=\"product:price:currency\" content=\"VND\" \/>\n<meta property=\"og:availability\" content=\"instock\" \/>\n<meta property=\"product:availability\" content=\"instock\" \/>\n<meta property=\"product:retailer_item_id\" content=\"W-386-P36037415\" \/>\n<meta property=\"product:condition\" content=\"new\" \/>\n<!-- \/ Yoast SEO Premium plugin. -->","yoast_head_json":{"title":"N\u00f3n b\u1ea3o hi\u1ec3m Apiss AP-603 ch\u00ednh h\u00e3ng Lead - Motor Taburo","robots":{"index":"index","follow":"follow","max-snippet":"max-snippet:-1","max-image-preview":"max-image-preview:large","max-video-preview":"max-video-preview:-1"},"canonical":"https:\/\/motortaburo.com\/en\/san-pham\/non-bao-hiem-apiss-ap-603-chinh-hang-lead\/","og_locale":"en_US","og_type":"article","og_title":"N\u00f3n b\u1ea3o hi\u1ec3m Apiss AP-603 ch\u00ednh h\u00e3ng Lead","og_description":"Set b\u00e1n: 1 c\u00e1i.  M\u00e0u s\u1eafc: \u0110\u1ecf Candy.  Free size (ph\u00f9 h\u1ee3p v\u1edbi size \u0111\u1ea7u nh\u1ecf h\u01a1n 57-60cm).  Tr\u1ecdng l\u01b0\u1ee3ng: X\u1ea5p x\u1ec9 900g.  Ch\u1ea5t li\u1ec7u v\u1ecf: Nh\u1ef1a ABS. Ch\u1ea5t li\u1ec7u k\u00ednh:\u00a0Polycarbonate.  Ch\u1ea5t li\u1ec7u b\u00ean trong: M\u00fat x\u1ed1p ch\u1ed1ng s\u1ed1c.  T\u1ea5m ch\u1eafn c\u00f3 t\u1ea7m nh\u00ecn r\u1ed9ng t\u1ea1o c\u1ea3m gi\u00e1c \u0111\u00f3ng m\u1edf \u00eam \u00e1i. B\u00ean trong \u0111\u01b0\u1ee3c l\u00e0m b\u1eb1ng v\u1eadt li\u1ec7u l\u01b0\u1edbi tho\u00e1ng kh\u00ed \u0111\u1ec3 gi\u1ea3m nhi\u1ec7t v\u00e0 \u0111\u1ed9 \u1ea9m b\u00ean trong m\u0169 b\u1ea3o hi\u1ec3m.  S\u1ea3n xu\u1ea5t theo ti\u00eau chu\u1ea9n\u00a0PSC, SG (cho xe d\u01b0\u1edbi 125cc) c\u1ee7a Nh\u1eadt B\u1ea3n.  H\u00e0ng ch\u00ednh h\u00e3ng Lead, nh\u1eadp kh\u1ea9u t\u1eeb Nh\u1eadt B\u1ea3n. Made in China.  K\u00edch th\u01b0\u1edbc \u0111\u00f3ng g\u00f3i: D\u00e0i 32 x R\u1ed9ng 24 x Cao 23mm.","og_url":"https:\/\/motortaburo.com\/en\/san-pham\/non-bao-hiem-apiss-ap-603-chinh-hang-lead\/","og_site_name":"Motor Taburo - Genuine Motorcycle Parts","article_publisher":"https:\/\/www.facebook.com\/MotorTaburo","article_modified_time":"2026-01-22T11:07:22+00:00","og_image":[{"width":1200,"height":1200,"url":"https:\/\/motortaburo.com\/wp-content\/uploads\/2026\/01\/PXL_20260101_034133644.jpg","type":"image\/jpeg"}],"twitter_card":"summary_large_image","twitter_misc":{"Price":"1.850.000&nbsp;&#8363;","Availability":"In stock"},"schema":{"@context":"https:\/\/schema.org","@graph":[{"@type":"WebPage","@id":"https:\/\/motortaburo.com\/en\/san-pham\/non-bao-hiem-apiss-ap-603-chinh-hang-lead\/","url":"https:\/\/motortaburo.com\/en\/san-pham\/non-bao-hiem-apiss-ap-603-chinh-hang-lead\/","name":"N\u00f3n b\u1ea3o hi\u1ec3m Apiss AP-603 ch\u00ednh h\u00e3ng Lead - Motor Taburo","isPartOf":{"@id":"https:\/\/motortaburo.com\/en\/#website"},"primaryImageOfPage":{"@id":"https:\/\/motortaburo.com\/en\/san-pham\/non-bao-hiem-apiss-ap-603-chinh-hang-lead\/#primaryimage"},"image":{"@id":"https:\/\/motortaburo.com\/en\/san-pham\/non-bao-hiem-apiss-ap-603-chinh-hang-lead\/#primaryimage"},"thumbnailUrl":"https:\/\/motortaburo.com\/wp-content\/uploads\/2026\/01\/PXL_20260101_034133644.jpg","datePublished":"2026-01-01T04:58:48+00:00","dateModified":"2026-01-22T11:07:22+00:00","breadcrumb":{"@id":"https:\/\/motortaburo.com\/en\/san-pham\/non-bao-hiem-apiss-ap-603-chinh-hang-lead\/#breadcrumb"},"inLanguage":"en-US","potentialAction":[{"@type":"ReadAction","target":["https:\/\/motortaburo.com\/en\/san-pham\/non-bao-hiem-apiss-ap-603-chinh-hang-lead\/"]}]},{"@type":"ImageObject","inLanguage":"en-US","@id":"https:\/\/motortaburo.com\/en\/san-pham\/non-bao-hiem-apiss-ap-603-chinh-hang-lead\/#primaryimage","url":"https:\/\/motortaburo.com\/wp-content\/uploads\/2026\/01\/PXL_20260101_034133644.jpg","contentUrl":"https:\/\/motortaburo.com\/wp-content\/uploads\/2026\/01\/PXL_20260101_034133644.jpg","width":1200,"height":1200},{"@type":"BreadcrumbList","@id":"https:\/\/motortaburo.com\/en\/san-pham\/non-bao-hiem-apiss-ap-603-chinh-hang-lead\/#breadcrumb","itemListElement":[{"@type":"ListItem","position":1,"name":"Home","item":"https:\/\/motortaburo.com\/en\/"},{"@type":"ListItem","position":2,"name":"\u0110\u1ed3 ch\u01a1i xe","item":"https:\/\/motortaburo.com\/do-choi-xe\/"},{"@type":"ListItem","position":3,"name":"N\u00f3n b\u1ea3o hi\u1ec3m Apiss AP-603 ch\u00ednh h\u00e3ng Lead"}]},{"@type":"WebSite","@id":"https:\/\/motortaburo.com\/en\/#website","url":"https:\/\/motortaburo.com\/en\/","name":"Motor Taburo - Genuine Motorcycle Parts","description":"We sell Japanese motorcycle parts","publisher":{"@id":"https:\/\/motortaburo.com\/en\/#organization"},"alternateName":"Motor Taburo","potentialAction":[{"@type":"SearchAction","target":{"@type":"EntryPoint","urlTemplate":"https:\/\/motortaburo.com\/en\/?s={search_term_string}"},"query-input":{"@type":"PropertyValueSpecification","valueRequired":true,"valueName":"search_term_string"}}],"inLanguage":"en-US"},{"@type":"Organization","@id":"https:\/\/motortaburo.com\/en\/#organization","name":"Motor Taburo - Genuine Motorcycle Parts","url":"https:\/\/motortaburo.com\/en\/","logo":{"@type":"ImageObject","inLanguage":"en-US","@id":"https:\/\/motortaburo.com\/en\/#\/schema\/logo\/image\/","url":"https:\/\/motortaburo.com\/wp-content\/uploads\/2021\/04\/Motor-Taburo-logo-512.jpg","contentUrl":"https:\/\/motortaburo.com\/wp-content\/uploads\/2021\/04\/Motor-Taburo-logo-512.jpg","width":512,"height":512,"caption":"Motor Taburo - Genuine Motorcycle Parts"},"image":{"@id":"https:\/\/motortaburo.com\/en\/#\/schema\/logo\/image\/"},"sameAs":["https:\/\/www.facebook.com\/MotorTaburo"]}]},"product_brand":"Lead","product_price_amount":"1850000","product_price_currency":"VND","og_availability":"instock","product_availability":"instock","product_retailer_item_id":"W-386-P36037415","product_condition":"new"},"_links":{"self":[{"href":"https:\/\/motortaburo.com\/en\/wp-json\/wp\/v2\/product\/44701","targetHints":{"allow":["GET"]}}],"collection":[{"href":"https:\/\/motortaburo.com\/en\/wp-json\/wp\/v2\/product"}],"about":[{"href":"https:\/\/motortaburo.com\/en\/wp-json\/wp\/v2\/types\/product"}],"replies":[{"embeddable":true,"href":"https:\/\/motortaburo.com\/en\/wp-json\/wp\/v2\/comments?post=44701"}],"version-history":[{"count":1,"href":"https:\/\/motortaburo.com\/en\/wp-json\/wp\/v2\/product\/44701\/revisions"}],"predecessor-version":[{"id":44722,"href":"https:\/\/motortaburo.com\/en\/wp-json\/wp\/v2\/product\/44701\/revisions\/44722"}],"wp:featuredmedia":[{"embeddable":true,"href":"https:\/\/motortaburo.com\/en\/wp-json\/wp\/v2\/media\/44702"}],"wp:attachment":[{"href":"https:\/\/motortaburo.com\/en\/wp-json\/wp\/v2\/media?parent=44701"}],"wp:term":[{"taxonomy":"product_brand","embeddable":true,"href":"https:\/\/motortaburo.com\/en\/wp-json\/wp\/v2\/product_brand?post=44701"},{"taxonomy":"product_cat","embeddable":true,"href":"https:\/\/motortaburo.com\/en\/wp-json\/wp\/v2\/product_cat?post=44701"},{"taxonomy":"product_tag","embeddable":true,"href":"https:\/\/motortaburo.com\/en\/wp-json\/wp\/v2\/product_tag?post=44701"},{"taxonomy":"danh-sach-xe","embeddable":true,"href":"https:\/\/motortaburo.com\/en\/wp-json\/wp\/v2\/danh-sach-xe?post=44701"}],"curies":[{"name":"wp","href":"https:\/\/api.w.org\/{rel}","templated":true}]}}