{"id":4595,"date":"2019-12-09T20:55:41","date_gmt":"2019-12-09T13:55:41","guid":{"rendered":"https:\/\/motortaburo.com\/?post_type=product&#038;p=4595"},"modified":"2026-01-22T18:07:12","modified_gmt":"2026-01-22T11:07:12","slug":"mat-meo-gan-bien-so-chris","status":"publish","type":"product","link":"https:\/\/motortaburo.com\/en\/san-pham\/mat-meo-gan-bien-so-chris\/","title":{"rendered":"M\u1eaft m\u00e8o g\u1eafn bi\u1ec3n s\u1ed1 Chris"},"content":{"rendered":"","protected":false},"excerpt":{"rendered":"<p>Set b\u00e1n: 4 c\u00e1i.<\/p>\n<p>S\u1ea3n xu\u1ea5t t\u1ea1i USA.<\/p>\n<p>D\u00f9ng \u0111\u1ec3 b\u1eaft v\u00e0o bi\u1ec3n s\u1ed1 lo\u1ea1i c\u1ed5 \u0111i\u1ec3n (kh\u00f4ng g\u1eafn khung mica).<\/p>\n<p>Ho\u1eb7c t\u1ef1 \u0111\u1ee5c l\u1ed7 tr\u00ean bi\u1ec3n s\u1ed1 \u0111\u1ec3 g\u1eafn trang tr\u00ed th\u00eam cho \u0111\u1eb9p xe.<\/p>\n","protected":false},"featured_media":4589,"comment_status":"open","ping_status":"closed","template":"","meta":[],"product_brand":[],"product_cat":[527],"product_tag":[526,83],"danh-sach-xe":[],"class_list":{"0":"post-4595","1":"product","2":"type-product","3":"status-publish","4":"has-post-thumbnail","6":"product_cat-phan-quang","7":"product_tag-mat-meo-gan-bien-so-chris","8":"product_tag-woocommerce","10":"first","11":"instock","12":"shipping-taxable","13":"purchasable","14":"product-type-variable"},"yoast_head":"<!-- This site is optimized with the Yoast SEO Premium plugin v23.3 (Yoast SEO v27.0) - https:\/\/yoast.com\/product\/yoast-seo-premium-wordpress\/ -->\n<title>M\u1eaft m\u00e8o g\u1eafn bi\u1ec3n s\u1ed1 Chris - Motor Taburo<\/title>\n<meta name=\"robots\" content=\"index, follow, max-snippet:-1, max-image-preview:large, max-video-preview:-1\" \/>\n<link rel=\"canonical\" href=\"https:\/\/motortaburo.com\/en\/san-pham\/mat-meo-gan-bien-so-chris\/\" \/>\n<meta property=\"og:locale\" content=\"en_US\" \/>\n<meta property=\"og:type\" content=\"article\" \/>\n<meta property=\"og:title\" content=\"M\u1eaft m\u00e8o g\u1eafn bi\u1ec3n s\u1ed1 Chris\" \/>\n<meta property=\"og:description\" content=\"Set b\u00e1n: 4 c\u00e1i.  S\u1ea3n xu\u1ea5t t\u1ea1i USA.  D\u00f9ng \u0111\u1ec3 b\u1eaft v\u00e0o bi\u1ec3n s\u1ed1 lo\u1ea1i c\u1ed5 \u0111i\u1ec3n (kh\u00f4ng g\u1eafn khung mica).  Ho\u1eb7c t\u1ef1 \u0111\u1ee5c l\u1ed7 tr\u00ean bi\u1ec3n s\u1ed1 \u0111\u1ec3 g\u1eafn trang tr\u00ed th\u00eam cho \u0111\u1eb9p xe.\" \/>\n<meta property=\"og:url\" content=\"https:\/\/motortaburo.com\/en\/san-pham\/mat-meo-gan-bien-so-chris\/\" \/>\n<meta property=\"og:site_name\" content=\"Motor Taburo - Genuine Motorcycle Parts\" \/>\n<meta property=\"article:publisher\" content=\"https:\/\/www.facebook.com\/MotorTaburo\" \/>\n<meta property=\"article:modified_time\" content=\"2026-01-22T11:07:12+00:00\" \/>\n<meta property=\"og:image\" content=\"https:\/\/motortaburo.com\/wp-content\/uploads\/2019\/12\/IMG_20190925_0829482.jpg\" \/>\n\t<meta property=\"og:image:width\" content=\"1280\" \/>\n\t<meta property=\"og:image:height\" content=\"959\" \/>\n\t<meta property=\"og:image:type\" content=\"image\/jpeg\" \/>\n<meta name=\"twitter:card\" content=\"summary_large_image\" \/>\n<meta name=\"twitter:label1\" content=\"Availability\" \/>\n\t<meta name=\"twitter:data1\" content=\"In stock\" \/>\n<script type=\"application\/ld+json\" class=\"yoast-schema-graph\">{\"@context\":\"https:\/\/schema.org\",\"@graph\":[{\"@type\":\"WebPage\",\"@id\":\"https:\/\/motortaburo.com\/en\/san-pham\/mat-meo-gan-bien-so-chris\/\",\"url\":\"https:\/\/motortaburo.com\/en\/san-pham\/mat-meo-gan-bien-so-chris\/\",\"name\":\"M\u1eaft m\u00e8o g\u1eafn bi\u1ec3n s\u1ed1 Chris - Motor Taburo\",\"isPartOf\":{\"@id\":\"https:\/\/motortaburo.com\/en\/#website\"},\"primaryImageOfPage\":{\"@id\":\"https:\/\/motortaburo.com\/en\/san-pham\/mat-meo-gan-bien-so-chris\/#primaryimage\"},\"image\":{\"@id\":\"https:\/\/motortaburo.com\/en\/san-pham\/mat-meo-gan-bien-so-chris\/#primaryimage\"},\"thumbnailUrl\":\"https:\/\/motortaburo.com\/wp-content\/uploads\/2019\/12\/IMG_20190925_0829482.jpg\",\"datePublished\":\"2019-12-09T13:55:41+00:00\",\"dateModified\":\"2026-01-22T11:07:12+00:00\",\"breadcrumb\":{\"@id\":\"https:\/\/motortaburo.com\/en\/san-pham\/mat-meo-gan-bien-so-chris\/#breadcrumb\"},\"inLanguage\":\"en-US\",\"potentialAction\":[{\"@type\":\"ReadAction\",\"target\":[\"https:\/\/motortaburo.com\/en\/san-pham\/mat-meo-gan-bien-so-chris\/\"]}]},{\"@type\":\"ImageObject\",\"inLanguage\":\"en-US\",\"@id\":\"https:\/\/motortaburo.com\/en\/san-pham\/mat-meo-gan-bien-so-chris\/#primaryimage\",\"url\":\"https:\/\/motortaburo.com\/wp-content\/uploads\/2019\/12\/IMG_20190925_0829482.jpg\",\"contentUrl\":\"https:\/\/motortaburo.com\/wp-content\/uploads\/2019\/12\/IMG_20190925_0829482.jpg\",\"width\":1280,\"height\":959},{\"@type\":\"BreadcrumbList\",\"@id\":\"https:\/\/motortaburo.com\/en\/san-pham\/mat-meo-gan-bien-so-chris\/#breadcrumb\",\"itemListElement\":[{\"@type\":\"ListItem\",\"position\":1,\"name\":\"Home\",\"item\":\"https:\/\/motortaburo.com\/en\/\"},{\"@type\":\"ListItem\",\"position\":2,\"name\":\"\u0110\u1ed3 ch\u01a1i xe\",\"item\":\"https:\/\/motortaburo.com\/do-choi-xe\/\"},{\"@type\":\"ListItem\",\"position\":3,\"name\":\"M\u1eaft m\u00e8o g\u1eafn bi\u1ec3n s\u1ed1 Chris\"}]},{\"@type\":\"WebSite\",\"@id\":\"https:\/\/motortaburo.com\/en\/#website\",\"url\":\"https:\/\/motortaburo.com\/en\/\",\"name\":\"Motor Taburo - Genuine Motorcycle Parts\",\"description\":\"We sell Japanese motorcycle parts\",\"publisher\":{\"@id\":\"https:\/\/motortaburo.com\/en\/#organization\"},\"alternateName\":\"Motor Taburo\",\"potentialAction\":[{\"@type\":\"SearchAction\",\"target\":{\"@type\":\"EntryPoint\",\"urlTemplate\":\"https:\/\/motortaburo.com\/en\/?s={search_term_string}\"},\"query-input\":{\"@type\":\"PropertyValueSpecification\",\"valueRequired\":true,\"valueName\":\"search_term_string\"}}],\"inLanguage\":\"en-US\"},{\"@type\":\"Organization\",\"@id\":\"https:\/\/motortaburo.com\/en\/#organization\",\"name\":\"Motor Taburo - Genuine Motorcycle Parts\",\"url\":\"https:\/\/motortaburo.com\/en\/\",\"logo\":{\"@type\":\"ImageObject\",\"inLanguage\":\"en-US\",\"@id\":\"https:\/\/motortaburo.com\/en\/#\/schema\/logo\/image\/\",\"url\":\"https:\/\/motortaburo.com\/wp-content\/uploads\/2021\/04\/Motor-Taburo-logo-512.jpg\",\"contentUrl\":\"https:\/\/motortaburo.com\/wp-content\/uploads\/2021\/04\/Motor-Taburo-logo-512.jpg\",\"width\":512,\"height\":512,\"caption\":\"Motor Taburo - Genuine Motorcycle Parts\"},\"image\":{\"@id\":\"https:\/\/motortaburo.com\/en\/#\/schema\/logo\/image\/\"},\"sameAs\":[\"https:\/\/www.facebook.com\/MotorTaburo\"]}]}<\/script>\n<meta property=\"product:brand\" content=\"Chris\" \/>\n<meta property=\"og:availability\" content=\"instock\" \/>\n<meta property=\"product:availability\" content=\"instock\" \/>\n<meta property=\"product:condition\" content=\"new\" \/>\n<!-- \/ Yoast SEO Premium plugin. -->","yoast_head_json":{"title":"M\u1eaft m\u00e8o g\u1eafn bi\u1ec3n s\u1ed1 Chris - Motor Taburo","robots":{"index":"index","follow":"follow","max-snippet":"max-snippet:-1","max-image-preview":"max-image-preview:large","max-video-preview":"max-video-preview:-1"},"canonical":"https:\/\/motortaburo.com\/en\/san-pham\/mat-meo-gan-bien-so-chris\/","og_locale":"en_US","og_type":"article","og_title":"M\u1eaft m\u00e8o g\u1eafn bi\u1ec3n s\u1ed1 Chris","og_description":"Set b\u00e1n: 4 c\u00e1i.  S\u1ea3n xu\u1ea5t t\u1ea1i USA.  D\u00f9ng \u0111\u1ec3 b\u1eaft v\u00e0o bi\u1ec3n s\u1ed1 lo\u1ea1i c\u1ed5 \u0111i\u1ec3n (kh\u00f4ng g\u1eafn khung mica).  Ho\u1eb7c t\u1ef1 \u0111\u1ee5c l\u1ed7 tr\u00ean bi\u1ec3n s\u1ed1 \u0111\u1ec3 g\u1eafn trang tr\u00ed th\u00eam cho \u0111\u1eb9p xe.","og_url":"https:\/\/motortaburo.com\/en\/san-pham\/mat-meo-gan-bien-so-chris\/","og_site_name":"Motor Taburo - Genuine Motorcycle Parts","article_publisher":"https:\/\/www.facebook.com\/MotorTaburo","article_modified_time":"2026-01-22T11:07:12+00:00","og_image":[{"width":1280,"height":959,"url":"https:\/\/motortaburo.com\/wp-content\/uploads\/2019\/12\/IMG_20190925_0829482.jpg","type":"image\/jpeg"}],"twitter_card":"summary_large_image","twitter_misc":{"Availability":"In stock"},"schema":{"@context":"https:\/\/schema.org","@graph":[{"@type":"WebPage","@id":"https:\/\/motortaburo.com\/en\/san-pham\/mat-meo-gan-bien-so-chris\/","url":"https:\/\/motortaburo.com\/en\/san-pham\/mat-meo-gan-bien-so-chris\/","name":"M\u1eaft m\u00e8o g\u1eafn bi\u1ec3n s\u1ed1 Chris - Motor Taburo","isPartOf":{"@id":"https:\/\/motortaburo.com\/en\/#website"},"primaryImageOfPage":{"@id":"https:\/\/motortaburo.com\/en\/san-pham\/mat-meo-gan-bien-so-chris\/#primaryimage"},"image":{"@id":"https:\/\/motortaburo.com\/en\/san-pham\/mat-meo-gan-bien-so-chris\/#primaryimage"},"thumbnailUrl":"https:\/\/motortaburo.com\/wp-content\/uploads\/2019\/12\/IMG_20190925_0829482.jpg","datePublished":"2019-12-09T13:55:41+00:00","dateModified":"2026-01-22T11:07:12+00:00","breadcrumb":{"@id":"https:\/\/motortaburo.com\/en\/san-pham\/mat-meo-gan-bien-so-chris\/#breadcrumb"},"inLanguage":"en-US","potentialAction":[{"@type":"ReadAction","target":["https:\/\/motortaburo.com\/en\/san-pham\/mat-meo-gan-bien-so-chris\/"]}]},{"@type":"ImageObject","inLanguage":"en-US","@id":"https:\/\/motortaburo.com\/en\/san-pham\/mat-meo-gan-bien-so-chris\/#primaryimage","url":"https:\/\/motortaburo.com\/wp-content\/uploads\/2019\/12\/IMG_20190925_0829482.jpg","contentUrl":"https:\/\/motortaburo.com\/wp-content\/uploads\/2019\/12\/IMG_20190925_0829482.jpg","width":1280,"height":959},{"@type":"BreadcrumbList","@id":"https:\/\/motortaburo.com\/en\/san-pham\/mat-meo-gan-bien-so-chris\/#breadcrumb","itemListElement":[{"@type":"ListItem","position":1,"name":"Home","item":"https:\/\/motortaburo.com\/en\/"},{"@type":"ListItem","position":2,"name":"\u0110\u1ed3 ch\u01a1i xe","item":"https:\/\/motortaburo.com\/do-choi-xe\/"},{"@type":"ListItem","position":3,"name":"M\u1eaft m\u00e8o g\u1eafn bi\u1ec3n s\u1ed1 Chris"}]},{"@type":"WebSite","@id":"https:\/\/motortaburo.com\/en\/#website","url":"https:\/\/motortaburo.com\/en\/","name":"Motor Taburo - Genuine Motorcycle Parts","description":"We sell Japanese motorcycle parts","publisher":{"@id":"https:\/\/motortaburo.com\/en\/#organization"},"alternateName":"Motor Taburo","potentialAction":[{"@type":"SearchAction","target":{"@type":"EntryPoint","urlTemplate":"https:\/\/motortaburo.com\/en\/?s={search_term_string}"},"query-input":{"@type":"PropertyValueSpecification","valueRequired":true,"valueName":"search_term_string"}}],"inLanguage":"en-US"},{"@type":"Organization","@id":"https:\/\/motortaburo.com\/en\/#organization","name":"Motor Taburo - Genuine Motorcycle Parts","url":"https:\/\/motortaburo.com\/en\/","logo":{"@type":"ImageObject","inLanguage":"en-US","@id":"https:\/\/motortaburo.com\/en\/#\/schema\/logo\/image\/","url":"https:\/\/motortaburo.com\/wp-content\/uploads\/2021\/04\/Motor-Taburo-logo-512.jpg","contentUrl":"https:\/\/motortaburo.com\/wp-content\/uploads\/2021\/04\/Motor-Taburo-logo-512.jpg","width":512,"height":512,"caption":"Motor Taburo - Genuine Motorcycle Parts"},"image":{"@id":"https:\/\/motortaburo.com\/en\/#\/schema\/logo\/image\/"},"sameAs":["https:\/\/www.facebook.com\/MotorTaburo"]}]},"product_brand":"Chris","og_availability":"instock","product_availability":"instock","product_condition":"new"},"_links":{"self":[{"href":"https:\/\/motortaburo.com\/en\/wp-json\/wp\/v2\/product\/4595","targetHints":{"allow":["GET"]}}],"collection":[{"href":"https:\/\/motortaburo.com\/en\/wp-json\/wp\/v2\/product"}],"about":[{"href":"https:\/\/motortaburo.com\/en\/wp-json\/wp\/v2\/types\/product"}],"replies":[{"embeddable":true,"href":"https:\/\/motortaburo.com\/en\/wp-json\/wp\/v2\/comments?post=4595"}],"version-history":[{"count":0,"href":"https:\/\/motortaburo.com\/en\/wp-json\/wp\/v2\/product\/4595\/revisions"}],"wp:featuredmedia":[{"embeddable":true,"href":"https:\/\/motortaburo.com\/en\/wp-json\/wp\/v2\/media\/4589"}],"wp:attachment":[{"href":"https:\/\/motortaburo.com\/en\/wp-json\/wp\/v2\/media?parent=4595"}],"wp:term":[{"taxonomy":"product_brand","embeddable":true,"href":"https:\/\/motortaburo.com\/en\/wp-json\/wp\/v2\/product_brand?post=4595"},{"taxonomy":"product_cat","embeddable":true,"href":"https:\/\/motortaburo.com\/en\/wp-json\/wp\/v2\/product_cat?post=4595"},{"taxonomy":"product_tag","embeddable":true,"href":"https:\/\/motortaburo.com\/en\/wp-json\/wp\/v2\/product_tag?post=4595"},{"taxonomy":"danh-sach-xe","embeddable":true,"href":"https:\/\/motortaburo.com\/en\/wp-json\/wp\/v2\/danh-sach-xe?post=4595"}],"curies":[{"name":"wp","href":"https:\/\/api.w.org\/{rel}","templated":true}]}}