{"id":4866,"date":"2019-12-14T10:27:06","date_gmt":"2019-12-14T03:27:06","guid":{"rendered":"https:\/\/motortaburo.com\/?post_type=product&#038;p=4866"},"modified":"2026-01-22T18:06:25","modified_gmt":"2026-01-22T11:06:25","slug":"cao-su-gac-chan-truoc-kijima-kieu-thong-thuong","status":"publish","type":"product","link":"https:\/\/motortaburo.com\/en\/san-pham\/cao-su-gac-chan-truoc-kijima-kieu-thong-thuong\/","title":{"rendered":"Cao su g\u00e1c ch\u00e2n tr\u01b0\u1edbc Kijima ki\u1ec3u th\u00f4ng th\u01b0\u1eddng"},"content":{"rendered":"","protected":false},"excerpt":{"rendered":"<p>Set b\u00e1n: 1 c\u1eb7p.<\/p>\n<p>M\u00e0u n\u00e2u ho\u1eb7c m\u00e0u \u0111\u1ecf.<\/p>\n<p>S\u1ea3n xu\u1ea5t t\u1ea1i Nh\u1eadt B\u1ea3n.<\/p>\n<p>Ch\u1ea5t li\u1ec7u cao su r\u1ea5t m\u1ec1m, t\u1ea1o c\u1ea3m gi\u00e1c \u00eam ch\u00e2n.<\/p>\n<p>D\u00f9ng cho Honda Super cub, Little cub.<\/p>\n<p>C\u00f3 th\u1ec3 g\u1eafn \u0111\u01b0\u1ee3c cho Wave, Dream, CD50, CL50.<\/p>\n","protected":false},"featured_media":4840,"comment_status":"open","ping_status":"closed","template":"","meta":[],"product_brand":[],"product_cat":[143],"product_tag":[542],"danh-sach-xe":[1876,1860,1852,2362,1830,1824,1823],"class_list":{"0":"post-4866","1":"product","2":"type-product","3":"status-publish","4":"has-post-thumbnail","6":"product_cat-can-so-chan-thang-gio-dap-gac-chan","7":"product_tag-cao-su-gac-chan-kijima","8":"danh-sach-xe-cd50s","9":"danh-sach-xe-cl50","10":"danh-sach-xe-little-cub","11":"danh-sach-xe-cd90s","12":"danh-sach-xe-dream-thai-110","13":"danh-sach-xe-super-dream-110","14":"danh-sach-xe-wave-110","16":"first","17":"instock","18":"shipping-taxable","19":"purchasable","20":"product-type-variable"},"yoast_head":"<!-- This site is optimized with the Yoast SEO Premium plugin v23.3 (Yoast SEO v27.0) - https:\/\/yoast.com\/product\/yoast-seo-premium-wordpress\/ -->\n<title>Cao su g\u00e1c ch\u00e2n tr\u01b0\u1edbc Kijima ki\u1ec3u th\u00f4ng th\u01b0\u1eddng - Motor Taburo<\/title>\n<meta name=\"robots\" content=\"index, follow, max-snippet:-1, max-image-preview:large, max-video-preview:-1\" \/>\n<link rel=\"canonical\" href=\"https:\/\/motortaburo.com\/en\/san-pham\/cao-su-gac-chan-truoc-kijima-kieu-thong-thuong\/\" \/>\n<meta property=\"og:locale\" content=\"en_US\" \/>\n<meta property=\"og:type\" content=\"article\" \/>\n<meta property=\"og:title\" content=\"Cao su g\u00e1c ch\u00e2n tr\u01b0\u1edbc Kijima ki\u1ec3u th\u00f4ng th\u01b0\u1eddng\" \/>\n<meta property=\"og:description\" content=\"Set b\u00e1n: 1 c\u1eb7p.  M\u00e0u n\u00e2u ho\u1eb7c m\u00e0u \u0111\u1ecf.  S\u1ea3n xu\u1ea5t t\u1ea1i Nh\u1eadt B\u1ea3n.  Ch\u1ea5t li\u1ec7u cao su r\u1ea5t m\u1ec1m, t\u1ea1o c\u1ea3m gi\u00e1c \u00eam ch\u00e2n.  D\u00f9ng cho Honda Super cub, Little cub.  C\u00f3 th\u1ec3 g\u1eafn \u0111\u01b0\u1ee3c cho Wave, Dream, CD50, CL50.\" \/>\n<meta property=\"og:url\" content=\"https:\/\/motortaburo.com\/en\/san-pham\/cao-su-gac-chan-truoc-kijima-kieu-thong-thuong\/\" \/>\n<meta property=\"og:site_name\" content=\"Motor Taburo - Genuine Motorcycle Parts\" \/>\n<meta property=\"article:publisher\" content=\"https:\/\/www.facebook.com\/MotorTaburo\" \/>\n<meta property=\"article:modified_time\" content=\"2026-01-22T11:06:25+00:00\" \/>\n<meta property=\"og:image\" content=\"https:\/\/motortaburo.com\/wp-content\/uploads\/2019\/12\/20190529_152056.jpg\" \/>\n\t<meta property=\"og:image:width\" content=\"1024\" \/>\n\t<meta property=\"og:image:height\" content=\"768\" \/>\n\t<meta property=\"og:image:type\" content=\"image\/jpeg\" \/>\n<meta name=\"twitter:card\" content=\"summary_large_image\" \/>\n<meta name=\"twitter:label1\" content=\"Availability\" \/>\n\t<meta name=\"twitter:data1\" content=\"In stock\" \/>\n<script type=\"application\/ld+json\" class=\"yoast-schema-graph\">{\"@context\":\"https:\/\/schema.org\",\"@graph\":[{\"@type\":\"WebPage\",\"@id\":\"https:\/\/motortaburo.com\/en\/san-pham\/cao-su-gac-chan-truoc-kijima-kieu-thong-thuong\/\",\"url\":\"https:\/\/motortaburo.com\/en\/san-pham\/cao-su-gac-chan-truoc-kijima-kieu-thong-thuong\/\",\"name\":\"Cao su g\u00e1c ch\u00e2n tr\u01b0\u1edbc Kijima ki\u1ec3u th\u00f4ng th\u01b0\u1eddng - Motor Taburo\",\"isPartOf\":{\"@id\":\"https:\/\/motortaburo.com\/en\/#website\"},\"primaryImageOfPage\":{\"@id\":\"https:\/\/motortaburo.com\/en\/san-pham\/cao-su-gac-chan-truoc-kijima-kieu-thong-thuong\/#primaryimage\"},\"image\":{\"@id\":\"https:\/\/motortaburo.com\/en\/san-pham\/cao-su-gac-chan-truoc-kijima-kieu-thong-thuong\/#primaryimage\"},\"thumbnailUrl\":\"https:\/\/motortaburo.com\/wp-content\/uploads\/2019\/12\/20190529_152056.jpg\",\"datePublished\":\"2019-12-14T03:27:06+00:00\",\"dateModified\":\"2026-01-22T11:06:25+00:00\",\"breadcrumb\":{\"@id\":\"https:\/\/motortaburo.com\/en\/san-pham\/cao-su-gac-chan-truoc-kijima-kieu-thong-thuong\/#breadcrumb\"},\"inLanguage\":\"en-US\",\"potentialAction\":[{\"@type\":\"ReadAction\",\"target\":[\"https:\/\/motortaburo.com\/en\/san-pham\/cao-su-gac-chan-truoc-kijima-kieu-thong-thuong\/\"]}]},{\"@type\":\"ImageObject\",\"inLanguage\":\"en-US\",\"@id\":\"https:\/\/motortaburo.com\/en\/san-pham\/cao-su-gac-chan-truoc-kijima-kieu-thong-thuong\/#primaryimage\",\"url\":\"https:\/\/motortaburo.com\/wp-content\/uploads\/2019\/12\/20190529_152056.jpg\",\"contentUrl\":\"https:\/\/motortaburo.com\/wp-content\/uploads\/2019\/12\/20190529_152056.jpg\",\"width\":1024,\"height\":768},{\"@type\":\"BreadcrumbList\",\"@id\":\"https:\/\/motortaburo.com\/en\/san-pham\/cao-su-gac-chan-truoc-kijima-kieu-thong-thuong\/#breadcrumb\",\"itemListElement\":[{\"@type\":\"ListItem\",\"position\":1,\"name\":\"Home\",\"item\":\"https:\/\/motortaburo.com\/en\/\"},{\"@type\":\"ListItem\",\"position\":2,\"name\":\"\u0110\u1ed3 ch\u01a1i xe\",\"item\":\"https:\/\/motortaburo.com\/do-choi-xe\/\"},{\"@type\":\"ListItem\",\"position\":3,\"name\":\"Cao su g\u00e1c ch\u00e2n tr\u01b0\u1edbc Kijima ki\u1ec3u th\u00f4ng th\u01b0\u1eddng\"}]},{\"@type\":\"WebSite\",\"@id\":\"https:\/\/motortaburo.com\/en\/#website\",\"url\":\"https:\/\/motortaburo.com\/en\/\",\"name\":\"Motor Taburo - Genuine Motorcycle Parts\",\"description\":\"We sell Japanese motorcycle parts\",\"publisher\":{\"@id\":\"https:\/\/motortaburo.com\/en\/#organization\"},\"alternateName\":\"Motor Taburo\",\"potentialAction\":[{\"@type\":\"SearchAction\",\"target\":{\"@type\":\"EntryPoint\",\"urlTemplate\":\"https:\/\/motortaburo.com\/en\/?s={search_term_string}\"},\"query-input\":{\"@type\":\"PropertyValueSpecification\",\"valueRequired\":true,\"valueName\":\"search_term_string\"}}],\"inLanguage\":\"en-US\"},{\"@type\":\"Organization\",\"@id\":\"https:\/\/motortaburo.com\/en\/#organization\",\"name\":\"Motor Taburo - Genuine Motorcycle Parts\",\"url\":\"https:\/\/motortaburo.com\/en\/\",\"logo\":{\"@type\":\"ImageObject\",\"inLanguage\":\"en-US\",\"@id\":\"https:\/\/motortaburo.com\/en\/#\/schema\/logo\/image\/\",\"url\":\"https:\/\/motortaburo.com\/wp-content\/uploads\/2021\/04\/Motor-Taburo-logo-512.jpg\",\"contentUrl\":\"https:\/\/motortaburo.com\/wp-content\/uploads\/2021\/04\/Motor-Taburo-logo-512.jpg\",\"width\":512,\"height\":512,\"caption\":\"Motor Taburo - Genuine Motorcycle Parts\"},\"image\":{\"@id\":\"https:\/\/motortaburo.com\/en\/#\/schema\/logo\/image\/\"},\"sameAs\":[\"https:\/\/www.facebook.com\/MotorTaburo\"]}]}<\/script>\n<meta property=\"product:brand\" content=\"Kijima\" \/>\n<meta property=\"og:availability\" content=\"instock\" \/>\n<meta property=\"product:availability\" content=\"instock\" \/>\n<meta property=\"product:condition\" content=\"new\" \/>\n<!-- \/ Yoast SEO Premium plugin. -->","yoast_head_json":{"title":"Cao su g\u00e1c ch\u00e2n tr\u01b0\u1edbc Kijima ki\u1ec3u th\u00f4ng th\u01b0\u1eddng - Motor Taburo","robots":{"index":"index","follow":"follow","max-snippet":"max-snippet:-1","max-image-preview":"max-image-preview:large","max-video-preview":"max-video-preview:-1"},"canonical":"https:\/\/motortaburo.com\/en\/san-pham\/cao-su-gac-chan-truoc-kijima-kieu-thong-thuong\/","og_locale":"en_US","og_type":"article","og_title":"Cao su g\u00e1c ch\u00e2n tr\u01b0\u1edbc Kijima ki\u1ec3u th\u00f4ng th\u01b0\u1eddng","og_description":"Set b\u00e1n: 1 c\u1eb7p.  M\u00e0u n\u00e2u ho\u1eb7c m\u00e0u \u0111\u1ecf.  S\u1ea3n xu\u1ea5t t\u1ea1i Nh\u1eadt B\u1ea3n.  Ch\u1ea5t li\u1ec7u cao su r\u1ea5t m\u1ec1m, t\u1ea1o c\u1ea3m gi\u00e1c \u00eam ch\u00e2n.  D\u00f9ng cho Honda Super cub, Little cub.  C\u00f3 th\u1ec3 g\u1eafn \u0111\u01b0\u1ee3c cho Wave, Dream, CD50, CL50.","og_url":"https:\/\/motortaburo.com\/en\/san-pham\/cao-su-gac-chan-truoc-kijima-kieu-thong-thuong\/","og_site_name":"Motor Taburo - Genuine Motorcycle Parts","article_publisher":"https:\/\/www.facebook.com\/MotorTaburo","article_modified_time":"2026-01-22T11:06:25+00:00","og_image":[{"width":1024,"height":768,"url":"https:\/\/motortaburo.com\/wp-content\/uploads\/2019\/12\/20190529_152056.jpg","type":"image\/jpeg"}],"twitter_card":"summary_large_image","twitter_misc":{"Availability":"In stock"},"schema":{"@context":"https:\/\/schema.org","@graph":[{"@type":"WebPage","@id":"https:\/\/motortaburo.com\/en\/san-pham\/cao-su-gac-chan-truoc-kijima-kieu-thong-thuong\/","url":"https:\/\/motortaburo.com\/en\/san-pham\/cao-su-gac-chan-truoc-kijima-kieu-thong-thuong\/","name":"Cao su g\u00e1c ch\u00e2n tr\u01b0\u1edbc Kijima ki\u1ec3u th\u00f4ng th\u01b0\u1eddng - Motor Taburo","isPartOf":{"@id":"https:\/\/motortaburo.com\/en\/#website"},"primaryImageOfPage":{"@id":"https:\/\/motortaburo.com\/en\/san-pham\/cao-su-gac-chan-truoc-kijima-kieu-thong-thuong\/#primaryimage"},"image":{"@id":"https:\/\/motortaburo.com\/en\/san-pham\/cao-su-gac-chan-truoc-kijima-kieu-thong-thuong\/#primaryimage"},"thumbnailUrl":"https:\/\/motortaburo.com\/wp-content\/uploads\/2019\/12\/20190529_152056.jpg","datePublished":"2019-12-14T03:27:06+00:00","dateModified":"2026-01-22T11:06:25+00:00","breadcrumb":{"@id":"https:\/\/motortaburo.com\/en\/san-pham\/cao-su-gac-chan-truoc-kijima-kieu-thong-thuong\/#breadcrumb"},"inLanguage":"en-US","potentialAction":[{"@type":"ReadAction","target":["https:\/\/motortaburo.com\/en\/san-pham\/cao-su-gac-chan-truoc-kijima-kieu-thong-thuong\/"]}]},{"@type":"ImageObject","inLanguage":"en-US","@id":"https:\/\/motortaburo.com\/en\/san-pham\/cao-su-gac-chan-truoc-kijima-kieu-thong-thuong\/#primaryimage","url":"https:\/\/motortaburo.com\/wp-content\/uploads\/2019\/12\/20190529_152056.jpg","contentUrl":"https:\/\/motortaburo.com\/wp-content\/uploads\/2019\/12\/20190529_152056.jpg","width":1024,"height":768},{"@type":"BreadcrumbList","@id":"https:\/\/motortaburo.com\/en\/san-pham\/cao-su-gac-chan-truoc-kijima-kieu-thong-thuong\/#breadcrumb","itemListElement":[{"@type":"ListItem","position":1,"name":"Home","item":"https:\/\/motortaburo.com\/en\/"},{"@type":"ListItem","position":2,"name":"\u0110\u1ed3 ch\u01a1i xe","item":"https:\/\/motortaburo.com\/do-choi-xe\/"},{"@type":"ListItem","position":3,"name":"Cao su g\u00e1c ch\u00e2n tr\u01b0\u1edbc Kijima ki\u1ec3u th\u00f4ng th\u01b0\u1eddng"}]},{"@type":"WebSite","@id":"https:\/\/motortaburo.com\/en\/#website","url":"https:\/\/motortaburo.com\/en\/","name":"Motor Taburo - Genuine Motorcycle Parts","description":"We sell Japanese motorcycle parts","publisher":{"@id":"https:\/\/motortaburo.com\/en\/#organization"},"alternateName":"Motor Taburo","potentialAction":[{"@type":"SearchAction","target":{"@type":"EntryPoint","urlTemplate":"https:\/\/motortaburo.com\/en\/?s={search_term_string}"},"query-input":{"@type":"PropertyValueSpecification","valueRequired":true,"valueName":"search_term_string"}}],"inLanguage":"en-US"},{"@type":"Organization","@id":"https:\/\/motortaburo.com\/en\/#organization","name":"Motor Taburo - Genuine Motorcycle Parts","url":"https:\/\/motortaburo.com\/en\/","logo":{"@type":"ImageObject","inLanguage":"en-US","@id":"https:\/\/motortaburo.com\/en\/#\/schema\/logo\/image\/","url":"https:\/\/motortaburo.com\/wp-content\/uploads\/2021\/04\/Motor-Taburo-logo-512.jpg","contentUrl":"https:\/\/motortaburo.com\/wp-content\/uploads\/2021\/04\/Motor-Taburo-logo-512.jpg","width":512,"height":512,"caption":"Motor Taburo - Genuine Motorcycle Parts"},"image":{"@id":"https:\/\/motortaburo.com\/en\/#\/schema\/logo\/image\/"},"sameAs":["https:\/\/www.facebook.com\/MotorTaburo"]}]},"product_brand":"Kijima","og_availability":"instock","product_availability":"instock","product_condition":"new"},"_links":{"self":[{"href":"https:\/\/motortaburo.com\/en\/wp-json\/wp\/v2\/product\/4866","targetHints":{"allow":["GET"]}}],"collection":[{"href":"https:\/\/motortaburo.com\/en\/wp-json\/wp\/v2\/product"}],"about":[{"href":"https:\/\/motortaburo.com\/en\/wp-json\/wp\/v2\/types\/product"}],"replies":[{"embeddable":true,"href":"https:\/\/motortaburo.com\/en\/wp-json\/wp\/v2\/comments?post=4866"}],"version-history":[{"count":0,"href":"https:\/\/motortaburo.com\/en\/wp-json\/wp\/v2\/product\/4866\/revisions"}],"wp:featuredmedia":[{"embeddable":true,"href":"https:\/\/motortaburo.com\/en\/wp-json\/wp\/v2\/media\/4840"}],"wp:attachment":[{"href":"https:\/\/motortaburo.com\/en\/wp-json\/wp\/v2\/media?parent=4866"}],"wp:term":[{"taxonomy":"product_brand","embeddable":true,"href":"https:\/\/motortaburo.com\/en\/wp-json\/wp\/v2\/product_brand?post=4866"},{"taxonomy":"product_cat","embeddable":true,"href":"https:\/\/motortaburo.com\/en\/wp-json\/wp\/v2\/product_cat?post=4866"},{"taxonomy":"product_tag","embeddable":true,"href":"https:\/\/motortaburo.com\/en\/wp-json\/wp\/v2\/product_tag?post=4866"},{"taxonomy":"danh-sach-xe","embeddable":true,"href":"https:\/\/motortaburo.com\/en\/wp-json\/wp\/v2\/danh-sach-xe?post=4866"}],"curies":[{"name":"wp","href":"https:\/\/api.w.org\/{rel}","templated":true}]}}