{"id":5176,"date":"2019-12-21T09:26:11","date_gmt":"2019-12-21T02:26:11","guid":{"rendered":"https:\/\/motortaburo.com\/?post_type=product&#038;p=5176"},"modified":"2026-01-22T18:05:52","modified_gmt":"2026-01-22T11:05:52","slug":"bao-tay-alcan-chat-lieu-cao-su-thien-nhien","status":"publish","type":"product","link":"https:\/\/motortaburo.com\/en\/san-pham\/bao-tay-alcan-chat-lieu-cao-su-thien-nhien\/","title":{"rendered":"Bao tay Alcan ch\u1ea5t li\u1ec7u cao su thi\u00ean nhi\u00ean"},"content":{"rendered":"","protected":false},"excerpt":{"rendered":"<p>S\u1ed1 l\u01b0\u1ee3ng: 1 c\u1eb7p.<\/p>\n<p>S\u1ea3n xu\u1ea5t t\u1ea1i Nh\u1eadt B\u1ea3n.<\/p>\n<p>L\u00e0m t\u1eeb cao su thi\u00ean nhi\u00ean n\u00ean t\u1ea1o c\u1ea3m gi\u00e1c r\u1ea5t \u00eam, ch\u1ed1ng tr\u01b0\u1ee3t v\u00e0 kh\u00f4ng th\u1ea5m n\u01b0\u1edbc.<\/p>\n<p>M\u1eabu n\u00e0y g\u1eafn th\u00eam g\u00f9 ch\u1ed1ng rung n\u1eefa l\u00e0 \u0111\u1eb9p.<\/p>\n","protected":false},"featured_media":5199,"comment_status":"open","ping_status":"closed","template":"","meta":[],"product_brand":[],"product_cat":[209],"product_tag":[565,566,567,568,569,83],"danh-sach-xe":[],"class_list":{"0":"post-5176","1":"product","2":"type-product","3":"status-publish","4":"has-post-thumbnail","6":"product_cat-bao-tay","7":"product_tag-bao-tay-alcan","8":"product_tag-bao-tay-cao-su","9":"product_tag-bao-tay-lai","10":"product_tag-bao-tay-xe","11":"product_tag-bao-tay-xe-may","12":"product_tag-woocommerce","14":"first","15":"outofstock","16":"shipping-taxable","17":"purchasable","18":"product-type-variable"},"yoast_head":"<!-- This site is optimized with the Yoast SEO Premium plugin v23.3 (Yoast SEO v27.0) - https:\/\/yoast.com\/product\/yoast-seo-premium-wordpress\/ -->\n<title>Bao tay Alcan ch\u1ea5t li\u1ec7u cao su thi\u00ean nhi\u00ean - Motor Taburo<\/title>\n<meta name=\"robots\" content=\"index, follow, max-snippet:-1, max-image-preview:large, max-video-preview:-1\" \/>\n<link rel=\"canonical\" href=\"https:\/\/motortaburo.com\/en\/san-pham\/bao-tay-alcan-chat-lieu-cao-su-thien-nhien\/\" \/>\n<meta property=\"og:locale\" content=\"en_US\" \/>\n<meta property=\"og:type\" content=\"article\" \/>\n<meta property=\"og:title\" content=\"Bao tay Alcan ch\u1ea5t li\u1ec7u cao su thi\u00ean nhi\u00ean\" \/>\n<meta property=\"og:description\" content=\"S\u1ed1 l\u01b0\u1ee3ng: 1 c\u1eb7p.  S\u1ea3n xu\u1ea5t t\u1ea1i Nh\u1eadt B\u1ea3n.  L\u00e0m t\u1eeb cao su thi\u00ean nhi\u00ean n\u00ean t\u1ea1o c\u1ea3m gi\u00e1c r\u1ea5t \u00eam, ch\u1ed1ng tr\u01b0\u1ee3t v\u00e0 kh\u00f4ng th\u1ea5m n\u01b0\u1edbc.  M\u1eabu n\u00e0y g\u1eafn th\u00eam g\u00f9 ch\u1ed1ng rung n\u1eefa l\u00e0 \u0111\u1eb9p.\" \/>\n<meta property=\"og:url\" content=\"https:\/\/motortaburo.com\/en\/san-pham\/bao-tay-alcan-chat-lieu-cao-su-thien-nhien\/\" \/>\n<meta property=\"og:site_name\" content=\"Motor Taburo - Genuine Motorcycle Parts\" \/>\n<meta property=\"article:publisher\" content=\"https:\/\/www.facebook.com\/MotorTaburo\" \/>\n<meta property=\"article:modified_time\" content=\"2026-01-22T11:05:52+00:00\" \/>\n<meta property=\"og:image\" content=\"https:\/\/motortaburo.com\/wp-content\/uploads\/2019\/12\/IMG_20190720_1218375.jpg\" \/>\n\t<meta property=\"og:image:width\" content=\"1024\" \/>\n\t<meta property=\"og:image:height\" content=\"767\" \/>\n\t<meta property=\"og:image:type\" content=\"image\/jpeg\" \/>\n<meta name=\"twitter:card\" content=\"summary_large_image\" \/>\n<meta name=\"twitter:label1\" content=\"Availability\" \/>\n\t<meta name=\"twitter:data1\" content=\"Out of stock\" \/>\n<script type=\"application\/ld+json\" class=\"yoast-schema-graph\">{\"@context\":\"https:\/\/schema.org\",\"@graph\":[{\"@type\":\"WebPage\",\"@id\":\"https:\/\/motortaburo.com\/en\/san-pham\/bao-tay-alcan-chat-lieu-cao-su-thien-nhien\/\",\"url\":\"https:\/\/motortaburo.com\/en\/san-pham\/bao-tay-alcan-chat-lieu-cao-su-thien-nhien\/\",\"name\":\"Bao tay Alcan ch\u1ea5t li\u1ec7u cao su thi\u00ean nhi\u00ean - Motor Taburo\",\"isPartOf\":{\"@id\":\"https:\/\/motortaburo.com\/en\/#website\"},\"primaryImageOfPage\":{\"@id\":\"https:\/\/motortaburo.com\/en\/san-pham\/bao-tay-alcan-chat-lieu-cao-su-thien-nhien\/#primaryimage\"},\"image\":{\"@id\":\"https:\/\/motortaburo.com\/en\/san-pham\/bao-tay-alcan-chat-lieu-cao-su-thien-nhien\/#primaryimage\"},\"thumbnailUrl\":\"https:\/\/motortaburo.com\/wp-content\/uploads\/2019\/12\/IMG_20190720_1218375.jpg\",\"datePublished\":\"2019-12-21T02:26:11+00:00\",\"dateModified\":\"2026-01-22T11:05:52+00:00\",\"breadcrumb\":{\"@id\":\"https:\/\/motortaburo.com\/en\/san-pham\/bao-tay-alcan-chat-lieu-cao-su-thien-nhien\/#breadcrumb\"},\"inLanguage\":\"en-US\",\"potentialAction\":[{\"@type\":\"ReadAction\",\"target\":[\"https:\/\/motortaburo.com\/en\/san-pham\/bao-tay-alcan-chat-lieu-cao-su-thien-nhien\/\"]}]},{\"@type\":\"ImageObject\",\"inLanguage\":\"en-US\",\"@id\":\"https:\/\/motortaburo.com\/en\/san-pham\/bao-tay-alcan-chat-lieu-cao-su-thien-nhien\/#primaryimage\",\"url\":\"https:\/\/motortaburo.com\/wp-content\/uploads\/2019\/12\/IMG_20190720_1218375.jpg\",\"contentUrl\":\"https:\/\/motortaburo.com\/wp-content\/uploads\/2019\/12\/IMG_20190720_1218375.jpg\",\"width\":1024,\"height\":767},{\"@type\":\"BreadcrumbList\",\"@id\":\"https:\/\/motortaburo.com\/en\/san-pham\/bao-tay-alcan-chat-lieu-cao-su-thien-nhien\/#breadcrumb\",\"itemListElement\":[{\"@type\":\"ListItem\",\"position\":1,\"name\":\"Home\",\"item\":\"https:\/\/motortaburo.com\/en\/\"},{\"@type\":\"ListItem\",\"position\":2,\"name\":\"\u0110\u1ed3 ch\u01a1i xe\",\"item\":\"https:\/\/motortaburo.com\/do-choi-xe\/\"},{\"@type\":\"ListItem\",\"position\":3,\"name\":\"Bao tay Alcan ch\u1ea5t li\u1ec7u cao su thi\u00ean nhi\u00ean\"}]},{\"@type\":\"WebSite\",\"@id\":\"https:\/\/motortaburo.com\/en\/#website\",\"url\":\"https:\/\/motortaburo.com\/en\/\",\"name\":\"Motor Taburo - Genuine Motorcycle Parts\",\"description\":\"We sell Japanese motorcycle parts\",\"publisher\":{\"@id\":\"https:\/\/motortaburo.com\/en\/#organization\"},\"alternateName\":\"Motor Taburo\",\"potentialAction\":[{\"@type\":\"SearchAction\",\"target\":{\"@type\":\"EntryPoint\",\"urlTemplate\":\"https:\/\/motortaburo.com\/en\/?s={search_term_string}\"},\"query-input\":{\"@type\":\"PropertyValueSpecification\",\"valueRequired\":true,\"valueName\":\"search_term_string\"}}],\"inLanguage\":\"en-US\"},{\"@type\":\"Organization\",\"@id\":\"https:\/\/motortaburo.com\/en\/#organization\",\"name\":\"Motor Taburo - Genuine Motorcycle Parts\",\"url\":\"https:\/\/motortaburo.com\/en\/\",\"logo\":{\"@type\":\"ImageObject\",\"inLanguage\":\"en-US\",\"@id\":\"https:\/\/motortaburo.com\/en\/#\/schema\/logo\/image\/\",\"url\":\"https:\/\/motortaburo.com\/wp-content\/uploads\/2021\/04\/Motor-Taburo-logo-512.jpg\",\"contentUrl\":\"https:\/\/motortaburo.com\/wp-content\/uploads\/2021\/04\/Motor-Taburo-logo-512.jpg\",\"width\":512,\"height\":512,\"caption\":\"Motor Taburo - Genuine Motorcycle Parts\"},\"image\":{\"@id\":\"https:\/\/motortaburo.com\/en\/#\/schema\/logo\/image\/\"},\"sameAs\":[\"https:\/\/www.facebook.com\/MotorTaburo\"]}]}<\/script>\n<meta property=\"product:brand\" content=\"Alcan Hands\" \/>\n<meta property=\"og:availability\" content=\"out of stock\" \/>\n<meta property=\"product:availability\" content=\"out of stock\" \/>\n<meta property=\"product:condition\" content=\"new\" \/>\n<!-- \/ Yoast SEO Premium plugin. -->","yoast_head_json":{"title":"Bao tay Alcan ch\u1ea5t li\u1ec7u cao su thi\u00ean nhi\u00ean - Motor Taburo","robots":{"index":"index","follow":"follow","max-snippet":"max-snippet:-1","max-image-preview":"max-image-preview:large","max-video-preview":"max-video-preview:-1"},"canonical":"https:\/\/motortaburo.com\/en\/san-pham\/bao-tay-alcan-chat-lieu-cao-su-thien-nhien\/","og_locale":"en_US","og_type":"article","og_title":"Bao tay Alcan ch\u1ea5t li\u1ec7u cao su thi\u00ean nhi\u00ean","og_description":"S\u1ed1 l\u01b0\u1ee3ng: 1 c\u1eb7p.  S\u1ea3n xu\u1ea5t t\u1ea1i Nh\u1eadt B\u1ea3n.  L\u00e0m t\u1eeb cao su thi\u00ean nhi\u00ean n\u00ean t\u1ea1o c\u1ea3m gi\u00e1c r\u1ea5t \u00eam, ch\u1ed1ng tr\u01b0\u1ee3t v\u00e0 kh\u00f4ng th\u1ea5m n\u01b0\u1edbc.  M\u1eabu n\u00e0y g\u1eafn th\u00eam g\u00f9 ch\u1ed1ng rung n\u1eefa l\u00e0 \u0111\u1eb9p.","og_url":"https:\/\/motortaburo.com\/en\/san-pham\/bao-tay-alcan-chat-lieu-cao-su-thien-nhien\/","og_site_name":"Motor Taburo - Genuine Motorcycle Parts","article_publisher":"https:\/\/www.facebook.com\/MotorTaburo","article_modified_time":"2026-01-22T11:05:52+00:00","og_image":[{"width":1024,"height":767,"url":"https:\/\/motortaburo.com\/wp-content\/uploads\/2019\/12\/IMG_20190720_1218375.jpg","type":"image\/jpeg"}],"twitter_card":"summary_large_image","twitter_misc":{"Availability":"Out of stock"},"schema":{"@context":"https:\/\/schema.org","@graph":[{"@type":"WebPage","@id":"https:\/\/motortaburo.com\/en\/san-pham\/bao-tay-alcan-chat-lieu-cao-su-thien-nhien\/","url":"https:\/\/motortaburo.com\/en\/san-pham\/bao-tay-alcan-chat-lieu-cao-su-thien-nhien\/","name":"Bao tay Alcan ch\u1ea5t li\u1ec7u cao su thi\u00ean nhi\u00ean - Motor Taburo","isPartOf":{"@id":"https:\/\/motortaburo.com\/en\/#website"},"primaryImageOfPage":{"@id":"https:\/\/motortaburo.com\/en\/san-pham\/bao-tay-alcan-chat-lieu-cao-su-thien-nhien\/#primaryimage"},"image":{"@id":"https:\/\/motortaburo.com\/en\/san-pham\/bao-tay-alcan-chat-lieu-cao-su-thien-nhien\/#primaryimage"},"thumbnailUrl":"https:\/\/motortaburo.com\/wp-content\/uploads\/2019\/12\/IMG_20190720_1218375.jpg","datePublished":"2019-12-21T02:26:11+00:00","dateModified":"2026-01-22T11:05:52+00:00","breadcrumb":{"@id":"https:\/\/motortaburo.com\/en\/san-pham\/bao-tay-alcan-chat-lieu-cao-su-thien-nhien\/#breadcrumb"},"inLanguage":"en-US","potentialAction":[{"@type":"ReadAction","target":["https:\/\/motortaburo.com\/en\/san-pham\/bao-tay-alcan-chat-lieu-cao-su-thien-nhien\/"]}]},{"@type":"ImageObject","inLanguage":"en-US","@id":"https:\/\/motortaburo.com\/en\/san-pham\/bao-tay-alcan-chat-lieu-cao-su-thien-nhien\/#primaryimage","url":"https:\/\/motortaburo.com\/wp-content\/uploads\/2019\/12\/IMG_20190720_1218375.jpg","contentUrl":"https:\/\/motortaburo.com\/wp-content\/uploads\/2019\/12\/IMG_20190720_1218375.jpg","width":1024,"height":767},{"@type":"BreadcrumbList","@id":"https:\/\/motortaburo.com\/en\/san-pham\/bao-tay-alcan-chat-lieu-cao-su-thien-nhien\/#breadcrumb","itemListElement":[{"@type":"ListItem","position":1,"name":"Home","item":"https:\/\/motortaburo.com\/en\/"},{"@type":"ListItem","position":2,"name":"\u0110\u1ed3 ch\u01a1i xe","item":"https:\/\/motortaburo.com\/do-choi-xe\/"},{"@type":"ListItem","position":3,"name":"Bao tay Alcan ch\u1ea5t li\u1ec7u cao su thi\u00ean nhi\u00ean"}]},{"@type":"WebSite","@id":"https:\/\/motortaburo.com\/en\/#website","url":"https:\/\/motortaburo.com\/en\/","name":"Motor Taburo - Genuine Motorcycle Parts","description":"We sell Japanese motorcycle parts","publisher":{"@id":"https:\/\/motortaburo.com\/en\/#organization"},"alternateName":"Motor Taburo","potentialAction":[{"@type":"SearchAction","target":{"@type":"EntryPoint","urlTemplate":"https:\/\/motortaburo.com\/en\/?s={search_term_string}"},"query-input":{"@type":"PropertyValueSpecification","valueRequired":true,"valueName":"search_term_string"}}],"inLanguage":"en-US"},{"@type":"Organization","@id":"https:\/\/motortaburo.com\/en\/#organization","name":"Motor Taburo - Genuine Motorcycle Parts","url":"https:\/\/motortaburo.com\/en\/","logo":{"@type":"ImageObject","inLanguage":"en-US","@id":"https:\/\/motortaburo.com\/en\/#\/schema\/logo\/image\/","url":"https:\/\/motortaburo.com\/wp-content\/uploads\/2021\/04\/Motor-Taburo-logo-512.jpg","contentUrl":"https:\/\/motortaburo.com\/wp-content\/uploads\/2021\/04\/Motor-Taburo-logo-512.jpg","width":512,"height":512,"caption":"Motor Taburo - Genuine Motorcycle Parts"},"image":{"@id":"https:\/\/motortaburo.com\/en\/#\/schema\/logo\/image\/"},"sameAs":["https:\/\/www.facebook.com\/MotorTaburo"]}]},"product_brand":"Alcan Hands","og_availability":"out of stock","product_availability":"out of stock","product_condition":"new"},"_links":{"self":[{"href":"https:\/\/motortaburo.com\/en\/wp-json\/wp\/v2\/product\/5176","targetHints":{"allow":["GET"]}}],"collection":[{"href":"https:\/\/motortaburo.com\/en\/wp-json\/wp\/v2\/product"}],"about":[{"href":"https:\/\/motortaburo.com\/en\/wp-json\/wp\/v2\/types\/product"}],"replies":[{"embeddable":true,"href":"https:\/\/motortaburo.com\/en\/wp-json\/wp\/v2\/comments?post=5176"}],"version-history":[{"count":0,"href":"https:\/\/motortaburo.com\/en\/wp-json\/wp\/v2\/product\/5176\/revisions"}],"wp:featuredmedia":[{"embeddable":true,"href":"https:\/\/motortaburo.com\/en\/wp-json\/wp\/v2\/media\/5199"}],"wp:attachment":[{"href":"https:\/\/motortaburo.com\/en\/wp-json\/wp\/v2\/media?parent=5176"}],"wp:term":[{"taxonomy":"product_brand","embeddable":true,"href":"https:\/\/motortaburo.com\/en\/wp-json\/wp\/v2\/product_brand?post=5176"},{"taxonomy":"product_cat","embeddable":true,"href":"https:\/\/motortaburo.com\/en\/wp-json\/wp\/v2\/product_cat?post=5176"},{"taxonomy":"product_tag","embeddable":true,"href":"https:\/\/motortaburo.com\/en\/wp-json\/wp\/v2\/product_tag?post=5176"},{"taxonomy":"danh-sach-xe","embeddable":true,"href":"https:\/\/motortaburo.com\/en\/wp-json\/wp\/v2\/danh-sach-xe?post=5176"}],"curies":[{"name":"wp","href":"https:\/\/api.w.org\/{rel}","templated":true}]}}