{"id":5844,"date":"2020-02-18T19:29:56","date_gmt":"2020-02-18T12:29:56","guid":{"rendered":"https:\/\/motortaburo.com\/?post_type=product&#038;p=5844"},"modified":"2026-01-22T18:06:03","modified_gmt":"2026-01-22T11:06:03","slug":"xi-nhan-harley-davidson-theo-xe","status":"publish","type":"product","link":"https:\/\/motortaburo.com\/en\/san-pham\/xi-nhan-harley-davidson-theo-xe\/","title":{"rendered":"B\u1ed9 xi nhan Harley Davidson theo xe"},"content":{"rendered":"","protected":false},"excerpt":{"rendered":"<p>Set b\u00e1n: 4 c\u00e1i.<\/p>\n<p>Xi nhan zin theo xe.<\/p>\n<p>\u0110\u00e3 qua s\u1eed d\u1ee5ng.<\/p>\n<p>T\u00ecnh tr\u1ea1ng c\u00f2n kh\u00e1 \u0111\u1eb9p.<\/p>\n<p>N\u01b0\u1edbc xi c\u00f3 m\u00e8 nh\u1eb9.<\/p>\n","protected":false},"featured_media":5825,"comment_status":"open","ping_status":"closed","template":"","meta":[],"product_brand":[],"product_cat":[112],"product_tag":[83,591],"danh-sach-xe":[],"class_list":{"0":"post-5844","1":"product","2":"type-product","3":"status-publish","4":"has-post-thumbnail","6":"product_cat-xi-nhan","7":"product_tag-woocommerce","8":"product_tag-xi-nhan-harley-davidson","10":"first","11":"outofstock","12":"shipping-taxable","13":"purchasable","14":"product-type-simple"},"yoast_head":"<!-- This site is optimized with the Yoast SEO Premium plugin v23.3 (Yoast SEO v27.0) - https:\/\/yoast.com\/product\/yoast-seo-premium-wordpress\/ -->\n<title>B\u1ed9 xi nhan Harley Davidson theo xe - Motor Taburo<\/title>\n<meta name=\"robots\" content=\"index, follow, max-snippet:-1, max-image-preview:large, max-video-preview:-1\" \/>\n<link rel=\"canonical\" href=\"https:\/\/motortaburo.com\/en\/san-pham\/xi-nhan-harley-davidson-theo-xe\/\" \/>\n<meta property=\"og:locale\" content=\"en_US\" \/>\n<meta property=\"og:type\" content=\"article\" \/>\n<meta property=\"og:title\" content=\"B\u1ed9 xi nhan Harley Davidson theo xe\" \/>\n<meta property=\"og:description\" content=\"Set b\u00e1n: 4 c\u00e1i.  Xi nhan zin theo xe.  \u0110\u00e3 qua s\u1eed d\u1ee5ng.  T\u00ecnh tr\u1ea1ng c\u00f2n kh\u00e1 \u0111\u1eb9p.  N\u01b0\u1edbc xi c\u00f3 m\u00e8 nh\u1eb9.\" \/>\n<meta property=\"og:url\" content=\"https:\/\/motortaburo.com\/san-pham\/xi-nhan-harley-davidson-theo-xe\/\" \/>\n<meta property=\"og:site_name\" content=\"Motor Taburo - Genuine Motorcycle Parts\" \/>\n<meta property=\"article:publisher\" content=\"https:\/\/www.facebook.com\/MotorTaburo\" \/>\n<meta property=\"article:modified_time\" content=\"2026-01-22T11:06:03+00:00\" \/>\n<meta property=\"og:image\" content=\"https:\/\/tbrracing.vn\/wp-content\/uploads\/2020\/02\/IMG_2395.jpg\" \/>\n\t<meta property=\"og:image:width\" content=\"960\" \/>\n\t<meta property=\"og:image:height\" content=\"960\" \/>\n\t<meta property=\"og:image:type\" content=\"image\/jpeg\" \/>\n<meta name=\"twitter:card\" content=\"summary_large_image\" \/>\n<meta name=\"twitter:label1\" content=\"Price\" \/>\n\t<meta name=\"twitter:data1\" content=\"2.000.000&nbsp;&#8363;\" \/>\n\t<meta name=\"twitter:label2\" content=\"Availability\" \/>\n\t<meta name=\"twitter:data2\" content=\"Out of stock\" \/>\n<script type=\"application\/ld+json\" class=\"yoast-schema-graph\">{\"@context\":\"https:\/\/schema.org\",\"@graph\":[{\"@type\":\"WebPage\",\"@id\":\"https:\/\/motortaburo.com\/en\/san-pham\/xi-nhan-harley-davidson-theo-xe\/\",\"url\":\"https:\/\/motortaburo.com\/san-pham\/xi-nhan-harley-davidson-theo-xe\/\",\"name\":\"B\u1ed9 xi nhan Harley Davidson theo xe - Motor Taburo\",\"isPartOf\":{\"@id\":\"https:\/\/motortaburo.com\/en\/#website\"},\"primaryImageOfPage\":{\"@id\":\"https:\/\/motortaburo.com\/san-pham\/xi-nhan-harley-davidson-theo-xe\/#primaryimage\"},\"image\":{\"@id\":\"https:\/\/motortaburo.com\/san-pham\/xi-nhan-harley-davidson-theo-xe\/#primaryimage\"},\"thumbnailUrl\":\"https:\/\/motortaburo.com\/wp-content\/uploads\/2020\/02\/IMG_2395.jpg\",\"datePublished\":\"2020-02-18T12:29:56+00:00\",\"dateModified\":\"2026-01-22T11:06:03+00:00\",\"breadcrumb\":{\"@id\":\"https:\/\/motortaburo.com\/san-pham\/xi-nhan-harley-davidson-theo-xe\/#breadcrumb\"},\"inLanguage\":\"en-US\",\"potentialAction\":[{\"@type\":\"ReadAction\",\"target\":[\"https:\/\/motortaburo.com\/san-pham\/xi-nhan-harley-davidson-theo-xe\/\"]}]},{\"@type\":\"ImageObject\",\"inLanguage\":\"en-US\",\"@id\":\"https:\/\/motortaburo.com\/san-pham\/xi-nhan-harley-davidson-theo-xe\/#primaryimage\",\"url\":\"https:\/\/motortaburo.com\/wp-content\/uploads\/2020\/02\/IMG_2395.jpg\",\"contentUrl\":\"https:\/\/motortaburo.com\/wp-content\/uploads\/2020\/02\/IMG_2395.jpg\",\"width\":960,\"height\":960},{\"@type\":\"BreadcrumbList\",\"@id\":\"https:\/\/motortaburo.com\/san-pham\/xi-nhan-harley-davidson-theo-xe\/#breadcrumb\",\"itemListElement\":[{\"@type\":\"ListItem\",\"position\":1,\"name\":\"Home\",\"item\":\"https:\/\/motortaburo.com\/en\/\"},{\"@type\":\"ListItem\",\"position\":2,\"name\":\"\u0110\u1ed3 ch\u01a1i xe\",\"item\":\"https:\/\/motortaburo.com\/do-choi-xe\/\"},{\"@type\":\"ListItem\",\"position\":3,\"name\":\"B\u1ed9 xi nhan Harley Davidson theo xe\"}]},{\"@type\":\"WebSite\",\"@id\":\"https:\/\/motortaburo.com\/en\/#website\",\"url\":\"https:\/\/motortaburo.com\/en\/\",\"name\":\"Motor Taburo - Genuine Motorcycle Parts\",\"description\":\"We sell Japanese motorcycle parts\",\"publisher\":{\"@id\":\"https:\/\/motortaburo.com\/en\/#organization\"},\"alternateName\":\"Motor Taburo\",\"potentialAction\":[{\"@type\":\"SearchAction\",\"target\":{\"@type\":\"EntryPoint\",\"urlTemplate\":\"https:\/\/motortaburo.com\/en\/?s={search_term_string}\"},\"query-input\":{\"@type\":\"PropertyValueSpecification\",\"valueRequired\":true,\"valueName\":\"search_term_string\"}}],\"inLanguage\":\"en-US\"},{\"@type\":\"Organization\",\"@id\":\"https:\/\/motortaburo.com\/en\/#organization\",\"name\":\"Motor Taburo - Genuine Motorcycle Parts\",\"url\":\"https:\/\/motortaburo.com\/en\/\",\"logo\":{\"@type\":\"ImageObject\",\"inLanguage\":\"en-US\",\"@id\":\"https:\/\/motortaburo.com\/en\/#\/schema\/logo\/image\/\",\"url\":\"https:\/\/motortaburo.com\/wp-content\/uploads\/2021\/04\/Motor-Taburo-logo-512.jpg\",\"contentUrl\":\"https:\/\/motortaburo.com\/wp-content\/uploads\/2021\/04\/Motor-Taburo-logo-512.jpg\",\"width\":512,\"height\":512,\"caption\":\"Motor Taburo - Genuine Motorcycle Parts\"},\"image\":{\"@id\":\"https:\/\/motortaburo.com\/en\/#\/schema\/logo\/image\/\"},\"sameAs\":[\"https:\/\/www.facebook.com\/MotorTaburo\"]}]}<\/script>\n<meta property=\"product:price:amount\" content=\"2000000\" \/>\n<meta property=\"product:price:currency\" content=\"VND\" \/>\n<meta property=\"og:availability\" content=\"out of stock\" \/>\n<meta property=\"product:availability\" content=\"out of stock\" \/>\n<meta property=\"product:retailer_item_id\" content=\"xinhan-harley-cu-1\" \/>\n<meta property=\"product:condition\" content=\"new\" \/>\n<!-- \/ Yoast SEO Premium plugin. -->","yoast_head_json":{"title":"B\u1ed9 xi nhan Harley Davidson theo xe - Motor Taburo","robots":{"index":"index","follow":"follow","max-snippet":"max-snippet:-1","max-image-preview":"max-image-preview:large","max-video-preview":"max-video-preview:-1"},"canonical":"https:\/\/motortaburo.com\/en\/san-pham\/xi-nhan-harley-davidson-theo-xe\/","og_locale":"en_US","og_type":"article","og_title":"B\u1ed9 xi nhan Harley Davidson theo xe","og_description":"Set b\u00e1n: 4 c\u00e1i.  Xi nhan zin theo xe.  \u0110\u00e3 qua s\u1eed d\u1ee5ng.  T\u00ecnh tr\u1ea1ng c\u00f2n kh\u00e1 \u0111\u1eb9p.  N\u01b0\u1edbc xi c\u00f3 m\u00e8 nh\u1eb9.","og_url":"https:\/\/motortaburo.com\/san-pham\/xi-nhan-harley-davidson-theo-xe\/","og_site_name":"Motor Taburo - Genuine Motorcycle Parts","article_publisher":"https:\/\/www.facebook.com\/MotorTaburo","article_modified_time":"2026-01-22T11:06:03+00:00","og_image":[{"width":960,"height":960,"url":"https:\/\/tbrracing.vn\/wp-content\/uploads\/2020\/02\/IMG_2395.jpg","type":"image\/jpeg"}],"twitter_card":"summary_large_image","twitter_misc":{"Price":"2.000.000&nbsp;&#8363;","Availability":"Out of stock"},"schema":{"@context":"https:\/\/schema.org","@graph":[{"@type":"WebPage","@id":"https:\/\/motortaburo.com\/en\/san-pham\/xi-nhan-harley-davidson-theo-xe\/","url":"https:\/\/motortaburo.com\/san-pham\/xi-nhan-harley-davidson-theo-xe\/","name":"B\u1ed9 xi nhan Harley Davidson theo xe - Motor Taburo","isPartOf":{"@id":"https:\/\/motortaburo.com\/en\/#website"},"primaryImageOfPage":{"@id":"https:\/\/motortaburo.com\/san-pham\/xi-nhan-harley-davidson-theo-xe\/#primaryimage"},"image":{"@id":"https:\/\/motortaburo.com\/san-pham\/xi-nhan-harley-davidson-theo-xe\/#primaryimage"},"thumbnailUrl":"https:\/\/motortaburo.com\/wp-content\/uploads\/2020\/02\/IMG_2395.jpg","datePublished":"2020-02-18T12:29:56+00:00","dateModified":"2026-01-22T11:06:03+00:00","breadcrumb":{"@id":"https:\/\/motortaburo.com\/san-pham\/xi-nhan-harley-davidson-theo-xe\/#breadcrumb"},"inLanguage":"en-US","potentialAction":[{"@type":"ReadAction","target":["https:\/\/motortaburo.com\/san-pham\/xi-nhan-harley-davidson-theo-xe\/"]}]},{"@type":"ImageObject","inLanguage":"en-US","@id":"https:\/\/motortaburo.com\/san-pham\/xi-nhan-harley-davidson-theo-xe\/#primaryimage","url":"https:\/\/motortaburo.com\/wp-content\/uploads\/2020\/02\/IMG_2395.jpg","contentUrl":"https:\/\/motortaburo.com\/wp-content\/uploads\/2020\/02\/IMG_2395.jpg","width":960,"height":960},{"@type":"BreadcrumbList","@id":"https:\/\/motortaburo.com\/san-pham\/xi-nhan-harley-davidson-theo-xe\/#breadcrumb","itemListElement":[{"@type":"ListItem","position":1,"name":"Home","item":"https:\/\/motortaburo.com\/en\/"},{"@type":"ListItem","position":2,"name":"\u0110\u1ed3 ch\u01a1i xe","item":"https:\/\/motortaburo.com\/do-choi-xe\/"},{"@type":"ListItem","position":3,"name":"B\u1ed9 xi nhan Harley Davidson theo xe"}]},{"@type":"WebSite","@id":"https:\/\/motortaburo.com\/en\/#website","url":"https:\/\/motortaburo.com\/en\/","name":"Motor Taburo - Genuine Motorcycle Parts","description":"We sell Japanese motorcycle parts","publisher":{"@id":"https:\/\/motortaburo.com\/en\/#organization"},"alternateName":"Motor Taburo","potentialAction":[{"@type":"SearchAction","target":{"@type":"EntryPoint","urlTemplate":"https:\/\/motortaburo.com\/en\/?s={search_term_string}"},"query-input":{"@type":"PropertyValueSpecification","valueRequired":true,"valueName":"search_term_string"}}],"inLanguage":"en-US"},{"@type":"Organization","@id":"https:\/\/motortaburo.com\/en\/#organization","name":"Motor Taburo - Genuine Motorcycle Parts","url":"https:\/\/motortaburo.com\/en\/","logo":{"@type":"ImageObject","inLanguage":"en-US","@id":"https:\/\/motortaburo.com\/en\/#\/schema\/logo\/image\/","url":"https:\/\/motortaburo.com\/wp-content\/uploads\/2021\/04\/Motor-Taburo-logo-512.jpg","contentUrl":"https:\/\/motortaburo.com\/wp-content\/uploads\/2021\/04\/Motor-Taburo-logo-512.jpg","width":512,"height":512,"caption":"Motor Taburo - Genuine Motorcycle Parts"},"image":{"@id":"https:\/\/motortaburo.com\/en\/#\/schema\/logo\/image\/"},"sameAs":["https:\/\/www.facebook.com\/MotorTaburo"]}]},"product_price_amount":"2000000","product_price_currency":"VND","og_availability":"out of stock","product_availability":"out of stock","product_retailer_item_id":"xinhan-harley-cu-1","product_condition":"new"},"_links":{"self":[{"href":"https:\/\/motortaburo.com\/en\/wp-json\/wp\/v2\/product\/5844","targetHints":{"allow":["GET"]}}],"collection":[{"href":"https:\/\/motortaburo.com\/en\/wp-json\/wp\/v2\/product"}],"about":[{"href":"https:\/\/motortaburo.com\/en\/wp-json\/wp\/v2\/types\/product"}],"replies":[{"embeddable":true,"href":"https:\/\/motortaburo.com\/en\/wp-json\/wp\/v2\/comments?post=5844"}],"version-history":[{"count":0,"href":"https:\/\/motortaburo.com\/en\/wp-json\/wp\/v2\/product\/5844\/revisions"}],"wp:featuredmedia":[{"embeddable":true,"href":"https:\/\/motortaburo.com\/en\/wp-json\/wp\/v2\/media\/5825"}],"wp:attachment":[{"href":"https:\/\/motortaburo.com\/en\/wp-json\/wp\/v2\/media?parent=5844"}],"wp:term":[{"taxonomy":"product_brand","embeddable":true,"href":"https:\/\/motortaburo.com\/en\/wp-json\/wp\/v2\/product_brand?post=5844"},{"taxonomy":"product_cat","embeddable":true,"href":"https:\/\/motortaburo.com\/en\/wp-json\/wp\/v2\/product_cat?post=5844"},{"taxonomy":"product_tag","embeddable":true,"href":"https:\/\/motortaburo.com\/en\/wp-json\/wp\/v2\/product_tag?post=5844"},{"taxonomy":"danh-sach-xe","embeddable":true,"href":"https:\/\/motortaburo.com\/en\/wp-json\/wp\/v2\/danh-sach-xe?post=5844"}],"curies":[{"name":"wp","href":"https:\/\/api.w.org\/{rel}","templated":true}]}}