{"id":6199,"date":"2020-02-28T13:01:22","date_gmt":"2020-02-28T06:01:22","guid":{"rendered":"https:\/\/motortaburo.com\/?post_type=product&#038;p=6199"},"modified":"2026-01-22T18:06:07","modified_gmt":"2026-01-22T11:06:07","slug":"bugi-ngk-iridium-cr7eix","status":"publish","type":"product","link":"https:\/\/motortaburo.com\/en\/san-pham\/bugi-ngk-iridium-cr7eix\/","title":{"rendered":"Bugi NGK Iridium CR7EIX"},"content":{"rendered":"<p>G\u1eafn c\u00e1c d\u00f2ng xe:<\/p>\n<p><strong>YAMAHA<\/strong><br \/>\nBWs125 (Zuma, MBK Booster)<br \/>\nMT-03 (2016-)<br \/>\nTMAX500 (XP500)<br \/>\nTMAX530 (XP530)<br \/>\nTRICITY125 (MW125)<br \/>\nVOX<br \/>\nXT660R<br \/>\nXT660X<br \/>\nAXISTreet<br \/>\nGEAR<br \/>\nGRAND MAJESTY400 (YP400G)<br \/>\nCYGNUS125<br \/>\nCYGNUS Si<br \/>\nCYGNUS X 125 (NCX125)<br \/>\nCYGNUS X SR (XC125SR)<br \/>\nCyguns X 150<br \/>\nJOG 4st<br \/>\nJOG Deluxe<br \/>\nNews Gear<br \/>\nBWs50 (Zuma, MBK Booster)<br \/>\nVINO 4st<br \/>\nMAJESTY125 (YP125)<\/p>\n<p><strong>SUZUKI<\/strong><br \/>\nGSR250 (GW250, INAZUMA)<br \/>\nBandit1250F (GSX1250F)<br \/>\nGSX400<br \/>\nINTRUDER250 (VL250)<br \/>\nAVENIS125<br \/>\nAVENIS150<br \/>\nGEMMA<br \/>\nSKYWAVE250 (Burgman 250)<br \/>\nSKYWAVE400 (Burgman 400)<br \/>\nSkywave 400 Type S<br \/>\nBurgman 650 (SKYWAVE650)<br \/>\nSkywave 650LX<br \/>\nSKYWAVE250 &#8220;CJ45A -&#8221;<br \/>\nSkywave SS<br \/>\nBOULEVARD M109R (INTRUDER M1800R, VZR1800)<br \/>\nVECSTAR125<br \/>\nVECSTAR150<\/p>\n<p><strong>KAWASAKI<\/strong><br \/>\nVULCAN 800 (VN800)<br \/>\nVULCAN800 CLASSIC (VN800B)<br \/>\nEPSILON150<br \/>\nEPSILON 250<br \/>\nELIMINATOR125 (EL125)<br \/>\nVULCAN400 (VN400)<br \/>\nVULCAN800 DRIFTER (VN800)<br \/>\nVulcan 400II<\/p>\n<p>W650<\/p>\n<p>W800<\/p>\n<p><strong>APRILIA<\/strong><br \/>\nPEGASO650 STRADA<\/p>\n<p><strong>BENELLI<\/strong><br \/>\nADIVA125<br \/>\nADIVA150<\/p>\n<p><strong>HUSQVARNA<\/strong><br \/>\nSM570R<br \/>\nSM610<br \/>\nSM610R<br \/>\nSM610S<br \/>\nTE610<\/p>\n<p><strong>PGO<\/strong><br \/>\nG-MAX125<br \/>\nG-MAX150<br \/>\nG-MAX200<br \/>\nG-MAX220<br \/>\nX-HOT150<br \/>\nTIGRA125<\/p>\n<p><strong>PIAGGIO<\/strong><br \/>\nLIBERTY125LE<\/p>\n<p><strong>SYM<\/strong><br \/>\nJETPOWER125<br \/>\nRV125i<br \/>\nRV200i<\/p>\n<p><strong>Vespa<\/strong><br \/>\n150ET4<\/p>\n","protected":false},"excerpt":{"rendered":"<p>S\u1ed1 l\u01b0\u1ee3ng b\u00e1n: 1 c\u00e1i.<\/p>\n<p>H\u00e0ng n\u1ed9i \u0111\u1ecba Nh\u1eadt B\u1ea3n.<\/p>\n<p>S\u1ea3n xu\u1ea5t t\u1ea1i Nh\u1eadt B\u1ea3n.<\/p>\n","protected":false},"featured_media":6146,"comment_status":"open","ping_status":"closed","template":"","meta":[],"product_brand":[],"product_cat":[102],"product_tag":[],"danh-sach-xe":[1819,1818],"class_list":{"0":"post-6199","1":"product","2":"type-product","3":"status-publish","4":"has-post-thumbnail","6":"product_cat-he-thong-danh-lua","7":"danh-sach-xe-w650","8":"danh-sach-xe-w800","10":"first","11":"instock","12":"shipping-taxable","13":"purchasable","14":"product-type-simple"},"yoast_head":"<!-- This site is optimized with the Yoast SEO Premium plugin v23.3 (Yoast SEO v27.0) - https:\/\/yoast.com\/product\/yoast-seo-premium-wordpress\/ -->\n<title>Bugi NGK Iridium CR7EIX - Motor Taburo<\/title>\n<meta name=\"robots\" content=\"index, follow, max-snippet:-1, max-image-preview:large, max-video-preview:-1\" \/>\n<link rel=\"canonical\" href=\"https:\/\/motortaburo.com\/en\/san-pham\/bugi-ngk-iridium-cr7eix\/\" \/>\n<meta property=\"og:locale\" content=\"en_US\" \/>\n<meta property=\"og:type\" content=\"article\" \/>\n<meta property=\"og:title\" content=\"Bugi NGK Iridium CR7EIX\" \/>\n<meta property=\"og:description\" content=\"S\u1ed1 l\u01b0\u1ee3ng b\u00e1n: 1 c\u00e1i.  H\u00e0ng n\u1ed9i \u0111\u1ecba Nh\u1eadt B\u1ea3n.  S\u1ea3n xu\u1ea5t t\u1ea1i Nh\u1eadt B\u1ea3n.\" \/>\n<meta property=\"og:url\" content=\"https:\/\/motortaburo.com\/en\/san-pham\/bugi-ngk-iridium-cr7eix\/\" \/>\n<meta property=\"og:site_name\" content=\"Motor Taburo - Genuine Motorcycle Parts\" \/>\n<meta property=\"article:publisher\" content=\"https:\/\/www.facebook.com\/MotorTaburo\" \/>\n<meta property=\"article:modified_time\" content=\"2026-01-22T11:06:07+00:00\" \/>\n<meta property=\"og:image\" content=\"https:\/\/motortaburo.com\/wp-content\/uploads\/2020\/02\/IMG_2631.jpg\" \/>\n\t<meta property=\"og:image:width\" content=\"960\" \/>\n\t<meta property=\"og:image:height\" content=\"960\" \/>\n\t<meta property=\"og:image:type\" content=\"image\/jpeg\" \/>\n<meta name=\"twitter:card\" content=\"summary_large_image\" \/>\n<meta name=\"twitter:label1\" content=\"Price\" \/>\n\t<meta name=\"twitter:data1\" content=\"410.000&nbsp;&#8363;\" \/>\n\t<meta name=\"twitter:label2\" content=\"Availability\" \/>\n\t<meta name=\"twitter:data2\" content=\"In stock\" \/>\n<script type=\"application\/ld+json\" class=\"yoast-schema-graph\">{\"@context\":\"https:\/\/schema.org\",\"@graph\":[{\"@type\":\"WebPage\",\"@id\":\"https:\/\/motortaburo.com\/en\/san-pham\/bugi-ngk-iridium-cr7eix\/\",\"url\":\"https:\/\/motortaburo.com\/en\/san-pham\/bugi-ngk-iridium-cr7eix\/\",\"name\":\"Bugi NGK Iridium CR7EIX - Motor Taburo\",\"isPartOf\":{\"@id\":\"https:\/\/motortaburo.com\/en\/#website\"},\"primaryImageOfPage\":{\"@id\":\"https:\/\/motortaburo.com\/en\/san-pham\/bugi-ngk-iridium-cr7eix\/#primaryimage\"},\"image\":{\"@id\":\"https:\/\/motortaburo.com\/en\/san-pham\/bugi-ngk-iridium-cr7eix\/#primaryimage\"},\"thumbnailUrl\":\"https:\/\/motortaburo.com\/wp-content\/uploads\/2020\/02\/IMG_2631.jpg\",\"datePublished\":\"2020-02-28T06:01:22+00:00\",\"dateModified\":\"2026-01-22T11:06:07+00:00\",\"breadcrumb\":{\"@id\":\"https:\/\/motortaburo.com\/en\/san-pham\/bugi-ngk-iridium-cr7eix\/#breadcrumb\"},\"inLanguage\":\"en-US\",\"potentialAction\":[{\"@type\":\"ReadAction\",\"target\":[\"https:\/\/motortaburo.com\/en\/san-pham\/bugi-ngk-iridium-cr7eix\/\"]}]},{\"@type\":\"ImageObject\",\"inLanguage\":\"en-US\",\"@id\":\"https:\/\/motortaburo.com\/en\/san-pham\/bugi-ngk-iridium-cr7eix\/#primaryimage\",\"url\":\"https:\/\/motortaburo.com\/wp-content\/uploads\/2020\/02\/IMG_2631.jpg\",\"contentUrl\":\"https:\/\/motortaburo.com\/wp-content\/uploads\/2020\/02\/IMG_2631.jpg\",\"width\":960,\"height\":960},{\"@type\":\"BreadcrumbList\",\"@id\":\"https:\/\/motortaburo.com\/en\/san-pham\/bugi-ngk-iridium-cr7eix\/#breadcrumb\",\"itemListElement\":[{\"@type\":\"ListItem\",\"position\":1,\"name\":\"Home\",\"item\":\"https:\/\/motortaburo.com\/en\/\"},{\"@type\":\"ListItem\",\"position\":2,\"name\":\"\u0110\u1ed3 ch\u01a1i xe\",\"item\":\"https:\/\/motortaburo.com\/do-choi-xe\/\"},{\"@type\":\"ListItem\",\"position\":3,\"name\":\"Bugi NGK Iridium CR7EIX\"}]},{\"@type\":\"WebSite\",\"@id\":\"https:\/\/motortaburo.com\/en\/#website\",\"url\":\"https:\/\/motortaburo.com\/en\/\",\"name\":\"Motor Taburo - Genuine Motorcycle Parts\",\"description\":\"We sell Japanese motorcycle parts\",\"publisher\":{\"@id\":\"https:\/\/motortaburo.com\/en\/#organization\"},\"alternateName\":\"Motor Taburo\",\"potentialAction\":[{\"@type\":\"SearchAction\",\"target\":{\"@type\":\"EntryPoint\",\"urlTemplate\":\"https:\/\/motortaburo.com\/en\/?s={search_term_string}\"},\"query-input\":{\"@type\":\"PropertyValueSpecification\",\"valueRequired\":true,\"valueName\":\"search_term_string\"}}],\"inLanguage\":\"en-US\"},{\"@type\":\"Organization\",\"@id\":\"https:\/\/motortaburo.com\/en\/#organization\",\"name\":\"Motor Taburo - Genuine Motorcycle Parts\",\"url\":\"https:\/\/motortaburo.com\/en\/\",\"logo\":{\"@type\":\"ImageObject\",\"inLanguage\":\"en-US\",\"@id\":\"https:\/\/motortaburo.com\/en\/#\/schema\/logo\/image\/\",\"url\":\"https:\/\/motortaburo.com\/wp-content\/uploads\/2021\/04\/Motor-Taburo-logo-512.jpg\",\"contentUrl\":\"https:\/\/motortaburo.com\/wp-content\/uploads\/2021\/04\/Motor-Taburo-logo-512.jpg\",\"width\":512,\"height\":512,\"caption\":\"Motor Taburo - Genuine Motorcycle Parts\"},\"image\":{\"@id\":\"https:\/\/motortaburo.com\/en\/#\/schema\/logo\/image\/\"},\"sameAs\":[\"https:\/\/www.facebook.com\/MotorTaburo\"]}]}<\/script>\n<meta property=\"product:brand\" content=\"NGK\" \/>\n<meta property=\"product:price:amount\" content=\"410000\" \/>\n<meta property=\"product:price:currency\" content=\"VND\" \/>\n<meta property=\"og:availability\" content=\"instock\" \/>\n<meta property=\"product:availability\" content=\"instock\" \/>\n<meta property=\"product:retailer_item_id\" content=\"CR7EIX\" \/>\n<meta property=\"product:condition\" content=\"new\" \/>\n<!-- \/ Yoast SEO Premium plugin. -->","yoast_head_json":{"title":"Bugi NGK Iridium CR7EIX - Motor Taburo","robots":{"index":"index","follow":"follow","max-snippet":"max-snippet:-1","max-image-preview":"max-image-preview:large","max-video-preview":"max-video-preview:-1"},"canonical":"https:\/\/motortaburo.com\/en\/san-pham\/bugi-ngk-iridium-cr7eix\/","og_locale":"en_US","og_type":"article","og_title":"Bugi NGK Iridium CR7EIX","og_description":"S\u1ed1 l\u01b0\u1ee3ng b\u00e1n: 1 c\u00e1i.  H\u00e0ng n\u1ed9i \u0111\u1ecba Nh\u1eadt B\u1ea3n.  S\u1ea3n xu\u1ea5t t\u1ea1i Nh\u1eadt B\u1ea3n.","og_url":"https:\/\/motortaburo.com\/en\/san-pham\/bugi-ngk-iridium-cr7eix\/","og_site_name":"Motor Taburo - Genuine Motorcycle Parts","article_publisher":"https:\/\/www.facebook.com\/MotorTaburo","article_modified_time":"2026-01-22T11:06:07+00:00","og_image":[{"width":960,"height":960,"url":"https:\/\/motortaburo.com\/wp-content\/uploads\/2020\/02\/IMG_2631.jpg","type":"image\/jpeg"}],"twitter_card":"summary_large_image","twitter_misc":{"Price":"410.000&nbsp;&#8363;","Availability":"In stock"},"schema":{"@context":"https:\/\/schema.org","@graph":[{"@type":"WebPage","@id":"https:\/\/motortaburo.com\/en\/san-pham\/bugi-ngk-iridium-cr7eix\/","url":"https:\/\/motortaburo.com\/en\/san-pham\/bugi-ngk-iridium-cr7eix\/","name":"Bugi NGK Iridium CR7EIX - Motor Taburo","isPartOf":{"@id":"https:\/\/motortaburo.com\/en\/#website"},"primaryImageOfPage":{"@id":"https:\/\/motortaburo.com\/en\/san-pham\/bugi-ngk-iridium-cr7eix\/#primaryimage"},"image":{"@id":"https:\/\/motortaburo.com\/en\/san-pham\/bugi-ngk-iridium-cr7eix\/#primaryimage"},"thumbnailUrl":"https:\/\/motortaburo.com\/wp-content\/uploads\/2020\/02\/IMG_2631.jpg","datePublished":"2020-02-28T06:01:22+00:00","dateModified":"2026-01-22T11:06:07+00:00","breadcrumb":{"@id":"https:\/\/motortaburo.com\/en\/san-pham\/bugi-ngk-iridium-cr7eix\/#breadcrumb"},"inLanguage":"en-US","potentialAction":[{"@type":"ReadAction","target":["https:\/\/motortaburo.com\/en\/san-pham\/bugi-ngk-iridium-cr7eix\/"]}]},{"@type":"ImageObject","inLanguage":"en-US","@id":"https:\/\/motortaburo.com\/en\/san-pham\/bugi-ngk-iridium-cr7eix\/#primaryimage","url":"https:\/\/motortaburo.com\/wp-content\/uploads\/2020\/02\/IMG_2631.jpg","contentUrl":"https:\/\/motortaburo.com\/wp-content\/uploads\/2020\/02\/IMG_2631.jpg","width":960,"height":960},{"@type":"BreadcrumbList","@id":"https:\/\/motortaburo.com\/en\/san-pham\/bugi-ngk-iridium-cr7eix\/#breadcrumb","itemListElement":[{"@type":"ListItem","position":1,"name":"Home","item":"https:\/\/motortaburo.com\/en\/"},{"@type":"ListItem","position":2,"name":"\u0110\u1ed3 ch\u01a1i xe","item":"https:\/\/motortaburo.com\/do-choi-xe\/"},{"@type":"ListItem","position":3,"name":"Bugi NGK Iridium CR7EIX"}]},{"@type":"WebSite","@id":"https:\/\/motortaburo.com\/en\/#website","url":"https:\/\/motortaburo.com\/en\/","name":"Motor Taburo - Genuine Motorcycle Parts","description":"We sell Japanese motorcycle parts","publisher":{"@id":"https:\/\/motortaburo.com\/en\/#organization"},"alternateName":"Motor Taburo","potentialAction":[{"@type":"SearchAction","target":{"@type":"EntryPoint","urlTemplate":"https:\/\/motortaburo.com\/en\/?s={search_term_string}"},"query-input":{"@type":"PropertyValueSpecification","valueRequired":true,"valueName":"search_term_string"}}],"inLanguage":"en-US"},{"@type":"Organization","@id":"https:\/\/motortaburo.com\/en\/#organization","name":"Motor Taburo - Genuine Motorcycle Parts","url":"https:\/\/motortaburo.com\/en\/","logo":{"@type":"ImageObject","inLanguage":"en-US","@id":"https:\/\/motortaburo.com\/en\/#\/schema\/logo\/image\/","url":"https:\/\/motortaburo.com\/wp-content\/uploads\/2021\/04\/Motor-Taburo-logo-512.jpg","contentUrl":"https:\/\/motortaburo.com\/wp-content\/uploads\/2021\/04\/Motor-Taburo-logo-512.jpg","width":512,"height":512,"caption":"Motor Taburo - Genuine Motorcycle Parts"},"image":{"@id":"https:\/\/motortaburo.com\/en\/#\/schema\/logo\/image\/"},"sameAs":["https:\/\/www.facebook.com\/MotorTaburo"]}]},"product_brand":"NGK","product_price_amount":"410000","product_price_currency":"VND","og_availability":"instock","product_availability":"instock","product_retailer_item_id":"CR7EIX","product_condition":"new"},"_links":{"self":[{"href":"https:\/\/motortaburo.com\/en\/wp-json\/wp\/v2\/product\/6199","targetHints":{"allow":["GET"]}}],"collection":[{"href":"https:\/\/motortaburo.com\/en\/wp-json\/wp\/v2\/product"}],"about":[{"href":"https:\/\/motortaburo.com\/en\/wp-json\/wp\/v2\/types\/product"}],"replies":[{"embeddable":true,"href":"https:\/\/motortaburo.com\/en\/wp-json\/wp\/v2\/comments?post=6199"}],"version-history":[{"count":0,"href":"https:\/\/motortaburo.com\/en\/wp-json\/wp\/v2\/product\/6199\/revisions"}],"wp:featuredmedia":[{"embeddable":true,"href":"https:\/\/motortaburo.com\/en\/wp-json\/wp\/v2\/media\/6146"}],"wp:attachment":[{"href":"https:\/\/motortaburo.com\/en\/wp-json\/wp\/v2\/media?parent=6199"}],"wp:term":[{"taxonomy":"product_brand","embeddable":true,"href":"https:\/\/motortaburo.com\/en\/wp-json\/wp\/v2\/product_brand?post=6199"},{"taxonomy":"product_cat","embeddable":true,"href":"https:\/\/motortaburo.com\/en\/wp-json\/wp\/v2\/product_cat?post=6199"},{"taxonomy":"product_tag","embeddable":true,"href":"https:\/\/motortaburo.com\/en\/wp-json\/wp\/v2\/product_tag?post=6199"},{"taxonomy":"danh-sach-xe","embeddable":true,"href":"https:\/\/motortaburo.com\/en\/wp-json\/wp\/v2\/danh-sach-xe?post=6199"}],"curies":[{"name":"wp","href":"https:\/\/api.w.org\/{rel}","templated":true}]}}