{"id":6248,"date":"2020-03-11T18:25:31","date_gmt":"2020-03-11T11:25:31","guid":{"rendered":"https:\/\/motortaburo.com\/?post_type=product&#038;p=6248"},"modified":"2026-01-22T18:06:44","modified_gmt":"2026-01-22T11:06:44","slug":"day-xang-kitaco","status":"publish","type":"product","link":"https:\/\/motortaburo.com\/en\/san-pham\/day-xang-kitaco\/","title":{"rendered":"D\u00e2y x\u0103ng Kitaco"},"content":{"rendered":"<p>C\u00f3 2 m\u00e0u: Xanh v\u00e0 H\u1ed3ng.<\/p>\n<p>N\u1ebfu c\u00f3 b\u1ee5i ho\u1eb7c n\u01b0\u1edbc l\u1ecdt v\u00e0o th\u00ec b\u1ea1n c\u00f3 th\u1ec3 th\u1ea5y \u0111\u01b0\u1ee3c v\u00ec d\u00e2y trong su\u1ed1t.<\/p>\n<p>M\u00e0u h\u1ed3ng m\u1ec1m v\u00e0 d\u1ebbo, m\u00f9a \u0111\u00f4ng d\u00e2y kh\u00f4ng b\u1ecb c\u1ee9ng th\u00edch h\u1ee3p l\u00e0m \u1ed1ng d\u1eabn x\u0103ng.<\/p>\n<p>M\u00e0u xanh c\u00f3 \u0111\u1ed9 c\u1ee9ng v\u1eeba v\u00e0 v\u1eabn c\u00f3 \u0111\u00f4 d\u1ebbo, ch\u1ea5t l\u01b0\u1ee3ng trung b\u00ecnh, b\u1ea1n c\u00f3 th\u1ec3 g\u1eafn t\u1eeb b\u00ecnh x\u0103ng l\u1edbn v\u00e0o b\u00ecnh x\u0103ng con ho\u1eb7c l\u00e0m d\u00e2y x\u0103ng d\u01b0 c\u1ee7a b\u00ecnh x\u0103ng con \u0111\u1ec1u \u0111\u01b0\u1ee3c.<\/p>\n<p>\u0110\u1ed9 b\u1ec1n c\u1ee7a d\u00e2y kh\u00f4ng b\u1ec1n b\u1eb1ng d\u00e2y \u0111en th\u00f4ng th\u01b0\u1eddng, v\u00ec v\u1eady c\u1ea7n \u0111\u01b0\u1ee3c thay th\u1ebf th\u01b0\u1eddng xuy\u00ean.<\/p>\n<p>&nbsp;<\/p>\n","protected":false},"excerpt":{"rendered":"<p>Set b\u00e1n: 1 d\u00e2y.<\/p>\n<p>Chi\u1ec1u d\u00e0i: 1 m\u00e9t.<\/p>\n<p>C\u00f3 3 lo\u1ea1i d\u00e2y: \u0110\u01b0\u1eddng k\u00ednh trong 5mm, 6mm v\u00e0 8mm.<\/p>\n<p>S\u1ea3n xu\u1ea5t t\u1ea1i Nh\u1eadt B\u1ea3n.<\/p>\n","protected":false},"featured_media":6254,"comment_status":"open","ping_status":"closed","template":"","meta":[],"product_brand":[],"product_cat":[234],"product_tag":[645,646],"danh-sach-xe":[],"class_list":{"0":"post-6248","1":"product","2":"type-product","3":"status-publish","4":"has-post-thumbnail","6":"product_cat-loc-xang-day-xang","7":"product_tag-day-xang","8":"product_tag-ong-xang","10":"first","11":"outofstock","12":"featured","13":"shipping-taxable","14":"purchasable","15":"product-type-variable"},"yoast_head":"<!-- This site is optimized with the Yoast SEO Premium plugin v23.3 (Yoast SEO v27.0) - https:\/\/yoast.com\/product\/yoast-seo-premium-wordpress\/ -->\n<title>D\u00e2y x\u0103ng Kitaco - Motor Taburo<\/title>\n<meta name=\"robots\" content=\"index, follow, max-snippet:-1, max-image-preview:large, max-video-preview:-1\" \/>\n<link rel=\"canonical\" href=\"https:\/\/motortaburo.com\/en\/san-pham\/day-xang-kitaco\/\" \/>\n<meta property=\"og:locale\" content=\"en_US\" \/>\n<meta property=\"og:type\" content=\"article\" \/>\n<meta property=\"og:title\" content=\"D\u00e2y x\u0103ng Kitaco\" \/>\n<meta property=\"og:description\" content=\"Set b\u00e1n: 1 d\u00e2y.  Chi\u1ec1u d\u00e0i: 1 m\u00e9t.  C\u00f3 3 lo\u1ea1i d\u00e2y: \u0110\u01b0\u1eddng k\u00ednh trong 5mm, 6mm v\u00e0 8mm.  S\u1ea3n xu\u1ea5t t\u1ea1i Nh\u1eadt B\u1ea3n.\" \/>\n<meta property=\"og:url\" content=\"https:\/\/motortaburo.com\/en\/san-pham\/day-xang-kitaco\/\" \/>\n<meta property=\"og:site_name\" content=\"Motor Taburo - Genuine Motorcycle Parts\" \/>\n<meta property=\"article:publisher\" content=\"https:\/\/www.facebook.com\/MotorTaburo\" \/>\n<meta property=\"article:modified_time\" content=\"2026-01-22T11:06:44+00:00\" \/>\n<meta property=\"og:image\" content=\"https:\/\/motortaburo.com\/wp-content\/uploads\/2020\/03\/20171006_081955.jpg\" \/>\n\t<meta property=\"og:image:width\" content=\"1024\" \/>\n\t<meta property=\"og:image:height\" content=\"768\" \/>\n\t<meta property=\"og:image:type\" content=\"image\/jpeg\" \/>\n<meta name=\"twitter:card\" content=\"summary_large_image\" \/>\n<meta name=\"twitter:label1\" content=\"Availability\" \/>\n\t<meta name=\"twitter:data1\" content=\"Out of stock\" \/>\n<script type=\"application\/ld+json\" class=\"yoast-schema-graph\">{\"@context\":\"https:\/\/schema.org\",\"@graph\":[{\"@type\":\"WebPage\",\"@id\":\"https:\/\/motortaburo.com\/en\/san-pham\/day-xang-kitaco\/\",\"url\":\"https:\/\/motortaburo.com\/en\/san-pham\/day-xang-kitaco\/\",\"name\":\"D\u00e2y x\u0103ng Kitaco - Motor Taburo\",\"isPartOf\":{\"@id\":\"https:\/\/motortaburo.com\/en\/#website\"},\"primaryImageOfPage\":{\"@id\":\"https:\/\/motortaburo.com\/en\/san-pham\/day-xang-kitaco\/#primaryimage\"},\"image\":{\"@id\":\"https:\/\/motortaburo.com\/en\/san-pham\/day-xang-kitaco\/#primaryimage\"},\"thumbnailUrl\":\"https:\/\/motortaburo.com\/wp-content\/uploads\/2020\/03\/20171006_081955.jpg\",\"datePublished\":\"2020-03-11T11:25:31+00:00\",\"dateModified\":\"2026-01-22T11:06:44+00:00\",\"breadcrumb\":{\"@id\":\"https:\/\/motortaburo.com\/en\/san-pham\/day-xang-kitaco\/#breadcrumb\"},\"inLanguage\":\"en-US\",\"potentialAction\":[{\"@type\":\"ReadAction\",\"target\":[\"https:\/\/motortaburo.com\/en\/san-pham\/day-xang-kitaco\/\"]}]},{\"@type\":\"ImageObject\",\"inLanguage\":\"en-US\",\"@id\":\"https:\/\/motortaburo.com\/en\/san-pham\/day-xang-kitaco\/#primaryimage\",\"url\":\"https:\/\/motortaburo.com\/wp-content\/uploads\/2020\/03\/20171006_081955.jpg\",\"contentUrl\":\"https:\/\/motortaburo.com\/wp-content\/uploads\/2020\/03\/20171006_081955.jpg\",\"width\":1024,\"height\":768},{\"@type\":\"BreadcrumbList\",\"@id\":\"https:\/\/motortaburo.com\/en\/san-pham\/day-xang-kitaco\/#breadcrumb\",\"itemListElement\":[{\"@type\":\"ListItem\",\"position\":1,\"name\":\"Home\",\"item\":\"https:\/\/motortaburo.com\/en\/\"},{\"@type\":\"ListItem\",\"position\":2,\"name\":\"\u0110\u1ed3 ch\u01a1i xe\",\"item\":\"https:\/\/motortaburo.com\/do-choi-xe\/\"},{\"@type\":\"ListItem\",\"position\":3,\"name\":\"D\u00e2y x\u0103ng Kitaco\"}]},{\"@type\":\"WebSite\",\"@id\":\"https:\/\/motortaburo.com\/en\/#website\",\"url\":\"https:\/\/motortaburo.com\/en\/\",\"name\":\"Motor Taburo - Genuine Motorcycle Parts\",\"description\":\"We sell Japanese motorcycle parts\",\"publisher\":{\"@id\":\"https:\/\/motortaburo.com\/en\/#organization\"},\"alternateName\":\"Motor Taburo\",\"potentialAction\":[{\"@type\":\"SearchAction\",\"target\":{\"@type\":\"EntryPoint\",\"urlTemplate\":\"https:\/\/motortaburo.com\/en\/?s={search_term_string}\"},\"query-input\":{\"@type\":\"PropertyValueSpecification\",\"valueRequired\":true,\"valueName\":\"search_term_string\"}}],\"inLanguage\":\"en-US\"},{\"@type\":\"Organization\",\"@id\":\"https:\/\/motortaburo.com\/en\/#organization\",\"name\":\"Motor Taburo - Genuine Motorcycle Parts\",\"url\":\"https:\/\/motortaburo.com\/en\/\",\"logo\":{\"@type\":\"ImageObject\",\"inLanguage\":\"en-US\",\"@id\":\"https:\/\/motortaburo.com\/en\/#\/schema\/logo\/image\/\",\"url\":\"https:\/\/motortaburo.com\/wp-content\/uploads\/2021\/04\/Motor-Taburo-logo-512.jpg\",\"contentUrl\":\"https:\/\/motortaburo.com\/wp-content\/uploads\/2021\/04\/Motor-Taburo-logo-512.jpg\",\"width\":512,\"height\":512,\"caption\":\"Motor Taburo - Genuine Motorcycle Parts\"},\"image\":{\"@id\":\"https:\/\/motortaburo.com\/en\/#\/schema\/logo\/image\/\"},\"sameAs\":[\"https:\/\/www.facebook.com\/MotorTaburo\"]}]}<\/script>\n<meta property=\"product:brand\" content=\"Kitaco\" \/>\n<meta property=\"og:availability\" content=\"out of stock\" \/>\n<meta property=\"product:availability\" content=\"out of stock\" \/>\n<meta property=\"product:condition\" content=\"new\" \/>\n<!-- \/ Yoast SEO Premium plugin. -->","yoast_head_json":{"title":"D\u00e2y x\u0103ng Kitaco - Motor Taburo","robots":{"index":"index","follow":"follow","max-snippet":"max-snippet:-1","max-image-preview":"max-image-preview:large","max-video-preview":"max-video-preview:-1"},"canonical":"https:\/\/motortaburo.com\/en\/san-pham\/day-xang-kitaco\/","og_locale":"en_US","og_type":"article","og_title":"D\u00e2y x\u0103ng Kitaco","og_description":"Set b\u00e1n: 1 d\u00e2y.  Chi\u1ec1u d\u00e0i: 1 m\u00e9t.  C\u00f3 3 lo\u1ea1i d\u00e2y: \u0110\u01b0\u1eddng k\u00ednh trong 5mm, 6mm v\u00e0 8mm.  S\u1ea3n xu\u1ea5t t\u1ea1i Nh\u1eadt B\u1ea3n.","og_url":"https:\/\/motortaburo.com\/en\/san-pham\/day-xang-kitaco\/","og_site_name":"Motor Taburo - Genuine Motorcycle Parts","article_publisher":"https:\/\/www.facebook.com\/MotorTaburo","article_modified_time":"2026-01-22T11:06:44+00:00","og_image":[{"width":1024,"height":768,"url":"https:\/\/motortaburo.com\/wp-content\/uploads\/2020\/03\/20171006_081955.jpg","type":"image\/jpeg"}],"twitter_card":"summary_large_image","twitter_misc":{"Availability":"Out of stock"},"schema":{"@context":"https:\/\/schema.org","@graph":[{"@type":"WebPage","@id":"https:\/\/motortaburo.com\/en\/san-pham\/day-xang-kitaco\/","url":"https:\/\/motortaburo.com\/en\/san-pham\/day-xang-kitaco\/","name":"D\u00e2y x\u0103ng Kitaco - Motor Taburo","isPartOf":{"@id":"https:\/\/motortaburo.com\/en\/#website"},"primaryImageOfPage":{"@id":"https:\/\/motortaburo.com\/en\/san-pham\/day-xang-kitaco\/#primaryimage"},"image":{"@id":"https:\/\/motortaburo.com\/en\/san-pham\/day-xang-kitaco\/#primaryimage"},"thumbnailUrl":"https:\/\/motortaburo.com\/wp-content\/uploads\/2020\/03\/20171006_081955.jpg","datePublished":"2020-03-11T11:25:31+00:00","dateModified":"2026-01-22T11:06:44+00:00","breadcrumb":{"@id":"https:\/\/motortaburo.com\/en\/san-pham\/day-xang-kitaco\/#breadcrumb"},"inLanguage":"en-US","potentialAction":[{"@type":"ReadAction","target":["https:\/\/motortaburo.com\/en\/san-pham\/day-xang-kitaco\/"]}]},{"@type":"ImageObject","inLanguage":"en-US","@id":"https:\/\/motortaburo.com\/en\/san-pham\/day-xang-kitaco\/#primaryimage","url":"https:\/\/motortaburo.com\/wp-content\/uploads\/2020\/03\/20171006_081955.jpg","contentUrl":"https:\/\/motortaburo.com\/wp-content\/uploads\/2020\/03\/20171006_081955.jpg","width":1024,"height":768},{"@type":"BreadcrumbList","@id":"https:\/\/motortaburo.com\/en\/san-pham\/day-xang-kitaco\/#breadcrumb","itemListElement":[{"@type":"ListItem","position":1,"name":"Home","item":"https:\/\/motortaburo.com\/en\/"},{"@type":"ListItem","position":2,"name":"\u0110\u1ed3 ch\u01a1i xe","item":"https:\/\/motortaburo.com\/do-choi-xe\/"},{"@type":"ListItem","position":3,"name":"D\u00e2y x\u0103ng Kitaco"}]},{"@type":"WebSite","@id":"https:\/\/motortaburo.com\/en\/#website","url":"https:\/\/motortaburo.com\/en\/","name":"Motor Taburo - Genuine Motorcycle Parts","description":"We sell Japanese motorcycle parts","publisher":{"@id":"https:\/\/motortaburo.com\/en\/#organization"},"alternateName":"Motor Taburo","potentialAction":[{"@type":"SearchAction","target":{"@type":"EntryPoint","urlTemplate":"https:\/\/motortaburo.com\/en\/?s={search_term_string}"},"query-input":{"@type":"PropertyValueSpecification","valueRequired":true,"valueName":"search_term_string"}}],"inLanguage":"en-US"},{"@type":"Organization","@id":"https:\/\/motortaburo.com\/en\/#organization","name":"Motor Taburo - Genuine Motorcycle Parts","url":"https:\/\/motortaburo.com\/en\/","logo":{"@type":"ImageObject","inLanguage":"en-US","@id":"https:\/\/motortaburo.com\/en\/#\/schema\/logo\/image\/","url":"https:\/\/motortaburo.com\/wp-content\/uploads\/2021\/04\/Motor-Taburo-logo-512.jpg","contentUrl":"https:\/\/motortaburo.com\/wp-content\/uploads\/2021\/04\/Motor-Taburo-logo-512.jpg","width":512,"height":512,"caption":"Motor Taburo - Genuine Motorcycle Parts"},"image":{"@id":"https:\/\/motortaburo.com\/en\/#\/schema\/logo\/image\/"},"sameAs":["https:\/\/www.facebook.com\/MotorTaburo"]}]},"product_brand":"Kitaco","og_availability":"out of stock","product_availability":"out of stock","product_condition":"new"},"_links":{"self":[{"href":"https:\/\/motortaburo.com\/en\/wp-json\/wp\/v2\/product\/6248","targetHints":{"allow":["GET"]}}],"collection":[{"href":"https:\/\/motortaburo.com\/en\/wp-json\/wp\/v2\/product"}],"about":[{"href":"https:\/\/motortaburo.com\/en\/wp-json\/wp\/v2\/types\/product"}],"replies":[{"embeddable":true,"href":"https:\/\/motortaburo.com\/en\/wp-json\/wp\/v2\/comments?post=6248"}],"version-history":[{"count":0,"href":"https:\/\/motortaburo.com\/en\/wp-json\/wp\/v2\/product\/6248\/revisions"}],"wp:featuredmedia":[{"embeddable":true,"href":"https:\/\/motortaburo.com\/en\/wp-json\/wp\/v2\/media\/6254"}],"wp:attachment":[{"href":"https:\/\/motortaburo.com\/en\/wp-json\/wp\/v2\/media?parent=6248"}],"wp:term":[{"taxonomy":"product_brand","embeddable":true,"href":"https:\/\/motortaburo.com\/en\/wp-json\/wp\/v2\/product_brand?post=6248"},{"taxonomy":"product_cat","embeddable":true,"href":"https:\/\/motortaburo.com\/en\/wp-json\/wp\/v2\/product_cat?post=6248"},{"taxonomy":"product_tag","embeddable":true,"href":"https:\/\/motortaburo.com\/en\/wp-json\/wp\/v2\/product_tag?post=6248"},{"taxonomy":"danh-sach-xe","embeddable":true,"href":"https:\/\/motortaburo.com\/en\/wp-json\/wp\/v2\/danh-sach-xe?post=6248"}],"curies":[{"name":"wp","href":"https:\/\/api.w.org\/{rel}","templated":true}]}}