{"id":7334,"date":"2020-03-28T18:35:07","date_gmt":"2020-03-28T11:35:07","guid":{"rendered":"https:\/\/motortaburo.com\/?post_type=product&#038;p=7334"},"modified":"2026-01-22T18:07:34","modified_gmt":"2026-01-22T11:07:34","slug":"phoi-chia-khoa-takegawa-cho-cub-cd50","status":"publish","type":"product","link":"https:\/\/motortaburo.com\/en\/san-pham\/phoi-chia-khoa-takegawa-cho-cub-cd50\/","title":{"rendered":"Ph\u00f4i ch\u00eca kh\u00f3a Takegawa cho cub, CD50"},"content":{"rendered":"<p>Qu\u00fd kh\u00e1ch mua v\u1ec1 mang ra ti\u1ec7m \u0111\u00e1nh theo ch\u00eca \u0111ang x\u00e0i tr\u00ean xe.<\/p>\n<p>Khi mua nh\u1edb so v\u1edbi ch\u00eca \u0111ang x\u00e0i c\u1ee7a m\u00ecnh \u0111\u1ec3 ch\u1ecdn \u0111\u00fang lo\u1ea1i ch\u00eca.<\/p>\n<p>C\u00e1ch nh\u1eadn bi\u1ebft lo\u1ea1i ch\u00eca \u0111ang x\u00e0i: B\u1ea1n c\u1ea7m ch\u00eca kh\u00f3a, quay m\u0169i ch\u00eca kh\u00f3a theo h\u01b0\u1edbng t\u1eeb tr\u00ean xu\u1ed1ng, sau \u0111\u00f3 nh\u00ecn v\u00e0o ch\u00eca xem ch\u1ed7 l\u00f5m c\u1ee7a ch\u00eca kh\u00f3a (t\u1ea1m g\u1ecdi l\u00e0 r\u00e3nh ch\u00eca) n\u1eb1m b\u00ean n\u00e0o nh\u00e9.<\/p>\n","protected":false},"excerpt":{"rendered":"<p>S\u1ed1 l\u01b0\u1ee3ng b\u00e1n: 1 c\u1eb7p (2 ch\u00eca gi\u1ed1ng nhau).<\/p>\n<p>S\u1ea3n xu\u1ea5t t\u1ea1i Nh\u1eadt B\u1ea3n.<\/p>\n","protected":false},"featured_media":7330,"comment_status":"open","ping_status":"closed","template":"","meta":[],"product_brand":[],"product_cat":[479],"product_tag":[739],"danh-sach-xe":[1876,1860,1840,1813,1827,1826],"class_list":{"0":"post-7334","1":"product","2":"type-product","3":"status-publish","4":"has-post-thumbnail","6":"product_cat-o-khoa-day-dien","7":"product_tag-chia-khoa-takegawa","8":"danh-sach-xe-cd50s","9":"danh-sach-xe-cl50","10":"danh-sach-xe-super-cub-50-custom","11":"danh-sach-xe-cd50-benly","12":"danh-sach-xe-super-cub-70-c70","13":"danh-sach-xe-super-cub-90-c90","15":"first","16":"outofstock","17":"shipping-taxable","18":"purchasable","19":"product-type-variable"},"yoast_head":"<!-- This site is optimized with the Yoast SEO Premium plugin v23.3 (Yoast SEO v27.0) - https:\/\/yoast.com\/product\/yoast-seo-premium-wordpress\/ -->\n<title>Ph\u00f4i ch\u00eca kh\u00f3a Takegawa cho cub, CD50 - Motor Taburo<\/title>\n<meta name=\"robots\" content=\"index, follow, max-snippet:-1, max-image-preview:large, max-video-preview:-1\" \/>\n<link rel=\"canonical\" href=\"https:\/\/motortaburo.com\/en\/san-pham\/phoi-chia-khoa-takegawa-cho-cub-cd50\/\" \/>\n<meta property=\"og:locale\" content=\"en_US\" \/>\n<meta property=\"og:type\" content=\"article\" \/>\n<meta property=\"og:title\" content=\"Ph\u00f4i ch\u00eca kh\u00f3a Takegawa cho cub, CD50\" \/>\n<meta property=\"og:description\" content=\"S\u1ed1 l\u01b0\u1ee3ng b\u00e1n: 1 c\u1eb7p (2 ch\u00eca gi\u1ed1ng nhau).  S\u1ea3n xu\u1ea5t t\u1ea1i Nh\u1eadt B\u1ea3n.\" \/>\n<meta property=\"og:url\" content=\"https:\/\/motortaburo.com\/en\/san-pham\/phoi-chia-khoa-takegawa-cho-cub-cd50\/\" \/>\n<meta property=\"og:site_name\" content=\"Motor Taburo - Genuine Motorcycle Parts\" \/>\n<meta property=\"article:publisher\" content=\"https:\/\/www.facebook.com\/MotorTaburo\" \/>\n<meta property=\"article:modified_time\" content=\"2026-01-22T11:07:34+00:00\" \/>\n<meta property=\"og:image\" content=\"https:\/\/motortaburo.com\/wp-content\/uploads\/2020\/03\/IMAG2377.jpg\" \/>\n\t<meta property=\"og:image:width\" content=\"1280\" \/>\n\t<meta property=\"og:image:height\" content=\"960\" \/>\n\t<meta property=\"og:image:type\" content=\"image\/jpeg\" \/>\n<meta name=\"twitter:card\" content=\"summary_large_image\" \/>\n<meta name=\"twitter:label1\" content=\"Availability\" \/>\n\t<meta name=\"twitter:data1\" content=\"Out of stock\" \/>\n<script type=\"application\/ld+json\" class=\"yoast-schema-graph\">{\"@context\":\"https:\/\/schema.org\",\"@graph\":[{\"@type\":\"WebPage\",\"@id\":\"https:\/\/motortaburo.com\/en\/san-pham\/phoi-chia-khoa-takegawa-cho-cub-cd50\/\",\"url\":\"https:\/\/motortaburo.com\/en\/san-pham\/phoi-chia-khoa-takegawa-cho-cub-cd50\/\",\"name\":\"Ph\u00f4i ch\u00eca kh\u00f3a Takegawa cho cub, CD50 - Motor Taburo\",\"isPartOf\":{\"@id\":\"https:\/\/motortaburo.com\/en\/#website\"},\"primaryImageOfPage\":{\"@id\":\"https:\/\/motortaburo.com\/en\/san-pham\/phoi-chia-khoa-takegawa-cho-cub-cd50\/#primaryimage\"},\"image\":{\"@id\":\"https:\/\/motortaburo.com\/en\/san-pham\/phoi-chia-khoa-takegawa-cho-cub-cd50\/#primaryimage\"},\"thumbnailUrl\":\"https:\/\/motortaburo.com\/wp-content\/uploads\/2020\/03\/IMAG2377.jpg\",\"datePublished\":\"2020-03-28T11:35:07+00:00\",\"dateModified\":\"2026-01-22T11:07:34+00:00\",\"breadcrumb\":{\"@id\":\"https:\/\/motortaburo.com\/en\/san-pham\/phoi-chia-khoa-takegawa-cho-cub-cd50\/#breadcrumb\"},\"inLanguage\":\"en-US\",\"potentialAction\":[{\"@type\":\"ReadAction\",\"target\":[\"https:\/\/motortaburo.com\/en\/san-pham\/phoi-chia-khoa-takegawa-cho-cub-cd50\/\"]}]},{\"@type\":\"ImageObject\",\"inLanguage\":\"en-US\",\"@id\":\"https:\/\/motortaburo.com\/en\/san-pham\/phoi-chia-khoa-takegawa-cho-cub-cd50\/#primaryimage\",\"url\":\"https:\/\/motortaburo.com\/wp-content\/uploads\/2020\/03\/IMAG2377.jpg\",\"contentUrl\":\"https:\/\/motortaburo.com\/wp-content\/uploads\/2020\/03\/IMAG2377.jpg\",\"width\":1280,\"height\":960},{\"@type\":\"BreadcrumbList\",\"@id\":\"https:\/\/motortaburo.com\/en\/san-pham\/phoi-chia-khoa-takegawa-cho-cub-cd50\/#breadcrumb\",\"itemListElement\":[{\"@type\":\"ListItem\",\"position\":1,\"name\":\"Home\",\"item\":\"https:\/\/motortaburo.com\/en\/\"},{\"@type\":\"ListItem\",\"position\":2,\"name\":\"\u0110\u1ed3 ch\u01a1i xe\",\"item\":\"https:\/\/motortaburo.com\/do-choi-xe\/\"},{\"@type\":\"ListItem\",\"position\":3,\"name\":\"Ph\u00f4i ch\u00eca kh\u00f3a Takegawa cho cub, CD50\"}]},{\"@type\":\"WebSite\",\"@id\":\"https:\/\/motortaburo.com\/en\/#website\",\"url\":\"https:\/\/motortaburo.com\/en\/\",\"name\":\"Motor Taburo - Genuine Motorcycle Parts\",\"description\":\"We sell Japanese motorcycle parts\",\"publisher\":{\"@id\":\"https:\/\/motortaburo.com\/en\/#organization\"},\"alternateName\":\"Motor Taburo\",\"potentialAction\":[{\"@type\":\"SearchAction\",\"target\":{\"@type\":\"EntryPoint\",\"urlTemplate\":\"https:\/\/motortaburo.com\/en\/?s={search_term_string}\"},\"query-input\":{\"@type\":\"PropertyValueSpecification\",\"valueRequired\":true,\"valueName\":\"search_term_string\"}}],\"inLanguage\":\"en-US\"},{\"@type\":\"Organization\",\"@id\":\"https:\/\/motortaburo.com\/en\/#organization\",\"name\":\"Motor Taburo - Genuine Motorcycle Parts\",\"url\":\"https:\/\/motortaburo.com\/en\/\",\"logo\":{\"@type\":\"ImageObject\",\"inLanguage\":\"en-US\",\"@id\":\"https:\/\/motortaburo.com\/en\/#\/schema\/logo\/image\/\",\"url\":\"https:\/\/motortaburo.com\/wp-content\/uploads\/2021\/04\/Motor-Taburo-logo-512.jpg\",\"contentUrl\":\"https:\/\/motortaburo.com\/wp-content\/uploads\/2021\/04\/Motor-Taburo-logo-512.jpg\",\"width\":512,\"height\":512,\"caption\":\"Motor Taburo - Genuine Motorcycle Parts\"},\"image\":{\"@id\":\"https:\/\/motortaburo.com\/en\/#\/schema\/logo\/image\/\"},\"sameAs\":[\"https:\/\/www.facebook.com\/MotorTaburo\"]}]}<\/script>\n<meta property=\"product:brand\" content=\"SP Takegawa\" \/>\n<meta property=\"og:availability\" content=\"out of stock\" \/>\n<meta property=\"product:availability\" content=\"out of stock\" \/>\n<meta property=\"product:condition\" content=\"new\" \/>\n<!-- \/ Yoast SEO Premium plugin. -->","yoast_head_json":{"title":"Ph\u00f4i ch\u00eca kh\u00f3a Takegawa cho cub, CD50 - Motor Taburo","robots":{"index":"index","follow":"follow","max-snippet":"max-snippet:-1","max-image-preview":"max-image-preview:large","max-video-preview":"max-video-preview:-1"},"canonical":"https:\/\/motortaburo.com\/en\/san-pham\/phoi-chia-khoa-takegawa-cho-cub-cd50\/","og_locale":"en_US","og_type":"article","og_title":"Ph\u00f4i ch\u00eca kh\u00f3a Takegawa cho cub, CD50","og_description":"S\u1ed1 l\u01b0\u1ee3ng b\u00e1n: 1 c\u1eb7p (2 ch\u00eca gi\u1ed1ng nhau).  S\u1ea3n xu\u1ea5t t\u1ea1i Nh\u1eadt B\u1ea3n.","og_url":"https:\/\/motortaburo.com\/en\/san-pham\/phoi-chia-khoa-takegawa-cho-cub-cd50\/","og_site_name":"Motor Taburo - Genuine Motorcycle Parts","article_publisher":"https:\/\/www.facebook.com\/MotorTaburo","article_modified_time":"2026-01-22T11:07:34+00:00","og_image":[{"width":1280,"height":960,"url":"https:\/\/motortaburo.com\/wp-content\/uploads\/2020\/03\/IMAG2377.jpg","type":"image\/jpeg"}],"twitter_card":"summary_large_image","twitter_misc":{"Availability":"Out of stock"},"schema":{"@context":"https:\/\/schema.org","@graph":[{"@type":"WebPage","@id":"https:\/\/motortaburo.com\/en\/san-pham\/phoi-chia-khoa-takegawa-cho-cub-cd50\/","url":"https:\/\/motortaburo.com\/en\/san-pham\/phoi-chia-khoa-takegawa-cho-cub-cd50\/","name":"Ph\u00f4i ch\u00eca kh\u00f3a Takegawa cho cub, CD50 - Motor Taburo","isPartOf":{"@id":"https:\/\/motortaburo.com\/en\/#website"},"primaryImageOfPage":{"@id":"https:\/\/motortaburo.com\/en\/san-pham\/phoi-chia-khoa-takegawa-cho-cub-cd50\/#primaryimage"},"image":{"@id":"https:\/\/motortaburo.com\/en\/san-pham\/phoi-chia-khoa-takegawa-cho-cub-cd50\/#primaryimage"},"thumbnailUrl":"https:\/\/motortaburo.com\/wp-content\/uploads\/2020\/03\/IMAG2377.jpg","datePublished":"2020-03-28T11:35:07+00:00","dateModified":"2026-01-22T11:07:34+00:00","breadcrumb":{"@id":"https:\/\/motortaburo.com\/en\/san-pham\/phoi-chia-khoa-takegawa-cho-cub-cd50\/#breadcrumb"},"inLanguage":"en-US","potentialAction":[{"@type":"ReadAction","target":["https:\/\/motortaburo.com\/en\/san-pham\/phoi-chia-khoa-takegawa-cho-cub-cd50\/"]}]},{"@type":"ImageObject","inLanguage":"en-US","@id":"https:\/\/motortaburo.com\/en\/san-pham\/phoi-chia-khoa-takegawa-cho-cub-cd50\/#primaryimage","url":"https:\/\/motortaburo.com\/wp-content\/uploads\/2020\/03\/IMAG2377.jpg","contentUrl":"https:\/\/motortaburo.com\/wp-content\/uploads\/2020\/03\/IMAG2377.jpg","width":1280,"height":960},{"@type":"BreadcrumbList","@id":"https:\/\/motortaburo.com\/en\/san-pham\/phoi-chia-khoa-takegawa-cho-cub-cd50\/#breadcrumb","itemListElement":[{"@type":"ListItem","position":1,"name":"Home","item":"https:\/\/motortaburo.com\/en\/"},{"@type":"ListItem","position":2,"name":"\u0110\u1ed3 ch\u01a1i xe","item":"https:\/\/motortaburo.com\/do-choi-xe\/"},{"@type":"ListItem","position":3,"name":"Ph\u00f4i ch\u00eca kh\u00f3a Takegawa cho cub, CD50"}]},{"@type":"WebSite","@id":"https:\/\/motortaburo.com\/en\/#website","url":"https:\/\/motortaburo.com\/en\/","name":"Motor Taburo - Genuine Motorcycle Parts","description":"We sell Japanese motorcycle parts","publisher":{"@id":"https:\/\/motortaburo.com\/en\/#organization"},"alternateName":"Motor Taburo","potentialAction":[{"@type":"SearchAction","target":{"@type":"EntryPoint","urlTemplate":"https:\/\/motortaburo.com\/en\/?s={search_term_string}"},"query-input":{"@type":"PropertyValueSpecification","valueRequired":true,"valueName":"search_term_string"}}],"inLanguage":"en-US"},{"@type":"Organization","@id":"https:\/\/motortaburo.com\/en\/#organization","name":"Motor Taburo - Genuine Motorcycle Parts","url":"https:\/\/motortaburo.com\/en\/","logo":{"@type":"ImageObject","inLanguage":"en-US","@id":"https:\/\/motortaburo.com\/en\/#\/schema\/logo\/image\/","url":"https:\/\/motortaburo.com\/wp-content\/uploads\/2021\/04\/Motor-Taburo-logo-512.jpg","contentUrl":"https:\/\/motortaburo.com\/wp-content\/uploads\/2021\/04\/Motor-Taburo-logo-512.jpg","width":512,"height":512,"caption":"Motor Taburo - Genuine Motorcycle Parts"},"image":{"@id":"https:\/\/motortaburo.com\/en\/#\/schema\/logo\/image\/"},"sameAs":["https:\/\/www.facebook.com\/MotorTaburo"]}]},"product_brand":"SP Takegawa","og_availability":"out of stock","product_availability":"out of stock","product_condition":"new"},"_links":{"self":[{"href":"https:\/\/motortaburo.com\/en\/wp-json\/wp\/v2\/product\/7334","targetHints":{"allow":["GET"]}}],"collection":[{"href":"https:\/\/motortaburo.com\/en\/wp-json\/wp\/v2\/product"}],"about":[{"href":"https:\/\/motortaburo.com\/en\/wp-json\/wp\/v2\/types\/product"}],"replies":[{"embeddable":true,"href":"https:\/\/motortaburo.com\/en\/wp-json\/wp\/v2\/comments?post=7334"}],"version-history":[{"count":0,"href":"https:\/\/motortaburo.com\/en\/wp-json\/wp\/v2\/product\/7334\/revisions"}],"wp:featuredmedia":[{"embeddable":true,"href":"https:\/\/motortaburo.com\/en\/wp-json\/wp\/v2\/media\/7330"}],"wp:attachment":[{"href":"https:\/\/motortaburo.com\/en\/wp-json\/wp\/v2\/media?parent=7334"}],"wp:term":[{"taxonomy":"product_brand","embeddable":true,"href":"https:\/\/motortaburo.com\/en\/wp-json\/wp\/v2\/product_brand?post=7334"},{"taxonomy":"product_cat","embeddable":true,"href":"https:\/\/motortaburo.com\/en\/wp-json\/wp\/v2\/product_cat?post=7334"},{"taxonomy":"product_tag","embeddable":true,"href":"https:\/\/motortaburo.com\/en\/wp-json\/wp\/v2\/product_tag?post=7334"},{"taxonomy":"danh-sach-xe","embeddable":true,"href":"https:\/\/motortaburo.com\/en\/wp-json\/wp\/v2\/danh-sach-xe?post=7334"}],"curies":[{"name":"wp","href":"https:\/\/api.w.org\/{rel}","templated":true}]}}