{"id":8068,"date":"2020-05-07T13:21:27","date_gmt":"2020-05-07T06:21:27","guid":{"rendered":"https:\/\/motortaburo.com\/?post_type=product&#038;p=8068"},"modified":"2026-01-22T18:07:37","modified_gmt":"2026-01-22T11:07:37","slug":"phuoc-takegawa-330mm-mau-do","status":"publish","type":"product","link":"https:\/\/motortaburo.com\/en\/san-pham\/phuoc-takegawa-330mm-mau-do\/","title":{"rendered":"Phu\u1ed9c Takegawa 330mm m\u00e0u \u0111\u1ecf"},"content":{"rendered":"<p>M\u1eabu ch\u00e2n ngay (tem b\u00ean h\u00f4ng) th\u00ec l\u00f2 xo ch\u1ecbu l\u1ef1c n\u1eb7ng h\u01a1n, ph\u00f9 h\u1ee3p \u0111i 2 ng\u01b0\u1eddi.<\/p>\n<p>\u0110\u1ed9 d\u00e0i phu\u1ed9c l\u00e0 330mm. N\u1ebfu mu\u1ed1n d\u00e0i th\u00eam b\u1ea1n c\u00f3 th\u1ec3 ra ti\u1ec7m phay ti\u1ec7n th\u00eam c\u1ee5c \u0111\u00f4n b\u1eb1ng nh\u00f4m nh\u01b0 h\u00ecnh b\u00ean d\u01b0\u1edbi (t\u1ed1i thi\u1ec3u ph\u1ea3i d\u00e0i th\u00eam t\u1eeb 2.5cm tr\u1edf l\u00ean, nh\u01b0 v\u1eady ren xi\u1ebft m\u1edbi \u0111\u1ee7, phu\u1ed9c m\u1edbi ch\u1eafc ch\u1eafn)<\/p>\n<p><img loading=\"lazy\" decoding=\"async\" class=\"aligncenter wp-image-8095\" src=\"https:\/\/motortaburo.com\/wp-content\/uploads\/2020\/05\/IMG_4482.jpg\" alt=\"\" width=\"720\" height=\"720\" srcset=\"https:\/\/motortaburo.com\/wp-content\/uploads\/2020\/05\/IMG_4482.jpg 960w, https:\/\/motortaburo.com\/wp-content\/uploads\/2020\/05\/IMG_4482-430x430.jpg 430w, https:\/\/motortaburo.com\/wp-content\/uploads\/2020\/05\/IMG_4482-150x150.jpg 150w, https:\/\/motortaburo.com\/wp-content\/uploads\/2020\/05\/IMG_4482-700x700.jpg 700w\" sizes=\"auto, (max-width: 720px) 100vw, 720px\" \/><\/p>\n<p><img loading=\"lazy\" decoding=\"async\" class=\"aligncenter wp-image-8096\" src=\"https:\/\/motortaburo.com\/wp-content\/uploads\/2020\/05\/IMG_4483.jpg\" alt=\"\" width=\"720\" height=\"720\" srcset=\"https:\/\/motortaburo.com\/wp-content\/uploads\/2020\/05\/IMG_4483.jpg 960w, https:\/\/motortaburo.com\/wp-content\/uploads\/2020\/05\/IMG_4483-430x430.jpg 430w, https:\/\/motortaburo.com\/wp-content\/uploads\/2020\/05\/IMG_4483-150x150.jpg 150w, https:\/\/motortaburo.com\/wp-content\/uploads\/2020\/05\/IMG_4483-700x700.jpg 700w\" sizes=\"auto, (max-width: 720px) 100vw, 720px\" \/><\/p>\n","protected":false},"excerpt":{"rendered":"<p>Set b\u00e1n ra g\u1ed3m 1 c\u1eb7p v\u00e0 4 long \u0111\u1ec1n.<\/p>\n<p>S\u1ea3n xu\u1ea5t t\u1ea1i Nh\u1eadt B\u1ea3n.<\/p>\n","protected":false},"featured_media":8045,"comment_status":"open","ping_status":"closed","template":"","meta":[],"product_brand":[],"product_cat":[111],"product_tag":[],"danh-sach-xe":[],"class_list":{"0":"post-8068","1":"product","2":"type-product","3":"status-publish","4":"has-post-thumbnail","6":"product_cat-phuoc","8":"first","9":"outofstock","10":"shipping-taxable","11":"purchasable","12":"product-type-simple"},"yoast_head":"<!-- This site is optimized with the Yoast SEO Premium plugin v23.3 (Yoast SEO v27.0) - https:\/\/yoast.com\/product\/yoast-seo-premium-wordpress\/ -->\n<title>Phu\u1ed9c Takegawa 330mm m\u00e0u \u0111\u1ecf - Motor Taburo<\/title>\n<meta name=\"robots\" content=\"index, follow, max-snippet:-1, max-image-preview:large, max-video-preview:-1\" \/>\n<link rel=\"canonical\" href=\"https:\/\/motortaburo.com\/en\/san-pham\/phuoc-takegawa-330mm-mau-do\/\" \/>\n<meta property=\"og:locale\" content=\"en_US\" \/>\n<meta property=\"og:type\" content=\"article\" \/>\n<meta property=\"og:title\" content=\"Phu\u1ed9c Takegawa 330mm m\u00e0u \u0111\u1ecf\" \/>\n<meta property=\"og:description\" content=\"Set b\u00e1n ra g\u1ed3m 1 c\u1eb7p v\u00e0 4 long \u0111\u1ec1n.  S\u1ea3n xu\u1ea5t t\u1ea1i Nh\u1eadt B\u1ea3n.\" \/>\n<meta property=\"og:url\" content=\"https:\/\/motortaburo.com\/en\/san-pham\/phuoc-takegawa-330mm-mau-do\/\" \/>\n<meta property=\"og:site_name\" content=\"Motor Taburo - Genuine Motorcycle Parts\" \/>\n<meta property=\"article:publisher\" content=\"https:\/\/www.facebook.com\/MotorTaburo\" \/>\n<meta property=\"article:modified_time\" content=\"2026-01-22T11:07:37+00:00\" \/>\n<meta property=\"og:image\" content=\"https:\/\/motortaburo.com\/wp-content\/uploads\/2020\/05\/IMG_4449.jpg\" \/>\n\t<meta property=\"og:image:width\" content=\"960\" \/>\n\t<meta property=\"og:image:height\" content=\"960\" \/>\n\t<meta property=\"og:image:type\" content=\"image\/jpeg\" \/>\n<meta name=\"twitter:card\" content=\"summary_large_image\" \/>\n<meta name=\"twitter:label1\" content=\"Price\" \/>\n\t<meta name=\"twitter:data1\" content=\"3.300.000&nbsp;&#8363;\" \/>\n\t<meta name=\"twitter:label2\" content=\"Availability\" \/>\n\t<meta name=\"twitter:data2\" content=\"Out of stock\" \/>\n<script type=\"application\/ld+json\" class=\"yoast-schema-graph\">{\"@context\":\"https:\/\/schema.org\",\"@graph\":[{\"@type\":\"WebPage\",\"@id\":\"https:\/\/motortaburo.com\/en\/san-pham\/phuoc-takegawa-330mm-mau-do\/\",\"url\":\"https:\/\/motortaburo.com\/en\/san-pham\/phuoc-takegawa-330mm-mau-do\/\",\"name\":\"Phu\u1ed9c Takegawa 330mm m\u00e0u \u0111\u1ecf - Motor Taburo\",\"isPartOf\":{\"@id\":\"https:\/\/motortaburo.com\/en\/#website\"},\"primaryImageOfPage\":{\"@id\":\"https:\/\/motortaburo.com\/en\/san-pham\/phuoc-takegawa-330mm-mau-do\/#primaryimage\"},\"image\":{\"@id\":\"https:\/\/motortaburo.com\/en\/san-pham\/phuoc-takegawa-330mm-mau-do\/#primaryimage\"},\"thumbnailUrl\":\"https:\/\/motortaburo.com\/wp-content\/uploads\/2020\/05\/IMG_4449.jpg\",\"datePublished\":\"2020-05-07T06:21:27+00:00\",\"dateModified\":\"2026-01-22T11:07:37+00:00\",\"breadcrumb\":{\"@id\":\"https:\/\/motortaburo.com\/en\/san-pham\/phuoc-takegawa-330mm-mau-do\/#breadcrumb\"},\"inLanguage\":\"en-US\",\"potentialAction\":[{\"@type\":\"ReadAction\",\"target\":[\"https:\/\/motortaburo.com\/en\/san-pham\/phuoc-takegawa-330mm-mau-do\/\"]}]},{\"@type\":\"ImageObject\",\"inLanguage\":\"en-US\",\"@id\":\"https:\/\/motortaburo.com\/en\/san-pham\/phuoc-takegawa-330mm-mau-do\/#primaryimage\",\"url\":\"https:\/\/motortaburo.com\/wp-content\/uploads\/2020\/05\/IMG_4449.jpg\",\"contentUrl\":\"https:\/\/motortaburo.com\/wp-content\/uploads\/2020\/05\/IMG_4449.jpg\",\"width\":960,\"height\":960},{\"@type\":\"BreadcrumbList\",\"@id\":\"https:\/\/motortaburo.com\/en\/san-pham\/phuoc-takegawa-330mm-mau-do\/#breadcrumb\",\"itemListElement\":[{\"@type\":\"ListItem\",\"position\":1,\"name\":\"Home\",\"item\":\"https:\/\/motortaburo.com\/en\/\"},{\"@type\":\"ListItem\",\"position\":2,\"name\":\"\u0110\u1ed3 ch\u01a1i xe\",\"item\":\"https:\/\/motortaburo.com\/do-choi-xe\/\"},{\"@type\":\"ListItem\",\"position\":3,\"name\":\"Phu\u1ed9c Takegawa 330mm m\u00e0u \u0111\u1ecf\"}]},{\"@type\":\"WebSite\",\"@id\":\"https:\/\/motortaburo.com\/en\/#website\",\"url\":\"https:\/\/motortaburo.com\/en\/\",\"name\":\"Motor Taburo - Genuine Motorcycle Parts\",\"description\":\"We sell Japanese motorcycle parts\",\"publisher\":{\"@id\":\"https:\/\/motortaburo.com\/en\/#organization\"},\"alternateName\":\"Motor Taburo\",\"potentialAction\":[{\"@type\":\"SearchAction\",\"target\":{\"@type\":\"EntryPoint\",\"urlTemplate\":\"https:\/\/motortaburo.com\/en\/?s={search_term_string}\"},\"query-input\":{\"@type\":\"PropertyValueSpecification\",\"valueRequired\":true,\"valueName\":\"search_term_string\"}}],\"inLanguage\":\"en-US\"},{\"@type\":\"Organization\",\"@id\":\"https:\/\/motortaburo.com\/en\/#organization\",\"name\":\"Motor Taburo - Genuine Motorcycle Parts\",\"url\":\"https:\/\/motortaburo.com\/en\/\",\"logo\":{\"@type\":\"ImageObject\",\"inLanguage\":\"en-US\",\"@id\":\"https:\/\/motortaburo.com\/en\/#\/schema\/logo\/image\/\",\"url\":\"https:\/\/motortaburo.com\/wp-content\/uploads\/2021\/04\/Motor-Taburo-logo-512.jpg\",\"contentUrl\":\"https:\/\/motortaburo.com\/wp-content\/uploads\/2021\/04\/Motor-Taburo-logo-512.jpg\",\"width\":512,\"height\":512,\"caption\":\"Motor Taburo - Genuine Motorcycle Parts\"},\"image\":{\"@id\":\"https:\/\/motortaburo.com\/en\/#\/schema\/logo\/image\/\"},\"sameAs\":[\"https:\/\/www.facebook.com\/MotorTaburo\"]}]}<\/script>\n<meta property=\"product:brand\" content=\"SP Takegawa\" \/>\n<meta property=\"product:price:amount\" content=\"3300000\" \/>\n<meta property=\"product:price:currency\" content=\"VND\" \/>\n<meta property=\"og:availability\" content=\"out of stock\" \/>\n<meta property=\"product:availability\" content=\"out of stock\" \/>\n<meta property=\"product:retailer_item_id\" content=\"06-04-0070\" \/>\n<meta property=\"product:condition\" content=\"new\" \/>\n<!-- \/ Yoast SEO Premium plugin. -->","yoast_head_json":{"title":"Phu\u1ed9c Takegawa 330mm m\u00e0u \u0111\u1ecf - Motor Taburo","robots":{"index":"index","follow":"follow","max-snippet":"max-snippet:-1","max-image-preview":"max-image-preview:large","max-video-preview":"max-video-preview:-1"},"canonical":"https:\/\/motortaburo.com\/en\/san-pham\/phuoc-takegawa-330mm-mau-do\/","og_locale":"en_US","og_type":"article","og_title":"Phu\u1ed9c Takegawa 330mm m\u00e0u \u0111\u1ecf","og_description":"Set b\u00e1n ra g\u1ed3m 1 c\u1eb7p v\u00e0 4 long \u0111\u1ec1n.  S\u1ea3n xu\u1ea5t t\u1ea1i Nh\u1eadt B\u1ea3n.","og_url":"https:\/\/motortaburo.com\/en\/san-pham\/phuoc-takegawa-330mm-mau-do\/","og_site_name":"Motor Taburo - Genuine Motorcycle Parts","article_publisher":"https:\/\/www.facebook.com\/MotorTaburo","article_modified_time":"2026-01-22T11:07:37+00:00","og_image":[{"width":960,"height":960,"url":"https:\/\/motortaburo.com\/wp-content\/uploads\/2020\/05\/IMG_4449.jpg","type":"image\/jpeg"}],"twitter_card":"summary_large_image","twitter_misc":{"Price":"3.300.000&nbsp;&#8363;","Availability":"Out of stock"},"schema":{"@context":"https:\/\/schema.org","@graph":[{"@type":"WebPage","@id":"https:\/\/motortaburo.com\/en\/san-pham\/phuoc-takegawa-330mm-mau-do\/","url":"https:\/\/motortaburo.com\/en\/san-pham\/phuoc-takegawa-330mm-mau-do\/","name":"Phu\u1ed9c Takegawa 330mm m\u00e0u \u0111\u1ecf - Motor Taburo","isPartOf":{"@id":"https:\/\/motortaburo.com\/en\/#website"},"primaryImageOfPage":{"@id":"https:\/\/motortaburo.com\/en\/san-pham\/phuoc-takegawa-330mm-mau-do\/#primaryimage"},"image":{"@id":"https:\/\/motortaburo.com\/en\/san-pham\/phuoc-takegawa-330mm-mau-do\/#primaryimage"},"thumbnailUrl":"https:\/\/motortaburo.com\/wp-content\/uploads\/2020\/05\/IMG_4449.jpg","datePublished":"2020-05-07T06:21:27+00:00","dateModified":"2026-01-22T11:07:37+00:00","breadcrumb":{"@id":"https:\/\/motortaburo.com\/en\/san-pham\/phuoc-takegawa-330mm-mau-do\/#breadcrumb"},"inLanguage":"en-US","potentialAction":[{"@type":"ReadAction","target":["https:\/\/motortaburo.com\/en\/san-pham\/phuoc-takegawa-330mm-mau-do\/"]}]},{"@type":"ImageObject","inLanguage":"en-US","@id":"https:\/\/motortaburo.com\/en\/san-pham\/phuoc-takegawa-330mm-mau-do\/#primaryimage","url":"https:\/\/motortaburo.com\/wp-content\/uploads\/2020\/05\/IMG_4449.jpg","contentUrl":"https:\/\/motortaburo.com\/wp-content\/uploads\/2020\/05\/IMG_4449.jpg","width":960,"height":960},{"@type":"BreadcrumbList","@id":"https:\/\/motortaburo.com\/en\/san-pham\/phuoc-takegawa-330mm-mau-do\/#breadcrumb","itemListElement":[{"@type":"ListItem","position":1,"name":"Home","item":"https:\/\/motortaburo.com\/en\/"},{"@type":"ListItem","position":2,"name":"\u0110\u1ed3 ch\u01a1i xe","item":"https:\/\/motortaburo.com\/do-choi-xe\/"},{"@type":"ListItem","position":3,"name":"Phu\u1ed9c Takegawa 330mm m\u00e0u \u0111\u1ecf"}]},{"@type":"WebSite","@id":"https:\/\/motortaburo.com\/en\/#website","url":"https:\/\/motortaburo.com\/en\/","name":"Motor Taburo - Genuine Motorcycle Parts","description":"We sell Japanese motorcycle parts","publisher":{"@id":"https:\/\/motortaburo.com\/en\/#organization"},"alternateName":"Motor Taburo","potentialAction":[{"@type":"SearchAction","target":{"@type":"EntryPoint","urlTemplate":"https:\/\/motortaburo.com\/en\/?s={search_term_string}"},"query-input":{"@type":"PropertyValueSpecification","valueRequired":true,"valueName":"search_term_string"}}],"inLanguage":"en-US"},{"@type":"Organization","@id":"https:\/\/motortaburo.com\/en\/#organization","name":"Motor Taburo - Genuine Motorcycle Parts","url":"https:\/\/motortaburo.com\/en\/","logo":{"@type":"ImageObject","inLanguage":"en-US","@id":"https:\/\/motortaburo.com\/en\/#\/schema\/logo\/image\/","url":"https:\/\/motortaburo.com\/wp-content\/uploads\/2021\/04\/Motor-Taburo-logo-512.jpg","contentUrl":"https:\/\/motortaburo.com\/wp-content\/uploads\/2021\/04\/Motor-Taburo-logo-512.jpg","width":512,"height":512,"caption":"Motor Taburo - Genuine Motorcycle Parts"},"image":{"@id":"https:\/\/motortaburo.com\/en\/#\/schema\/logo\/image\/"},"sameAs":["https:\/\/www.facebook.com\/MotorTaburo"]}]},"product_brand":"SP Takegawa","product_price_amount":"3300000","product_price_currency":"VND","og_availability":"out of stock","product_availability":"out of stock","product_retailer_item_id":"06-04-0070","product_condition":"new"},"_links":{"self":[{"href":"https:\/\/motortaburo.com\/en\/wp-json\/wp\/v2\/product\/8068","targetHints":{"allow":["GET"]}}],"collection":[{"href":"https:\/\/motortaburo.com\/en\/wp-json\/wp\/v2\/product"}],"about":[{"href":"https:\/\/motortaburo.com\/en\/wp-json\/wp\/v2\/types\/product"}],"replies":[{"embeddable":true,"href":"https:\/\/motortaburo.com\/en\/wp-json\/wp\/v2\/comments?post=8068"}],"version-history":[{"count":0,"href":"https:\/\/motortaburo.com\/en\/wp-json\/wp\/v2\/product\/8068\/revisions"}],"wp:featuredmedia":[{"embeddable":true,"href":"https:\/\/motortaburo.com\/en\/wp-json\/wp\/v2\/media\/8045"}],"wp:attachment":[{"href":"https:\/\/motortaburo.com\/en\/wp-json\/wp\/v2\/media?parent=8068"}],"wp:term":[{"taxonomy":"product_brand","embeddable":true,"href":"https:\/\/motortaburo.com\/en\/wp-json\/wp\/v2\/product_brand?post=8068"},{"taxonomy":"product_cat","embeddable":true,"href":"https:\/\/motortaburo.com\/en\/wp-json\/wp\/v2\/product_cat?post=8068"},{"taxonomy":"product_tag","embeddable":true,"href":"https:\/\/motortaburo.com\/en\/wp-json\/wp\/v2\/product_tag?post=8068"},{"taxonomy":"danh-sach-xe","embeddable":true,"href":"https:\/\/motortaburo.com\/en\/wp-json\/wp\/v2\/danh-sach-xe?post=8068"}],"curies":[{"name":"wp","href":"https:\/\/api.w.org\/{rel}","templated":true}]}}