{"id":8232,"date":"2020-05-15T17:42:22","date_gmt":"2020-05-15T10:42:22","guid":{"rendered":"https:\/\/motortaburo.com\/?post_type=product&amp;p=8232"},"modified":"2026-01-22T18:06:58","modified_gmt":"2026-01-22T11:06:58","slug":"keo-ron-dau-nong-ron-may-takegawa","status":"publish","type":"product","link":"https:\/\/motortaburo.com\/en\/san-pham\/keo-ron-dau-nong-ron-may-takegawa\/","title":{"rendered":"Keo ron \u0111\u1ea7u n\u00f2ng, ron m\u00e1y Takegawa"},"content":{"rendered":"","protected":false},"excerpt":{"rendered":"<p>Set b\u00e1n: 1 tu\u00fdp.<\/p>\n<p>H\u00e0ng n\u1ed9i \u0111\u1ecba Nh\u1eadt B\u1ea3n.<\/p>\n<p>S\u1ea3n xu\u1ea5t t\u1ea1i Nh\u1eadt B\u1ea3n.<\/p>\n<p>D\u00f9ng \u0111\u1ec3 tr\u00e9t l\u00ean ron \u0111\u1ea7u n\u00f2ng ho\u1eb7c ron m\u00e1y,&#8230;.<\/p>\n","protected":false},"featured_media":8216,"comment_status":"open","ping_status":"closed","template":"","meta":[],"product_brand":[],"product_cat":[242],"product_tag":[801,802,83],"danh-sach-xe":[],"class_list":{"0":"post-8232","1":"product","2":"type-product","3":"status-publish","4":"has-post-thumbnail","6":"product_cat-ron","7":"product_tag-keo-ron-dau-nong","8":"product_tag-keo-ron-may","9":"product_tag-woocommerce","11":"first","12":"outofstock","13":"shipping-taxable","14":"purchasable","15":"product-type-simple"},"yoast_head":"<!-- This site is optimized with the Yoast SEO Premium plugin v23.3 (Yoast SEO v27.0) - https:\/\/yoast.com\/product\/yoast-seo-premium-wordpress\/ -->\n<title>Keo ron \u0111\u1ea7u n\u00f2ng, ron m\u00e1y Takegawa - Motor Taburo<\/title>\n<meta name=\"robots\" content=\"index, follow, max-snippet:-1, max-image-preview:large, max-video-preview:-1\" \/>\n<link rel=\"canonical\" href=\"https:\/\/motortaburo.com\/en\/san-pham\/keo-ron-dau-nong-ron-may-takegawa\/\" \/>\n<meta property=\"og:locale\" content=\"en_US\" \/>\n<meta property=\"og:type\" content=\"article\" \/>\n<meta property=\"og:title\" content=\"Keo ron \u0111\u1ea7u n\u00f2ng, ron m\u00e1y Takegawa\" \/>\n<meta property=\"og:description\" content=\"Set b\u00e1n: 1 tu\u00fdp. H\u00e0ng n\u1ed9i \u0111\u1ecba Nh\u1eadt B\u1ea3n. S\u1ea3n xu\u1ea5t t\u1ea1i Nh\u1eadt B\u1ea3n. D\u00f9ng \u0111\u1ec3 tr\u00e9t l\u00ean ron \u0111\u1ea7u n\u00f2ng ho\u1eb7c ron m\u00e1y,....\" \/>\n<meta property=\"og:url\" content=\"https:\/\/motortaburo.com\/en\/san-pham\/keo-ron-dau-nong-ron-may-takegawa\/\" \/>\n<meta property=\"og:site_name\" content=\"Motor Taburo - Genuine Motorcycle Parts\" \/>\n<meta property=\"article:publisher\" content=\"https:\/\/www.facebook.com\/MotorTaburo\" \/>\n<meta property=\"article:modified_time\" content=\"2026-01-22T11:06:58+00:00\" \/>\n<meta property=\"og:image\" content=\"https:\/\/motortaburo.com\/wp-content\/uploads\/2020\/05\/IMG_4583.jpg\" \/>\n\t<meta property=\"og:image:width\" content=\"960\" \/>\n\t<meta property=\"og:image:height\" content=\"960\" \/>\n\t<meta property=\"og:image:type\" content=\"image\/jpeg\" \/>\n<meta name=\"twitter:card\" content=\"summary_large_image\" \/>\n<meta name=\"twitter:label1\" content=\"Price\" \/>\n\t<meta name=\"twitter:data1\" content=\"200.000&nbsp;&#8363;\" \/>\n\t<meta name=\"twitter:label2\" content=\"Availability\" \/>\n\t<meta name=\"twitter:data2\" content=\"Out of stock\" \/>\n<script type=\"application\/ld+json\" class=\"yoast-schema-graph\">{\"@context\":\"https:\/\/schema.org\",\"@graph\":[{\"@type\":\"WebPage\",\"@id\":\"https:\/\/motortaburo.com\/en\/san-pham\/keo-ron-dau-nong-ron-may-takegawa\/\",\"url\":\"https:\/\/motortaburo.com\/en\/san-pham\/keo-ron-dau-nong-ron-may-takegawa\/\",\"name\":\"Keo ron \u0111\u1ea7u n\u00f2ng, ron m\u00e1y Takegawa - Motor Taburo\",\"isPartOf\":{\"@id\":\"https:\/\/motortaburo.com\/en\/#website\"},\"primaryImageOfPage\":{\"@id\":\"https:\/\/motortaburo.com\/en\/san-pham\/keo-ron-dau-nong-ron-may-takegawa\/#primaryimage\"},\"image\":{\"@id\":\"https:\/\/motortaburo.com\/en\/san-pham\/keo-ron-dau-nong-ron-may-takegawa\/#primaryimage\"},\"thumbnailUrl\":\"https:\/\/motortaburo.com\/wp-content\/uploads\/2020\/05\/IMG_4583.jpg\",\"datePublished\":\"2020-05-15T10:42:22+00:00\",\"dateModified\":\"2026-01-22T11:06:58+00:00\",\"breadcrumb\":{\"@id\":\"https:\/\/motortaburo.com\/en\/san-pham\/keo-ron-dau-nong-ron-may-takegawa\/#breadcrumb\"},\"inLanguage\":\"en-US\",\"potentialAction\":[{\"@type\":\"ReadAction\",\"target\":[\"https:\/\/motortaburo.com\/en\/san-pham\/keo-ron-dau-nong-ron-may-takegawa\/\"]}]},{\"@type\":\"ImageObject\",\"inLanguage\":\"en-US\",\"@id\":\"https:\/\/motortaburo.com\/en\/san-pham\/keo-ron-dau-nong-ron-may-takegawa\/#primaryimage\",\"url\":\"https:\/\/motortaburo.com\/wp-content\/uploads\/2020\/05\/IMG_4583.jpg\",\"contentUrl\":\"https:\/\/motortaburo.com\/wp-content\/uploads\/2020\/05\/IMG_4583.jpg\",\"width\":960,\"height\":960},{\"@type\":\"BreadcrumbList\",\"@id\":\"https:\/\/motortaburo.com\/en\/san-pham\/keo-ron-dau-nong-ron-may-takegawa\/#breadcrumb\",\"itemListElement\":[{\"@type\":\"ListItem\",\"position\":1,\"name\":\"Home\",\"item\":\"https:\/\/motortaburo.com\/en\/\"},{\"@type\":\"ListItem\",\"position\":2,\"name\":\"\u0110\u1ed3 ch\u01a1i xe\",\"item\":\"https:\/\/motortaburo.com\/do-choi-xe\/\"},{\"@type\":\"ListItem\",\"position\":3,\"name\":\"Keo ron \u0111\u1ea7u n\u00f2ng, ron m\u00e1y Takegawa\"}]},{\"@type\":\"WebSite\",\"@id\":\"https:\/\/motortaburo.com\/en\/#website\",\"url\":\"https:\/\/motortaburo.com\/en\/\",\"name\":\"Motor Taburo - Genuine Motorcycle Parts\",\"description\":\"We sell Japanese motorcycle parts\",\"publisher\":{\"@id\":\"https:\/\/motortaburo.com\/en\/#organization\"},\"alternateName\":\"Motor Taburo\",\"potentialAction\":[{\"@type\":\"SearchAction\",\"target\":{\"@type\":\"EntryPoint\",\"urlTemplate\":\"https:\/\/motortaburo.com\/en\/?s={search_term_string}\"},\"query-input\":{\"@type\":\"PropertyValueSpecification\",\"valueRequired\":true,\"valueName\":\"search_term_string\"}}],\"inLanguage\":\"en-US\"},{\"@type\":\"Organization\",\"@id\":\"https:\/\/motortaburo.com\/en\/#organization\",\"name\":\"Motor Taburo - Genuine Motorcycle Parts\",\"url\":\"https:\/\/motortaburo.com\/en\/\",\"logo\":{\"@type\":\"ImageObject\",\"inLanguage\":\"en-US\",\"@id\":\"https:\/\/motortaburo.com\/en\/#\/schema\/logo\/image\/\",\"url\":\"https:\/\/motortaburo.com\/wp-content\/uploads\/2021\/04\/Motor-Taburo-logo-512.jpg\",\"contentUrl\":\"https:\/\/motortaburo.com\/wp-content\/uploads\/2021\/04\/Motor-Taburo-logo-512.jpg\",\"width\":512,\"height\":512,\"caption\":\"Motor Taburo - Genuine Motorcycle Parts\"},\"image\":{\"@id\":\"https:\/\/motortaburo.com\/en\/#\/schema\/logo\/image\/\"},\"sameAs\":[\"https:\/\/www.facebook.com\/MotorTaburo\"]}]}<\/script>\n<meta property=\"product:price:amount\" content=\"200000\" \/>\n<meta property=\"product:price:currency\" content=\"VND\" \/>\n<meta property=\"og:availability\" content=\"out of stock\" \/>\n<meta property=\"product:availability\" content=\"out of stock\" \/>\n<meta property=\"product:retailer_item_id\" content=\"00-01-0001\" \/>\n<meta property=\"product:condition\" content=\"new\" \/>\n<!-- \/ Yoast SEO Premium plugin. -->","yoast_head_json":{"title":"Keo ron \u0111\u1ea7u n\u00f2ng, ron m\u00e1y Takegawa - Motor Taburo","robots":{"index":"index","follow":"follow","max-snippet":"max-snippet:-1","max-image-preview":"max-image-preview:large","max-video-preview":"max-video-preview:-1"},"canonical":"https:\/\/motortaburo.com\/en\/san-pham\/keo-ron-dau-nong-ron-may-takegawa\/","og_locale":"en_US","og_type":"article","og_title":"Keo ron \u0111\u1ea7u n\u00f2ng, ron m\u00e1y Takegawa","og_description":"Set b\u00e1n: 1 tu\u00fdp. H\u00e0ng n\u1ed9i \u0111\u1ecba Nh\u1eadt B\u1ea3n. S\u1ea3n xu\u1ea5t t\u1ea1i Nh\u1eadt B\u1ea3n. D\u00f9ng \u0111\u1ec3 tr\u00e9t l\u00ean ron \u0111\u1ea7u n\u00f2ng ho\u1eb7c ron m\u00e1y,....","og_url":"https:\/\/motortaburo.com\/en\/san-pham\/keo-ron-dau-nong-ron-may-takegawa\/","og_site_name":"Motor Taburo - Genuine Motorcycle Parts","article_publisher":"https:\/\/www.facebook.com\/MotorTaburo","article_modified_time":"2026-01-22T11:06:58+00:00","og_image":[{"width":960,"height":960,"url":"https:\/\/motortaburo.com\/wp-content\/uploads\/2020\/05\/IMG_4583.jpg","type":"image\/jpeg"}],"twitter_card":"summary_large_image","twitter_misc":{"Price":"200.000&nbsp;&#8363;","Availability":"Out of stock"},"schema":{"@context":"https:\/\/schema.org","@graph":[{"@type":"WebPage","@id":"https:\/\/motortaburo.com\/en\/san-pham\/keo-ron-dau-nong-ron-may-takegawa\/","url":"https:\/\/motortaburo.com\/en\/san-pham\/keo-ron-dau-nong-ron-may-takegawa\/","name":"Keo ron \u0111\u1ea7u n\u00f2ng, ron m\u00e1y Takegawa - Motor Taburo","isPartOf":{"@id":"https:\/\/motortaburo.com\/en\/#website"},"primaryImageOfPage":{"@id":"https:\/\/motortaburo.com\/en\/san-pham\/keo-ron-dau-nong-ron-may-takegawa\/#primaryimage"},"image":{"@id":"https:\/\/motortaburo.com\/en\/san-pham\/keo-ron-dau-nong-ron-may-takegawa\/#primaryimage"},"thumbnailUrl":"https:\/\/motortaburo.com\/wp-content\/uploads\/2020\/05\/IMG_4583.jpg","datePublished":"2020-05-15T10:42:22+00:00","dateModified":"2026-01-22T11:06:58+00:00","breadcrumb":{"@id":"https:\/\/motortaburo.com\/en\/san-pham\/keo-ron-dau-nong-ron-may-takegawa\/#breadcrumb"},"inLanguage":"en-US","potentialAction":[{"@type":"ReadAction","target":["https:\/\/motortaburo.com\/en\/san-pham\/keo-ron-dau-nong-ron-may-takegawa\/"]}]},{"@type":"ImageObject","inLanguage":"en-US","@id":"https:\/\/motortaburo.com\/en\/san-pham\/keo-ron-dau-nong-ron-may-takegawa\/#primaryimage","url":"https:\/\/motortaburo.com\/wp-content\/uploads\/2020\/05\/IMG_4583.jpg","contentUrl":"https:\/\/motortaburo.com\/wp-content\/uploads\/2020\/05\/IMG_4583.jpg","width":960,"height":960},{"@type":"BreadcrumbList","@id":"https:\/\/motortaburo.com\/en\/san-pham\/keo-ron-dau-nong-ron-may-takegawa\/#breadcrumb","itemListElement":[{"@type":"ListItem","position":1,"name":"Home","item":"https:\/\/motortaburo.com\/en\/"},{"@type":"ListItem","position":2,"name":"\u0110\u1ed3 ch\u01a1i xe","item":"https:\/\/motortaburo.com\/do-choi-xe\/"},{"@type":"ListItem","position":3,"name":"Keo ron \u0111\u1ea7u n\u00f2ng, ron m\u00e1y Takegawa"}]},{"@type":"WebSite","@id":"https:\/\/motortaburo.com\/en\/#website","url":"https:\/\/motortaburo.com\/en\/","name":"Motor Taburo - Genuine Motorcycle Parts","description":"We sell Japanese motorcycle parts","publisher":{"@id":"https:\/\/motortaburo.com\/en\/#organization"},"alternateName":"Motor Taburo","potentialAction":[{"@type":"SearchAction","target":{"@type":"EntryPoint","urlTemplate":"https:\/\/motortaburo.com\/en\/?s={search_term_string}"},"query-input":{"@type":"PropertyValueSpecification","valueRequired":true,"valueName":"search_term_string"}}],"inLanguage":"en-US"},{"@type":"Organization","@id":"https:\/\/motortaburo.com\/en\/#organization","name":"Motor Taburo - Genuine Motorcycle Parts","url":"https:\/\/motortaburo.com\/en\/","logo":{"@type":"ImageObject","inLanguage":"en-US","@id":"https:\/\/motortaburo.com\/en\/#\/schema\/logo\/image\/","url":"https:\/\/motortaburo.com\/wp-content\/uploads\/2021\/04\/Motor-Taburo-logo-512.jpg","contentUrl":"https:\/\/motortaburo.com\/wp-content\/uploads\/2021\/04\/Motor-Taburo-logo-512.jpg","width":512,"height":512,"caption":"Motor Taburo - Genuine Motorcycle Parts"},"image":{"@id":"https:\/\/motortaburo.com\/en\/#\/schema\/logo\/image\/"},"sameAs":["https:\/\/www.facebook.com\/MotorTaburo"]}]},"product_price_amount":"200000","product_price_currency":"VND","og_availability":"out of stock","product_availability":"out of stock","product_retailer_item_id":"00-01-0001","product_condition":"new"},"_links":{"self":[{"href":"https:\/\/motortaburo.com\/en\/wp-json\/wp\/v2\/product\/8232","targetHints":{"allow":["GET"]}}],"collection":[{"href":"https:\/\/motortaburo.com\/en\/wp-json\/wp\/v2\/product"}],"about":[{"href":"https:\/\/motortaburo.com\/en\/wp-json\/wp\/v2\/types\/product"}],"replies":[{"embeddable":true,"href":"https:\/\/motortaburo.com\/en\/wp-json\/wp\/v2\/comments?post=8232"}],"version-history":[{"count":0,"href":"https:\/\/motortaburo.com\/en\/wp-json\/wp\/v2\/product\/8232\/revisions"}],"wp:featuredmedia":[{"embeddable":true,"href":"https:\/\/motortaburo.com\/en\/wp-json\/wp\/v2\/media\/8216"}],"wp:attachment":[{"href":"https:\/\/motortaburo.com\/en\/wp-json\/wp\/v2\/media?parent=8232"}],"wp:term":[{"taxonomy":"product_brand","embeddable":true,"href":"https:\/\/motortaburo.com\/en\/wp-json\/wp\/v2\/product_brand?post=8232"},{"taxonomy":"product_cat","embeddable":true,"href":"https:\/\/motortaburo.com\/en\/wp-json\/wp\/v2\/product_cat?post=8232"},{"taxonomy":"product_tag","embeddable":true,"href":"https:\/\/motortaburo.com\/en\/wp-json\/wp\/v2\/product_tag?post=8232"},{"taxonomy":"danh-sach-xe","embeddable":true,"href":"https:\/\/motortaburo.com\/en\/wp-json\/wp\/v2\/danh-sach-xe?post=8232"}],"curies":[{"name":"wp","href":"https:\/\/api.w.org\/{rel}","templated":true}]}}