{"id":8488,"date":"2020-05-29T21:38:22","date_gmt":"2020-05-29T14:38:22","guid":{"rendered":"https:\/\/motortaburo.com\/?post_type=product&#038;p=8488"},"modified":"2026-01-22T18:06:00","modified_gmt":"2026-01-22T11:06:00","slug":"bo-noi-kawasaki-estrella-250","status":"publish","type":"product","link":"https:\/\/motortaburo.com\/en\/san-pham\/bo-noi-kawasaki-estrella-250\/","title":{"rendered":"B\u1ed1 n\u1ed3i Kawasaki Estrella 250"},"content":{"rendered":"","protected":false},"excerpt":{"rendered":"<p>Set b\u00e1n: 1 l\u00e1 b\u1ed1 (Xe Kawasaki Estrella c\u1ea7n ph\u1ea3i thay 5 l\u00e1 b\u1ed1).<\/p>\n<p>H\u00e0ng ch\u00ednh h\u00e3ng Kawasaki.<\/p>\n<p>S\u1ea3n xu\u1ea5t t\u1ea1i Nh\u1eadt B\u1ea3n.<\/p>\n<p>B\u1ed1 n\u1ed3i c\u1ee7a xe sau khi \u0111i m\u1ed9t th\u1eddi gian s\u1ebd b\u1ecb m\u00f2n, d\u1eabn \u0111\u1ebfn c\u00f4n hay b\u1ecb tr\u01b0\u1ee3t v\u00e0 kh\u00f4ng b\u1eaft.<\/p>\n<p>V\u00ec v\u1eady, c\u1ea7n ph\u1ea3i thay th\u1ebf.<\/p>\n","protected":false},"featured_media":38659,"comment_status":"open","ping_status":"closed","template":"","meta":[],"product_brand":[],"product_cat":[87],"product_tag":[827,826],"danh-sach-xe":[1821],"class_list":{"0":"post-8488","1":"product","2":"type-product","3":"status-publish","4":"has-post-thumbnail","6":"product_cat-bo-phan-may","7":"product_tag-noi-bj250","8":"product_tag-noi-estrella","9":"danh-sach-xe-estrella-250","11":"first","12":"instock","13":"shipping-taxable","14":"purchasable","15":"product-type-simple"},"yoast_head":"<!-- This site is optimized with the Yoast SEO Premium plugin v23.3 (Yoast SEO v27.0) - https:\/\/yoast.com\/product\/yoast-seo-premium-wordpress\/ -->\n<title>B\u1ed1 n\u1ed3i Kawasaki Estrella 250 - Motor Taburo<\/title>\n<meta name=\"robots\" content=\"index, follow, max-snippet:-1, max-image-preview:large, max-video-preview:-1\" \/>\n<link rel=\"canonical\" href=\"https:\/\/motortaburo.com\/en\/san-pham\/bo-noi-kawasaki-estrella-250\/\" \/>\n<meta property=\"og:locale\" content=\"en_US\" \/>\n<meta property=\"og:type\" content=\"article\" \/>\n<meta property=\"og:title\" content=\"B\u1ed1 n\u1ed3i Kawasaki Estrella 250\" \/>\n<meta property=\"og:description\" content=\"Set b\u00e1n: 1 l\u00e1 b\u1ed1 (Xe Kawasaki Estrella c\u1ea7n ph\u1ea3i thay 5 l\u00e1 b\u1ed1).  H\u00e0ng ch\u00ednh h\u00e3ng Kawasaki.  S\u1ea3n xu\u1ea5t t\u1ea1i Nh\u1eadt B\u1ea3n.  B\u1ed1 n\u1ed3i c\u1ee7a xe sau khi \u0111i m\u1ed9t th\u1eddi gian s\u1ebd b\u1ecb m\u00f2n, d\u1eabn \u0111\u1ebfn c\u00f4n hay b\u1ecb tr\u01b0\u1ee3t v\u00e0 kh\u00f4ng b\u1eaft.  V\u00ec v\u1eady, c\u1ea7n ph\u1ea3i thay th\u1ebf.\" \/>\n<meta property=\"og:url\" content=\"https:\/\/motortaburo.com\/en\/san-pham\/bo-noi-kawasaki-estrella-250\/\" \/>\n<meta property=\"og:site_name\" content=\"Motor Taburo - Genuine Motorcycle Parts\" \/>\n<meta property=\"article:publisher\" content=\"https:\/\/www.facebook.com\/MotorTaburo\" \/>\n<meta property=\"article:modified_time\" content=\"2026-01-22T11:06:00+00:00\" \/>\n<meta property=\"og:image\" content=\"https:\/\/motortaburo.com\/wp-content\/uploads\/2020\/05\/IMG_4876-scaled.jpg\" \/>\n\t<meta property=\"og:image:width\" content=\"2560\" \/>\n\t<meta property=\"og:image:height\" content=\"2560\" \/>\n\t<meta property=\"og:image:type\" content=\"image\/jpeg\" \/>\n<meta name=\"twitter:card\" content=\"summary_large_image\" \/>\n<meta name=\"twitter:label1\" content=\"Price\" \/>\n\t<meta name=\"twitter:data1\" content=\"660.000&nbsp;&#8363;\" \/>\n\t<meta name=\"twitter:label2\" content=\"Availability\" \/>\n\t<meta name=\"twitter:data2\" content=\"In stock\" \/>\n<script type=\"application\/ld+json\" class=\"yoast-schema-graph\">{\"@context\":\"https:\/\/schema.org\",\"@graph\":[{\"@type\":\"WebPage\",\"@id\":\"https:\/\/motortaburo.com\/en\/san-pham\/bo-noi-kawasaki-estrella-250\/\",\"url\":\"https:\/\/motortaburo.com\/en\/san-pham\/bo-noi-kawasaki-estrella-250\/\",\"name\":\"B\u1ed1 n\u1ed3i Kawasaki Estrella 250 - Motor Taburo\",\"isPartOf\":{\"@id\":\"https:\/\/motortaburo.com\/en\/#website\"},\"primaryImageOfPage\":{\"@id\":\"https:\/\/motortaburo.com\/en\/san-pham\/bo-noi-kawasaki-estrella-250\/#primaryimage\"},\"image\":{\"@id\":\"https:\/\/motortaburo.com\/en\/san-pham\/bo-noi-kawasaki-estrella-250\/#primaryimage\"},\"thumbnailUrl\":\"https:\/\/motortaburo.com\/wp-content\/uploads\/2020\/05\/IMG_4876-scaled.jpg\",\"datePublished\":\"2020-05-29T14:38:22+00:00\",\"dateModified\":\"2026-01-22T11:06:00+00:00\",\"breadcrumb\":{\"@id\":\"https:\/\/motortaburo.com\/en\/san-pham\/bo-noi-kawasaki-estrella-250\/#breadcrumb\"},\"inLanguage\":\"en-US\",\"potentialAction\":[{\"@type\":\"ReadAction\",\"target\":[\"https:\/\/motortaburo.com\/en\/san-pham\/bo-noi-kawasaki-estrella-250\/\"]}]},{\"@type\":\"ImageObject\",\"inLanguage\":\"en-US\",\"@id\":\"https:\/\/motortaburo.com\/en\/san-pham\/bo-noi-kawasaki-estrella-250\/#primaryimage\",\"url\":\"https:\/\/motortaburo.com\/wp-content\/uploads\/2020\/05\/IMG_4876-scaled.jpg\",\"contentUrl\":\"https:\/\/motortaburo.com\/wp-content\/uploads\/2020\/05\/IMG_4876-scaled.jpg\",\"width\":2560,\"height\":2560},{\"@type\":\"BreadcrumbList\",\"@id\":\"https:\/\/motortaburo.com\/en\/san-pham\/bo-noi-kawasaki-estrella-250\/#breadcrumb\",\"itemListElement\":[{\"@type\":\"ListItem\",\"position\":1,\"name\":\"Home\",\"item\":\"https:\/\/motortaburo.com\/en\/\"},{\"@type\":\"ListItem\",\"position\":2,\"name\":\"\u0110\u1ed3 ch\u01a1i xe\",\"item\":\"https:\/\/motortaburo.com\/do-choi-xe\/\"},{\"@type\":\"ListItem\",\"position\":3,\"name\":\"B\u1ed1 n\u1ed3i Kawasaki Estrella 250\"}]},{\"@type\":\"WebSite\",\"@id\":\"https:\/\/motortaburo.com\/en\/#website\",\"url\":\"https:\/\/motortaburo.com\/en\/\",\"name\":\"Motor Taburo - Genuine Motorcycle Parts\",\"description\":\"We sell Japanese motorcycle parts\",\"publisher\":{\"@id\":\"https:\/\/motortaburo.com\/en\/#organization\"},\"alternateName\":\"Motor Taburo\",\"potentialAction\":[{\"@type\":\"SearchAction\",\"target\":{\"@type\":\"EntryPoint\",\"urlTemplate\":\"https:\/\/motortaburo.com\/en\/?s={search_term_string}\"},\"query-input\":{\"@type\":\"PropertyValueSpecification\",\"valueRequired\":true,\"valueName\":\"search_term_string\"}}],\"inLanguage\":\"en-US\"},{\"@type\":\"Organization\",\"@id\":\"https:\/\/motortaburo.com\/en\/#organization\",\"name\":\"Motor Taburo - Genuine Motorcycle Parts\",\"url\":\"https:\/\/motortaburo.com\/en\/\",\"logo\":{\"@type\":\"ImageObject\",\"inLanguage\":\"en-US\",\"@id\":\"https:\/\/motortaburo.com\/en\/#\/schema\/logo\/image\/\",\"url\":\"https:\/\/motortaburo.com\/wp-content\/uploads\/2021\/04\/Motor-Taburo-logo-512.jpg\",\"contentUrl\":\"https:\/\/motortaburo.com\/wp-content\/uploads\/2021\/04\/Motor-Taburo-logo-512.jpg\",\"width\":512,\"height\":512,\"caption\":\"Motor Taburo - Genuine Motorcycle Parts\"},\"image\":{\"@id\":\"https:\/\/motortaburo.com\/en\/#\/schema\/logo\/image\/\"},\"sameAs\":[\"https:\/\/www.facebook.com\/MotorTaburo\"]}]}<\/script>\n<meta property=\"product:brand\" content=\"Kawasaki\" \/>\n<meta property=\"product:price:amount\" content=\"660000\" \/>\n<meta property=\"product:price:currency\" content=\"VND\" \/>\n<meta property=\"og:availability\" content=\"instock\" \/>\n<meta property=\"product:availability\" content=\"instock\" \/>\n<meta property=\"product:retailer_item_id\" content=\"13088-1057\" \/>\n<meta property=\"product:condition\" content=\"new\" \/>\n<!-- \/ Yoast SEO Premium plugin. -->","yoast_head_json":{"title":"B\u1ed1 n\u1ed3i Kawasaki Estrella 250 - Motor Taburo","robots":{"index":"index","follow":"follow","max-snippet":"max-snippet:-1","max-image-preview":"max-image-preview:large","max-video-preview":"max-video-preview:-1"},"canonical":"https:\/\/motortaburo.com\/en\/san-pham\/bo-noi-kawasaki-estrella-250\/","og_locale":"en_US","og_type":"article","og_title":"B\u1ed1 n\u1ed3i Kawasaki Estrella 250","og_description":"Set b\u00e1n: 1 l\u00e1 b\u1ed1 (Xe Kawasaki Estrella c\u1ea7n ph\u1ea3i thay 5 l\u00e1 b\u1ed1).  H\u00e0ng ch\u00ednh h\u00e3ng Kawasaki.  S\u1ea3n xu\u1ea5t t\u1ea1i Nh\u1eadt B\u1ea3n.  B\u1ed1 n\u1ed3i c\u1ee7a xe sau khi \u0111i m\u1ed9t th\u1eddi gian s\u1ebd b\u1ecb m\u00f2n, d\u1eabn \u0111\u1ebfn c\u00f4n hay b\u1ecb tr\u01b0\u1ee3t v\u00e0 kh\u00f4ng b\u1eaft.  V\u00ec v\u1eady, c\u1ea7n ph\u1ea3i thay th\u1ebf.","og_url":"https:\/\/motortaburo.com\/en\/san-pham\/bo-noi-kawasaki-estrella-250\/","og_site_name":"Motor Taburo - Genuine Motorcycle Parts","article_publisher":"https:\/\/www.facebook.com\/MotorTaburo","article_modified_time":"2026-01-22T11:06:00+00:00","og_image":[{"width":2560,"height":2560,"url":"https:\/\/motortaburo.com\/wp-content\/uploads\/2020\/05\/IMG_4876-scaled.jpg","type":"image\/jpeg"}],"twitter_card":"summary_large_image","twitter_misc":{"Price":"660.000&nbsp;&#8363;","Availability":"In stock"},"schema":{"@context":"https:\/\/schema.org","@graph":[{"@type":"WebPage","@id":"https:\/\/motortaburo.com\/en\/san-pham\/bo-noi-kawasaki-estrella-250\/","url":"https:\/\/motortaburo.com\/en\/san-pham\/bo-noi-kawasaki-estrella-250\/","name":"B\u1ed1 n\u1ed3i Kawasaki Estrella 250 - Motor Taburo","isPartOf":{"@id":"https:\/\/motortaburo.com\/en\/#website"},"primaryImageOfPage":{"@id":"https:\/\/motortaburo.com\/en\/san-pham\/bo-noi-kawasaki-estrella-250\/#primaryimage"},"image":{"@id":"https:\/\/motortaburo.com\/en\/san-pham\/bo-noi-kawasaki-estrella-250\/#primaryimage"},"thumbnailUrl":"https:\/\/motortaburo.com\/wp-content\/uploads\/2020\/05\/IMG_4876-scaled.jpg","datePublished":"2020-05-29T14:38:22+00:00","dateModified":"2026-01-22T11:06:00+00:00","breadcrumb":{"@id":"https:\/\/motortaburo.com\/en\/san-pham\/bo-noi-kawasaki-estrella-250\/#breadcrumb"},"inLanguage":"en-US","potentialAction":[{"@type":"ReadAction","target":["https:\/\/motortaburo.com\/en\/san-pham\/bo-noi-kawasaki-estrella-250\/"]}]},{"@type":"ImageObject","inLanguage":"en-US","@id":"https:\/\/motortaburo.com\/en\/san-pham\/bo-noi-kawasaki-estrella-250\/#primaryimage","url":"https:\/\/motortaburo.com\/wp-content\/uploads\/2020\/05\/IMG_4876-scaled.jpg","contentUrl":"https:\/\/motortaburo.com\/wp-content\/uploads\/2020\/05\/IMG_4876-scaled.jpg","width":2560,"height":2560},{"@type":"BreadcrumbList","@id":"https:\/\/motortaburo.com\/en\/san-pham\/bo-noi-kawasaki-estrella-250\/#breadcrumb","itemListElement":[{"@type":"ListItem","position":1,"name":"Home","item":"https:\/\/motortaburo.com\/en\/"},{"@type":"ListItem","position":2,"name":"\u0110\u1ed3 ch\u01a1i xe","item":"https:\/\/motortaburo.com\/do-choi-xe\/"},{"@type":"ListItem","position":3,"name":"B\u1ed1 n\u1ed3i Kawasaki Estrella 250"}]},{"@type":"WebSite","@id":"https:\/\/motortaburo.com\/en\/#website","url":"https:\/\/motortaburo.com\/en\/","name":"Motor Taburo - Genuine Motorcycle Parts","description":"We sell Japanese motorcycle parts","publisher":{"@id":"https:\/\/motortaburo.com\/en\/#organization"},"alternateName":"Motor Taburo","potentialAction":[{"@type":"SearchAction","target":{"@type":"EntryPoint","urlTemplate":"https:\/\/motortaburo.com\/en\/?s={search_term_string}"},"query-input":{"@type":"PropertyValueSpecification","valueRequired":true,"valueName":"search_term_string"}}],"inLanguage":"en-US"},{"@type":"Organization","@id":"https:\/\/motortaburo.com\/en\/#organization","name":"Motor Taburo - Genuine Motorcycle Parts","url":"https:\/\/motortaburo.com\/en\/","logo":{"@type":"ImageObject","inLanguage":"en-US","@id":"https:\/\/motortaburo.com\/en\/#\/schema\/logo\/image\/","url":"https:\/\/motortaburo.com\/wp-content\/uploads\/2021\/04\/Motor-Taburo-logo-512.jpg","contentUrl":"https:\/\/motortaburo.com\/wp-content\/uploads\/2021\/04\/Motor-Taburo-logo-512.jpg","width":512,"height":512,"caption":"Motor Taburo - Genuine Motorcycle Parts"},"image":{"@id":"https:\/\/motortaburo.com\/en\/#\/schema\/logo\/image\/"},"sameAs":["https:\/\/www.facebook.com\/MotorTaburo"]}]},"product_brand":"Kawasaki","product_price_amount":"660000","product_price_currency":"VND","og_availability":"instock","product_availability":"instock","product_retailer_item_id":"13088-1057","product_condition":"new"},"_links":{"self":[{"href":"https:\/\/motortaburo.com\/en\/wp-json\/wp\/v2\/product\/8488","targetHints":{"allow":["GET"]}}],"collection":[{"href":"https:\/\/motortaburo.com\/en\/wp-json\/wp\/v2\/product"}],"about":[{"href":"https:\/\/motortaburo.com\/en\/wp-json\/wp\/v2\/types\/product"}],"replies":[{"embeddable":true,"href":"https:\/\/motortaburo.com\/en\/wp-json\/wp\/v2\/comments?post=8488"}],"version-history":[{"count":0,"href":"https:\/\/motortaburo.com\/en\/wp-json\/wp\/v2\/product\/8488\/revisions"}],"wp:featuredmedia":[{"embeddable":true,"href":"https:\/\/motortaburo.com\/en\/wp-json\/wp\/v2\/media\/38659"}],"wp:attachment":[{"href":"https:\/\/motortaburo.com\/en\/wp-json\/wp\/v2\/media?parent=8488"}],"wp:term":[{"taxonomy":"product_brand","embeddable":true,"href":"https:\/\/motortaburo.com\/en\/wp-json\/wp\/v2\/product_brand?post=8488"},{"taxonomy":"product_cat","embeddable":true,"href":"https:\/\/motortaburo.com\/en\/wp-json\/wp\/v2\/product_cat?post=8488"},{"taxonomy":"product_tag","embeddable":true,"href":"https:\/\/motortaburo.com\/en\/wp-json\/wp\/v2\/product_tag?post=8488"},{"taxonomy":"danh-sach-xe","embeddable":true,"href":"https:\/\/motortaburo.com\/en\/wp-json\/wp\/v2\/danh-sach-xe?post=8488"}],"curies":[{"name":"wp","href":"https:\/\/api.w.org\/{rel}","templated":true}]}}