{"id":8621,"date":"2020-06-05T19:39:39","date_gmt":"2020-06-05T12:39:39","guid":{"rendered":"https:\/\/motortaburo.com\/?post_type=product&#038;p=8621"},"modified":"2026-01-22T17:41:11","modified_gmt":"2026-01-22T10:41:11","slug":"vit-3-li-dai-12mm-bat-chup-xi-nhan-honda-ss50-66-67-68-69-72","status":"publish","type":"product","link":"https:\/\/motortaburo.com\/en\/san-pham\/vit-3-li-dai-12mm-bat-chup-xi-nhan-honda-ss50-66-67-68-69-72\/","title":{"rendered":"B\u1ed9 v\u00edt 3 li d\u00e0i 12mm, xi b\u00f3ng, b\u1eaft ch\u1ee5p xi nhan Honda SS50, 66, 67, 68, 69, 72"},"content":{"rendered":"","protected":false},"excerpt":{"rendered":"<p>Set b\u00e1n: 8 con.<\/p>\n<p>Ch\u1ea5t li\u1ec7u: s\u1eaft xi b\u00f3ng (m\u1ea1 chrome).<\/p>\n<p>H\u00e0ng ch\u00ednh h\u00e3ng Honda.<\/p>\n<p>S\u1ea3n xu\u1ea5t t\u1ea1i Nh\u1eadt B\u1ea3n.<\/p>\n<p>D\u00f9ng \u0111\u1ec3 b\u1eaft ch\u1ee5p \u0111\u00e8n xi nhan d\u00f2ng Honda SS50.<\/p>\n","protected":false},"featured_media":8612,"comment_status":"open","ping_status":"closed","template":"","meta":[],"product_brand":[],"product_cat":[91],"product_tag":[862,863,864,865,866],"danh-sach-xe":[],"class_list":{"0":"post-8621","1":"product","2":"type-product","3":"status-publish","4":"has-post-thumbnail","6":"product_cat-oc-vit","7":"product_tag-oc-chup-den-xi-nhan-67","8":"product_tag-oc-chup-den-xi-nhan-ss50","9":"product_tag-vit-3-li-dai-12mm","10":"product_tag-vit-chup-den-xi-nhan-67","11":"product_tag-vit-chup-den-xi-nhan-ss50","13":"first","14":"outofstock","15":"shipping-taxable","16":"purchasable","17":"product-type-simple"},"yoast_head":"<!-- This site is optimized with the Yoast SEO Premium plugin v23.3 (Yoast SEO v27.0) - https:\/\/yoast.com\/product\/yoast-seo-premium-wordpress\/ -->\n<title>B\u1ed9 v\u00edt 3 li d\u00e0i 12mm, xi b\u00f3ng, b\u1eaft ch\u1ee5p xi nhan Honda SS50, 66, 67, 68, 69, 72 - Motor Taburo<\/title>\n<meta name=\"robots\" content=\"index, follow, max-snippet:-1, max-image-preview:large, max-video-preview:-1\" \/>\n<link rel=\"canonical\" href=\"https:\/\/motortaburo.com\/en\/san-pham\/vit-3-li-dai-12mm-bat-chup-xi-nhan-honda-ss50-66-67-68-69-72\/\" \/>\n<meta property=\"og:locale\" content=\"en_US\" \/>\n<meta property=\"og:type\" content=\"article\" \/>\n<meta property=\"og:title\" content=\"B\u1ed9 v\u00edt 3 li d\u00e0i 12mm, xi b\u00f3ng, b\u1eaft ch\u1ee5p xi nhan Honda SS50, 66, 67, 68, 69, 72\" \/>\n<meta property=\"og:description\" content=\"Set b\u00e1n: 8 con.  Ch\u1ea5t li\u1ec7u: s\u1eaft xi b\u00f3ng (m\u1ea1 chrome).  H\u00e0ng ch\u00ednh h\u00e3ng Honda.  S\u1ea3n xu\u1ea5t t\u1ea1i Nh\u1eadt B\u1ea3n.  D\u00f9ng \u0111\u1ec3 b\u1eaft ch\u1ee5p \u0111\u00e8n xi nhan d\u00f2ng Honda SS50.\" \/>\n<meta property=\"og:url\" content=\"https:\/\/motortaburo.com\/en\/san-pham\/vit-3-li-dai-12mm-bat-chup-xi-nhan-honda-ss50-66-67-68-69-72\/\" \/>\n<meta property=\"og:site_name\" content=\"Motor Taburo - Genuine Motorcycle Parts\" \/>\n<meta property=\"article:publisher\" content=\"https:\/\/www.facebook.com\/MotorTaburo\" \/>\n<meta property=\"article:modified_time\" content=\"2026-01-22T10:41:11+00:00\" \/>\n<meta property=\"og:image\" content=\"https:\/\/motortaburo.com\/wp-content\/uploads\/2020\/06\/IMG_5009.jpg\" \/>\n\t<meta property=\"og:image:width\" content=\"960\" \/>\n\t<meta property=\"og:image:height\" content=\"960\" \/>\n\t<meta property=\"og:image:type\" content=\"image\/jpeg\" \/>\n<meta name=\"twitter:card\" content=\"summary_large_image\" \/>\n<meta name=\"twitter:label1\" content=\"Price\" \/>\n\t<meta name=\"twitter:data1\" content=\"160.000&nbsp;&#8363;\" \/>\n\t<meta name=\"twitter:label2\" content=\"Availability\" \/>\n\t<meta name=\"twitter:data2\" content=\"Out of stock\" \/>\n<script type=\"application\/ld+json\" class=\"yoast-schema-graph\">{\"@context\":\"https:\/\/schema.org\",\"@graph\":[{\"@type\":\"WebPage\",\"@id\":\"https:\/\/motortaburo.com\/en\/san-pham\/vit-3-li-dai-12mm-bat-chup-xi-nhan-honda-ss50-66-67-68-69-72\/\",\"url\":\"https:\/\/motortaburo.com\/en\/san-pham\/vit-3-li-dai-12mm-bat-chup-xi-nhan-honda-ss50-66-67-68-69-72\/\",\"name\":\"B\u1ed9 v\u00edt 3 li d\u00e0i 12mm, xi b\u00f3ng, b\u1eaft ch\u1ee5p xi nhan Honda SS50, 66, 67, 68, 69, 72 - Motor Taburo\",\"isPartOf\":{\"@id\":\"https:\/\/motortaburo.com\/en\/#website\"},\"primaryImageOfPage\":{\"@id\":\"https:\/\/motortaburo.com\/en\/san-pham\/vit-3-li-dai-12mm-bat-chup-xi-nhan-honda-ss50-66-67-68-69-72\/#primaryimage\"},\"image\":{\"@id\":\"https:\/\/motortaburo.com\/en\/san-pham\/vit-3-li-dai-12mm-bat-chup-xi-nhan-honda-ss50-66-67-68-69-72\/#primaryimage\"},\"thumbnailUrl\":\"https:\/\/motortaburo.com\/wp-content\/uploads\/2020\/06\/IMG_5009.jpg\",\"datePublished\":\"2020-06-05T12:39:39+00:00\",\"dateModified\":\"2026-01-22T10:41:11+00:00\",\"breadcrumb\":{\"@id\":\"https:\/\/motortaburo.com\/en\/san-pham\/vit-3-li-dai-12mm-bat-chup-xi-nhan-honda-ss50-66-67-68-69-72\/#breadcrumb\"},\"inLanguage\":\"en-US\",\"potentialAction\":[{\"@type\":\"ReadAction\",\"target\":[\"https:\/\/motortaburo.com\/en\/san-pham\/vit-3-li-dai-12mm-bat-chup-xi-nhan-honda-ss50-66-67-68-69-72\/\"]}]},{\"@type\":\"ImageObject\",\"inLanguage\":\"en-US\",\"@id\":\"https:\/\/motortaburo.com\/en\/san-pham\/vit-3-li-dai-12mm-bat-chup-xi-nhan-honda-ss50-66-67-68-69-72\/#primaryimage\",\"url\":\"https:\/\/motortaburo.com\/wp-content\/uploads\/2020\/06\/IMG_5009.jpg\",\"contentUrl\":\"https:\/\/motortaburo.com\/wp-content\/uploads\/2020\/06\/IMG_5009.jpg\",\"width\":960,\"height\":960},{\"@type\":\"BreadcrumbList\",\"@id\":\"https:\/\/motortaburo.com\/en\/san-pham\/vit-3-li-dai-12mm-bat-chup-xi-nhan-honda-ss50-66-67-68-69-72\/#breadcrumb\",\"itemListElement\":[{\"@type\":\"ListItem\",\"position\":1,\"name\":\"Home\",\"item\":\"https:\/\/motortaburo.com\/en\/\"},{\"@type\":\"ListItem\",\"position\":2,\"name\":\"\u0110\u1ed3 ch\u01a1i xe\",\"item\":\"https:\/\/motortaburo.com\/do-choi-xe\/\"},{\"@type\":\"ListItem\",\"position\":3,\"name\":\"B\u1ed9 v\u00edt 3 li d\u00e0i 12mm, xi b\u00f3ng, b\u1eaft ch\u1ee5p xi nhan Honda SS50, 66, 67, 68, 69, 72\"}]},{\"@type\":\"WebSite\",\"@id\":\"https:\/\/motortaburo.com\/en\/#website\",\"url\":\"https:\/\/motortaburo.com\/en\/\",\"name\":\"Motor Taburo - Genuine Motorcycle Parts\",\"description\":\"We sell Japanese motorcycle parts\",\"publisher\":{\"@id\":\"https:\/\/motortaburo.com\/en\/#organization\"},\"alternateName\":\"Motor Taburo\",\"potentialAction\":[{\"@type\":\"SearchAction\",\"target\":{\"@type\":\"EntryPoint\",\"urlTemplate\":\"https:\/\/motortaburo.com\/en\/?s={search_term_string}\"},\"query-input\":{\"@type\":\"PropertyValueSpecification\",\"valueRequired\":true,\"valueName\":\"search_term_string\"}}],\"inLanguage\":\"en-US\"},{\"@type\":\"Organization\",\"@id\":\"https:\/\/motortaburo.com\/en\/#organization\",\"name\":\"Motor Taburo - Genuine Motorcycle Parts\",\"url\":\"https:\/\/motortaburo.com\/en\/\",\"logo\":{\"@type\":\"ImageObject\",\"inLanguage\":\"en-US\",\"@id\":\"https:\/\/motortaburo.com\/en\/#\/schema\/logo\/image\/\",\"url\":\"https:\/\/motortaburo.com\/wp-content\/uploads\/2021\/04\/Motor-Taburo-logo-512.jpg\",\"contentUrl\":\"https:\/\/motortaburo.com\/wp-content\/uploads\/2021\/04\/Motor-Taburo-logo-512.jpg\",\"width\":512,\"height\":512,\"caption\":\"Motor Taburo - Genuine Motorcycle Parts\"},\"image\":{\"@id\":\"https:\/\/motortaburo.com\/en\/#\/schema\/logo\/image\/\"},\"sameAs\":[\"https:\/\/www.facebook.com\/MotorTaburo\"]}]}<\/script>\n<meta property=\"product:brand\" content=\"Honda\" \/>\n<meta property=\"product:price:amount\" content=\"160000\" \/>\n<meta property=\"product:price:currency\" content=\"VND\" \/>\n<meta property=\"og:availability\" content=\"out of stock\" \/>\n<meta property=\"product:availability\" content=\"out of stock\" \/>\n<meta property=\"product:retailer_item_id\" content=\"PVN52\" \/>\n<meta property=\"product:condition\" content=\"new\" \/>\n<!-- \/ Yoast SEO Premium plugin. -->","yoast_head_json":{"title":"B\u1ed9 v\u00edt 3 li d\u00e0i 12mm, xi b\u00f3ng, b\u1eaft ch\u1ee5p xi nhan Honda SS50, 66, 67, 68, 69, 72 - Motor Taburo","robots":{"index":"index","follow":"follow","max-snippet":"max-snippet:-1","max-image-preview":"max-image-preview:large","max-video-preview":"max-video-preview:-1"},"canonical":"https:\/\/motortaburo.com\/en\/san-pham\/vit-3-li-dai-12mm-bat-chup-xi-nhan-honda-ss50-66-67-68-69-72\/","og_locale":"en_US","og_type":"article","og_title":"B\u1ed9 v\u00edt 3 li d\u00e0i 12mm, xi b\u00f3ng, b\u1eaft ch\u1ee5p xi nhan Honda SS50, 66, 67, 68, 69, 72","og_description":"Set b\u00e1n: 8 con.  Ch\u1ea5t li\u1ec7u: s\u1eaft xi b\u00f3ng (m\u1ea1 chrome).  H\u00e0ng ch\u00ednh h\u00e3ng Honda.  S\u1ea3n xu\u1ea5t t\u1ea1i Nh\u1eadt B\u1ea3n.  D\u00f9ng \u0111\u1ec3 b\u1eaft ch\u1ee5p \u0111\u00e8n xi nhan d\u00f2ng Honda SS50.","og_url":"https:\/\/motortaburo.com\/en\/san-pham\/vit-3-li-dai-12mm-bat-chup-xi-nhan-honda-ss50-66-67-68-69-72\/","og_site_name":"Motor Taburo - Genuine Motorcycle Parts","article_publisher":"https:\/\/www.facebook.com\/MotorTaburo","article_modified_time":"2026-01-22T10:41:11+00:00","og_image":[{"width":960,"height":960,"url":"https:\/\/motortaburo.com\/wp-content\/uploads\/2020\/06\/IMG_5009.jpg","type":"image\/jpeg"}],"twitter_card":"summary_large_image","twitter_misc":{"Price":"160.000&nbsp;&#8363;","Availability":"Out of stock"},"schema":{"@context":"https:\/\/schema.org","@graph":[{"@type":"WebPage","@id":"https:\/\/motortaburo.com\/en\/san-pham\/vit-3-li-dai-12mm-bat-chup-xi-nhan-honda-ss50-66-67-68-69-72\/","url":"https:\/\/motortaburo.com\/en\/san-pham\/vit-3-li-dai-12mm-bat-chup-xi-nhan-honda-ss50-66-67-68-69-72\/","name":"B\u1ed9 v\u00edt 3 li d\u00e0i 12mm, xi b\u00f3ng, b\u1eaft ch\u1ee5p xi nhan Honda SS50, 66, 67, 68, 69, 72 - Motor Taburo","isPartOf":{"@id":"https:\/\/motortaburo.com\/en\/#website"},"primaryImageOfPage":{"@id":"https:\/\/motortaburo.com\/en\/san-pham\/vit-3-li-dai-12mm-bat-chup-xi-nhan-honda-ss50-66-67-68-69-72\/#primaryimage"},"image":{"@id":"https:\/\/motortaburo.com\/en\/san-pham\/vit-3-li-dai-12mm-bat-chup-xi-nhan-honda-ss50-66-67-68-69-72\/#primaryimage"},"thumbnailUrl":"https:\/\/motortaburo.com\/wp-content\/uploads\/2020\/06\/IMG_5009.jpg","datePublished":"2020-06-05T12:39:39+00:00","dateModified":"2026-01-22T10:41:11+00:00","breadcrumb":{"@id":"https:\/\/motortaburo.com\/en\/san-pham\/vit-3-li-dai-12mm-bat-chup-xi-nhan-honda-ss50-66-67-68-69-72\/#breadcrumb"},"inLanguage":"en-US","potentialAction":[{"@type":"ReadAction","target":["https:\/\/motortaburo.com\/en\/san-pham\/vit-3-li-dai-12mm-bat-chup-xi-nhan-honda-ss50-66-67-68-69-72\/"]}]},{"@type":"ImageObject","inLanguage":"en-US","@id":"https:\/\/motortaburo.com\/en\/san-pham\/vit-3-li-dai-12mm-bat-chup-xi-nhan-honda-ss50-66-67-68-69-72\/#primaryimage","url":"https:\/\/motortaburo.com\/wp-content\/uploads\/2020\/06\/IMG_5009.jpg","contentUrl":"https:\/\/motortaburo.com\/wp-content\/uploads\/2020\/06\/IMG_5009.jpg","width":960,"height":960},{"@type":"BreadcrumbList","@id":"https:\/\/motortaburo.com\/en\/san-pham\/vit-3-li-dai-12mm-bat-chup-xi-nhan-honda-ss50-66-67-68-69-72\/#breadcrumb","itemListElement":[{"@type":"ListItem","position":1,"name":"Home","item":"https:\/\/motortaburo.com\/en\/"},{"@type":"ListItem","position":2,"name":"\u0110\u1ed3 ch\u01a1i xe","item":"https:\/\/motortaburo.com\/do-choi-xe\/"},{"@type":"ListItem","position":3,"name":"B\u1ed9 v\u00edt 3 li d\u00e0i 12mm, xi b\u00f3ng, b\u1eaft ch\u1ee5p xi nhan Honda SS50, 66, 67, 68, 69, 72"}]},{"@type":"WebSite","@id":"https:\/\/motortaburo.com\/en\/#website","url":"https:\/\/motortaburo.com\/en\/","name":"Motor Taburo - Genuine Motorcycle Parts","description":"We sell Japanese motorcycle parts","publisher":{"@id":"https:\/\/motortaburo.com\/en\/#organization"},"alternateName":"Motor Taburo","potentialAction":[{"@type":"SearchAction","target":{"@type":"EntryPoint","urlTemplate":"https:\/\/motortaburo.com\/en\/?s={search_term_string}"},"query-input":{"@type":"PropertyValueSpecification","valueRequired":true,"valueName":"search_term_string"}}],"inLanguage":"en-US"},{"@type":"Organization","@id":"https:\/\/motortaburo.com\/en\/#organization","name":"Motor Taburo - Genuine Motorcycle Parts","url":"https:\/\/motortaburo.com\/en\/","logo":{"@type":"ImageObject","inLanguage":"en-US","@id":"https:\/\/motortaburo.com\/en\/#\/schema\/logo\/image\/","url":"https:\/\/motortaburo.com\/wp-content\/uploads\/2021\/04\/Motor-Taburo-logo-512.jpg","contentUrl":"https:\/\/motortaburo.com\/wp-content\/uploads\/2021\/04\/Motor-Taburo-logo-512.jpg","width":512,"height":512,"caption":"Motor Taburo - Genuine Motorcycle Parts"},"image":{"@id":"https:\/\/motortaburo.com\/en\/#\/schema\/logo\/image\/"},"sameAs":["https:\/\/www.facebook.com\/MotorTaburo"]}]},"product_brand":"Honda","product_price_amount":"160000","product_price_currency":"VND","og_availability":"out of stock","product_availability":"out of stock","product_retailer_item_id":"PVN52","product_condition":"new"},"_links":{"self":[{"href":"https:\/\/motortaburo.com\/en\/wp-json\/wp\/v2\/product\/8621","targetHints":{"allow":["GET"]}}],"collection":[{"href":"https:\/\/motortaburo.com\/en\/wp-json\/wp\/v2\/product"}],"about":[{"href":"https:\/\/motortaburo.com\/en\/wp-json\/wp\/v2\/types\/product"}],"replies":[{"embeddable":true,"href":"https:\/\/motortaburo.com\/en\/wp-json\/wp\/v2\/comments?post=8621"}],"version-history":[{"count":0,"href":"https:\/\/motortaburo.com\/en\/wp-json\/wp\/v2\/product\/8621\/revisions"}],"wp:featuredmedia":[{"embeddable":true,"href":"https:\/\/motortaburo.com\/en\/wp-json\/wp\/v2\/media\/8612"}],"wp:attachment":[{"href":"https:\/\/motortaburo.com\/en\/wp-json\/wp\/v2\/media?parent=8621"}],"wp:term":[{"taxonomy":"product_brand","embeddable":true,"href":"https:\/\/motortaburo.com\/en\/wp-json\/wp\/v2\/product_brand?post=8621"},{"taxonomy":"product_cat","embeddable":true,"href":"https:\/\/motortaburo.com\/en\/wp-json\/wp\/v2\/product_cat?post=8621"},{"taxonomy":"product_tag","embeddable":true,"href":"https:\/\/motortaburo.com\/en\/wp-json\/wp\/v2\/product_tag?post=8621"},{"taxonomy":"danh-sach-xe","embeddable":true,"href":"https:\/\/motortaburo.com\/en\/wp-json\/wp\/v2\/danh-sach-xe?post=8621"}],"curies":[{"name":"wp","href":"https:\/\/api.w.org\/{rel}","templated":true}]}}