{"id":9275,"date":"2020-08-14T17:01:13","date_gmt":"2020-08-14T10:01:13","guid":{"rendered":"https:\/\/motortaburo.com\/?post_type=product&#038;p=9275"},"modified":"2026-01-22T18:06:20","modified_gmt":"2026-01-22T11:06:20","slug":"canh-buom-tan-nhiet-billet-g-craft","status":"publish","type":"product","link":"https:\/\/motortaburo.com\/en\/san-pham\/canh-buom-tan-nhiet-billet-g-craft\/","title":{"rendered":"C\u00e1nh b\u01b0\u1edbm t\u1ea3n nhi\u1ec7t Billet G-Craft"},"content":{"rendered":"<p>T\u00e1c d\u1ee5ng l\u00e0m m\u00e1t cho nh\u1edbt m\u00e1y.<\/p>\n<p>Gi\u00fap xe v\u1eadn h\u00e0nh tr\u01a1n tru, \u00eam \u00e1i h\u01a1n.<\/p>\n","protected":false},"excerpt":{"rendered":"<p>C\u00e1nh b\u01b0\u1edbm t\u1ea3n nhi\u1ec7t G-Craft.<\/p>\n<p>Ch\u1ea5t li\u1ec7u: Nh\u00f4m Aluminum.<\/p>\n<p>S\u1ea3n xu\u1ea5t t\u1ea1i Nh\u1eadt B\u1ea3n.<\/p>\n<p>M\u1eabu m\u00e3 \u0111\u1eb9p, b\u1eaft m\u1eaft. \u0110\u1ed9 ho\u00e0n thi\u1ec7n \u1edf m\u1ee9c cao c\u1ea5p.<\/p>\n<p>T\u00e1c d\u1ee5ng: T\u1ea3n nhi\u1ec7t, l\u00e0m m\u00e1t cho \u0111\u1ed9ng c\u01a1.<\/p>\n","protected":false},"featured_media":9286,"comment_status":"open","ping_status":"closed","template":"","meta":[],"product_brand":[],"product_cat":[142],"product_tag":[348,351,353,354,355],"danh-sach-xe":[1876,1860,1859,1850,1847,1846,1845,1844,1843,1813,1830,1865,1866],"class_list":{"0":"post-9275","1":"product","2":"type-product","3":"status-publish","4":"has-post-thumbnail","6":"product_cat-he-thong-lam-mat","7":"product_tag-aluminum","8":"product_tag-g-craft","9":"product_tag-gcraft","10":"product_tag-oil-cooler","11":"product_tag-right-cover","12":"danh-sach-xe-cd50s","13":"danh-sach-xe-cl50","14":"danh-sach-xe-dax-st50","15":"danh-sach-xe-monkey-50","16":"danh-sach-xe-ss50-67","17":"danh-sach-xe-ss50-68","18":"danh-sach-xe-ss50-69","19":"danh-sach-xe-ss50-72","20":"danh-sach-xe-ss50z","21":"danh-sach-xe-cd50-benly","22":"danh-sach-xe-dream-thai-110","23":"danh-sach-xe-cac-xe-co-dau-quy-lat-thong-dung-cua-cac-hang-khac","24":"danh-sach-xe-xe-may-ngang","26":"first","27":"outofstock","28":"shipping-taxable","29":"purchasable","30":"product-type-variable"},"yoast_head":"<!-- This site is optimized with the Yoast SEO Premium plugin v23.3 (Yoast SEO v27.0) - https:\/\/yoast.com\/product\/yoast-seo-premium-wordpress\/ -->\n<title>C\u00e1nh b\u01b0\u1edbm t\u1ea3n nhi\u1ec7t Billet G-Craft - Motor Taburo<\/title>\n<meta name=\"robots\" content=\"index, follow, max-snippet:-1, max-image-preview:large, max-video-preview:-1\" \/>\n<link rel=\"canonical\" href=\"https:\/\/motortaburo.com\/en\/san-pham\/canh-buom-tan-nhiet-billet-g-craft\/\" \/>\n<meta property=\"og:locale\" content=\"en_US\" \/>\n<meta property=\"og:type\" content=\"article\" \/>\n<meta property=\"og:title\" content=\"C\u00e1nh b\u01b0\u1edbm t\u1ea3n nhi\u1ec7t Billet G-Craft\" \/>\n<meta property=\"og:description\" content=\"C\u00e1nh b\u01b0\u1edbm t\u1ea3n nhi\u1ec7t G-Craft.  Ch\u1ea5t li\u1ec7u: Nh\u00f4m Aluminum.  S\u1ea3n xu\u1ea5t t\u1ea1i Nh\u1eadt B\u1ea3n.  M\u1eabu m\u00e3 \u0111\u1eb9p, b\u1eaft m\u1eaft. \u0110\u1ed9 ho\u00e0n thi\u1ec7n \u1edf m\u1ee9c cao c\u1ea5p.  T\u00e1c d\u1ee5ng: T\u1ea3n nhi\u1ec7t, l\u00e0m m\u00e1t cho \u0111\u1ed9ng c\u01a1.\" \/>\n<meta property=\"og:url\" content=\"https:\/\/motortaburo.com\/en\/san-pham\/canh-buom-tan-nhiet-billet-g-craft\/\" \/>\n<meta property=\"og:site_name\" content=\"Motor Taburo - Genuine Motorcycle Parts\" \/>\n<meta property=\"article:publisher\" content=\"https:\/\/www.facebook.com\/MotorTaburo\" \/>\n<meta property=\"article:modified_time\" content=\"2026-01-22T11:06:20+00:00\" \/>\n<meta property=\"og:image\" content=\"https:\/\/motortaburo.com\/wp-content\/uploads\/2020\/08\/IMG_20190813_1341170.jpg\" \/>\n\t<meta property=\"og:image:width\" content=\"1280\" \/>\n\t<meta property=\"og:image:height\" content=\"959\" \/>\n\t<meta property=\"og:image:type\" content=\"image\/jpeg\" \/>\n<meta name=\"twitter:card\" content=\"summary_large_image\" \/>\n<meta name=\"twitter:label1\" content=\"Availability\" \/>\n\t<meta name=\"twitter:data1\" content=\"Out of stock\" \/>\n<script type=\"application\/ld+json\" class=\"yoast-schema-graph\">{\"@context\":\"https:\/\/schema.org\",\"@graph\":[{\"@type\":\"WebPage\",\"@id\":\"https:\/\/motortaburo.com\/en\/san-pham\/canh-buom-tan-nhiet-billet-g-craft\/\",\"url\":\"https:\/\/motortaburo.com\/en\/san-pham\/canh-buom-tan-nhiet-billet-g-craft\/\",\"name\":\"C\u00e1nh b\u01b0\u1edbm t\u1ea3n nhi\u1ec7t Billet G-Craft - Motor Taburo\",\"isPartOf\":{\"@id\":\"https:\/\/motortaburo.com\/en\/#website\"},\"primaryImageOfPage\":{\"@id\":\"https:\/\/motortaburo.com\/en\/san-pham\/canh-buom-tan-nhiet-billet-g-craft\/#primaryimage\"},\"image\":{\"@id\":\"https:\/\/motortaburo.com\/en\/san-pham\/canh-buom-tan-nhiet-billet-g-craft\/#primaryimage\"},\"thumbnailUrl\":\"https:\/\/motortaburo.com\/wp-content\/uploads\/2020\/08\/IMG_20190813_1341170.jpg\",\"datePublished\":\"2020-08-14T10:01:13+00:00\",\"dateModified\":\"2026-01-22T11:06:20+00:00\",\"breadcrumb\":{\"@id\":\"https:\/\/motortaburo.com\/en\/san-pham\/canh-buom-tan-nhiet-billet-g-craft\/#breadcrumb\"},\"inLanguage\":\"en-US\",\"potentialAction\":[{\"@type\":\"ReadAction\",\"target\":[\"https:\/\/motortaburo.com\/en\/san-pham\/canh-buom-tan-nhiet-billet-g-craft\/\"]}]},{\"@type\":\"ImageObject\",\"inLanguage\":\"en-US\",\"@id\":\"https:\/\/motortaburo.com\/en\/san-pham\/canh-buom-tan-nhiet-billet-g-craft\/#primaryimage\",\"url\":\"https:\/\/motortaburo.com\/wp-content\/uploads\/2020\/08\/IMG_20190813_1341170.jpg\",\"contentUrl\":\"https:\/\/motortaburo.com\/wp-content\/uploads\/2020\/08\/IMG_20190813_1341170.jpg\",\"width\":1280,\"height\":959},{\"@type\":\"BreadcrumbList\",\"@id\":\"https:\/\/motortaburo.com\/en\/san-pham\/canh-buom-tan-nhiet-billet-g-craft\/#breadcrumb\",\"itemListElement\":[{\"@type\":\"ListItem\",\"position\":1,\"name\":\"Home\",\"item\":\"https:\/\/motortaburo.com\/en\/\"},{\"@type\":\"ListItem\",\"position\":2,\"name\":\"\u0110\u1ed3 ch\u01a1i xe\",\"item\":\"https:\/\/motortaburo.com\/do-choi-xe\/\"},{\"@type\":\"ListItem\",\"position\":3,\"name\":\"C\u00e1nh b\u01b0\u1edbm t\u1ea3n nhi\u1ec7t Billet G-Craft\"}]},{\"@type\":\"WebSite\",\"@id\":\"https:\/\/motortaburo.com\/en\/#website\",\"url\":\"https:\/\/motortaburo.com\/en\/\",\"name\":\"Motor Taburo - Genuine Motorcycle Parts\",\"description\":\"We sell Japanese motorcycle parts\",\"publisher\":{\"@id\":\"https:\/\/motortaburo.com\/en\/#organization\"},\"alternateName\":\"Motor Taburo\",\"potentialAction\":[{\"@type\":\"SearchAction\",\"target\":{\"@type\":\"EntryPoint\",\"urlTemplate\":\"https:\/\/motortaburo.com\/en\/?s={search_term_string}\"},\"query-input\":{\"@type\":\"PropertyValueSpecification\",\"valueRequired\":true,\"valueName\":\"search_term_string\"}}],\"inLanguage\":\"en-US\"},{\"@type\":\"Organization\",\"@id\":\"https:\/\/motortaburo.com\/en\/#organization\",\"name\":\"Motor Taburo - Genuine Motorcycle Parts\",\"url\":\"https:\/\/motortaburo.com\/en\/\",\"logo\":{\"@type\":\"ImageObject\",\"inLanguage\":\"en-US\",\"@id\":\"https:\/\/motortaburo.com\/en\/#\/schema\/logo\/image\/\",\"url\":\"https:\/\/motortaburo.com\/wp-content\/uploads\/2021\/04\/Motor-Taburo-logo-512.jpg\",\"contentUrl\":\"https:\/\/motortaburo.com\/wp-content\/uploads\/2021\/04\/Motor-Taburo-logo-512.jpg\",\"width\":512,\"height\":512,\"caption\":\"Motor Taburo - Genuine Motorcycle Parts\"},\"image\":{\"@id\":\"https:\/\/motortaburo.com\/en\/#\/schema\/logo\/image\/\"},\"sameAs\":[\"https:\/\/www.facebook.com\/MotorTaburo\"]}]}<\/script>\n<meta property=\"product:brand\" content=\"G-Craft\" \/>\n<meta property=\"og:availability\" content=\"out of stock\" \/>\n<meta property=\"product:availability\" content=\"out of stock\" \/>\n<meta property=\"product:condition\" content=\"new\" \/>\n<!-- \/ Yoast SEO Premium plugin. -->","yoast_head_json":{"title":"C\u00e1nh b\u01b0\u1edbm t\u1ea3n nhi\u1ec7t Billet G-Craft - Motor Taburo","robots":{"index":"index","follow":"follow","max-snippet":"max-snippet:-1","max-image-preview":"max-image-preview:large","max-video-preview":"max-video-preview:-1"},"canonical":"https:\/\/motortaburo.com\/en\/san-pham\/canh-buom-tan-nhiet-billet-g-craft\/","og_locale":"en_US","og_type":"article","og_title":"C\u00e1nh b\u01b0\u1edbm t\u1ea3n nhi\u1ec7t Billet G-Craft","og_description":"C\u00e1nh b\u01b0\u1edbm t\u1ea3n nhi\u1ec7t G-Craft.  Ch\u1ea5t li\u1ec7u: Nh\u00f4m Aluminum.  S\u1ea3n xu\u1ea5t t\u1ea1i Nh\u1eadt B\u1ea3n.  M\u1eabu m\u00e3 \u0111\u1eb9p, b\u1eaft m\u1eaft. \u0110\u1ed9 ho\u00e0n thi\u1ec7n \u1edf m\u1ee9c cao c\u1ea5p.  T\u00e1c d\u1ee5ng: T\u1ea3n nhi\u1ec7t, l\u00e0m m\u00e1t cho \u0111\u1ed9ng c\u01a1.","og_url":"https:\/\/motortaburo.com\/en\/san-pham\/canh-buom-tan-nhiet-billet-g-craft\/","og_site_name":"Motor Taburo - Genuine Motorcycle Parts","article_publisher":"https:\/\/www.facebook.com\/MotorTaburo","article_modified_time":"2026-01-22T11:06:20+00:00","og_image":[{"width":1280,"height":959,"url":"https:\/\/motortaburo.com\/wp-content\/uploads\/2020\/08\/IMG_20190813_1341170.jpg","type":"image\/jpeg"}],"twitter_card":"summary_large_image","twitter_misc":{"Availability":"Out of stock"},"schema":{"@context":"https:\/\/schema.org","@graph":[{"@type":"WebPage","@id":"https:\/\/motortaburo.com\/en\/san-pham\/canh-buom-tan-nhiet-billet-g-craft\/","url":"https:\/\/motortaburo.com\/en\/san-pham\/canh-buom-tan-nhiet-billet-g-craft\/","name":"C\u00e1nh b\u01b0\u1edbm t\u1ea3n nhi\u1ec7t Billet G-Craft - Motor Taburo","isPartOf":{"@id":"https:\/\/motortaburo.com\/en\/#website"},"primaryImageOfPage":{"@id":"https:\/\/motortaburo.com\/en\/san-pham\/canh-buom-tan-nhiet-billet-g-craft\/#primaryimage"},"image":{"@id":"https:\/\/motortaburo.com\/en\/san-pham\/canh-buom-tan-nhiet-billet-g-craft\/#primaryimage"},"thumbnailUrl":"https:\/\/motortaburo.com\/wp-content\/uploads\/2020\/08\/IMG_20190813_1341170.jpg","datePublished":"2020-08-14T10:01:13+00:00","dateModified":"2026-01-22T11:06:20+00:00","breadcrumb":{"@id":"https:\/\/motortaburo.com\/en\/san-pham\/canh-buom-tan-nhiet-billet-g-craft\/#breadcrumb"},"inLanguage":"en-US","potentialAction":[{"@type":"ReadAction","target":["https:\/\/motortaburo.com\/en\/san-pham\/canh-buom-tan-nhiet-billet-g-craft\/"]}]},{"@type":"ImageObject","inLanguage":"en-US","@id":"https:\/\/motortaburo.com\/en\/san-pham\/canh-buom-tan-nhiet-billet-g-craft\/#primaryimage","url":"https:\/\/motortaburo.com\/wp-content\/uploads\/2020\/08\/IMG_20190813_1341170.jpg","contentUrl":"https:\/\/motortaburo.com\/wp-content\/uploads\/2020\/08\/IMG_20190813_1341170.jpg","width":1280,"height":959},{"@type":"BreadcrumbList","@id":"https:\/\/motortaburo.com\/en\/san-pham\/canh-buom-tan-nhiet-billet-g-craft\/#breadcrumb","itemListElement":[{"@type":"ListItem","position":1,"name":"Home","item":"https:\/\/motortaburo.com\/en\/"},{"@type":"ListItem","position":2,"name":"\u0110\u1ed3 ch\u01a1i xe","item":"https:\/\/motortaburo.com\/do-choi-xe\/"},{"@type":"ListItem","position":3,"name":"C\u00e1nh b\u01b0\u1edbm t\u1ea3n nhi\u1ec7t Billet G-Craft"}]},{"@type":"WebSite","@id":"https:\/\/motortaburo.com\/en\/#website","url":"https:\/\/motortaburo.com\/en\/","name":"Motor Taburo - Genuine Motorcycle Parts","description":"We sell Japanese motorcycle parts","publisher":{"@id":"https:\/\/motortaburo.com\/en\/#organization"},"alternateName":"Motor Taburo","potentialAction":[{"@type":"SearchAction","target":{"@type":"EntryPoint","urlTemplate":"https:\/\/motortaburo.com\/en\/?s={search_term_string}"},"query-input":{"@type":"PropertyValueSpecification","valueRequired":true,"valueName":"search_term_string"}}],"inLanguage":"en-US"},{"@type":"Organization","@id":"https:\/\/motortaburo.com\/en\/#organization","name":"Motor Taburo - Genuine Motorcycle Parts","url":"https:\/\/motortaburo.com\/en\/","logo":{"@type":"ImageObject","inLanguage":"en-US","@id":"https:\/\/motortaburo.com\/en\/#\/schema\/logo\/image\/","url":"https:\/\/motortaburo.com\/wp-content\/uploads\/2021\/04\/Motor-Taburo-logo-512.jpg","contentUrl":"https:\/\/motortaburo.com\/wp-content\/uploads\/2021\/04\/Motor-Taburo-logo-512.jpg","width":512,"height":512,"caption":"Motor Taburo - Genuine Motorcycle Parts"},"image":{"@id":"https:\/\/motortaburo.com\/en\/#\/schema\/logo\/image\/"},"sameAs":["https:\/\/www.facebook.com\/MotorTaburo"]}]},"product_brand":"G-Craft","og_availability":"out of stock","product_availability":"out of stock","product_condition":"new"},"_links":{"self":[{"href":"https:\/\/motortaburo.com\/en\/wp-json\/wp\/v2\/product\/9275","targetHints":{"allow":["GET"]}}],"collection":[{"href":"https:\/\/motortaburo.com\/en\/wp-json\/wp\/v2\/product"}],"about":[{"href":"https:\/\/motortaburo.com\/en\/wp-json\/wp\/v2\/types\/product"}],"replies":[{"embeddable":true,"href":"https:\/\/motortaburo.com\/en\/wp-json\/wp\/v2\/comments?post=9275"}],"version-history":[{"count":0,"href":"https:\/\/motortaburo.com\/en\/wp-json\/wp\/v2\/product\/9275\/revisions"}],"wp:featuredmedia":[{"embeddable":true,"href":"https:\/\/motortaburo.com\/en\/wp-json\/wp\/v2\/media\/9286"}],"wp:attachment":[{"href":"https:\/\/motortaburo.com\/en\/wp-json\/wp\/v2\/media?parent=9275"}],"wp:term":[{"taxonomy":"product_brand","embeddable":true,"href":"https:\/\/motortaburo.com\/en\/wp-json\/wp\/v2\/product_brand?post=9275"},{"taxonomy":"product_cat","embeddable":true,"href":"https:\/\/motortaburo.com\/en\/wp-json\/wp\/v2\/product_cat?post=9275"},{"taxonomy":"product_tag","embeddable":true,"href":"https:\/\/motortaburo.com\/en\/wp-json\/wp\/v2\/product_tag?post=9275"},{"taxonomy":"danh-sach-xe","embeddable":true,"href":"https:\/\/motortaburo.com\/en\/wp-json\/wp\/v2\/danh-sach-xe?post=9275"}],"curies":[{"name":"wp","href":"https:\/\/api.w.org\/{rel}","templated":true}]}}