{"id":9540,"date":"2020-09-21T20:50:36","date_gmt":"2020-09-21T20:50:36","guid":{"rendered":"https:\/\/motortaburo.com\/?post_type=product&#038;p=9540"},"modified":"2026-01-22T18:07:07","modified_gmt":"2026-01-22T11:07:07","slug":"loc-xang-nam-cham-hang-chinh-hang-kijima","status":"publish","type":"product","link":"https:\/\/motortaburo.com\/en\/san-pham\/loc-xang-nam-cham-hang-chinh-hang-kijima\/","title":{"rendered":"L\u1ecdc x\u0103ng nam ch\u00e2m, h\u00e0ng ch\u00ednh h\u00e3ng Kijima"},"content":{"rendered":"","protected":false},"excerpt":{"rendered":"<p>Set b\u00e1n: 1 c\u00e1i.<\/p>\n<p>H\u00e0ng ch\u00ednh h\u00e3ng Kijima.<\/p>\n<p>S\u1ea3n xu\u1ea5t t\u1ea1i Nh\u1eadt B\u1ea3n.<\/p>\n<p>V\u1edbi ch\u1ee9c n\u0103ng l\u1ecdc 2 l\u1edbp<\/p>\n<ul>\n<li>L\u1edbp l\u01b0\u1edbi l\u1ecdc b\u00ean tr\u00ean s\u1ebd l\u1ecdc c\u00e1c c\u1eb7n c\u00f3 k\u00edch th\u01b0\u1edbc l\u1edbn.<\/li>\n<li>Th\u1ecfi nam ch\u00e2m \u1edf trong s\u1ebd gi\u1eef l\u1ea1i c\u00e1c c\u1eb7n kim lo\u1ea1i nh\u1ecf m\u00e0 l\u1edbp l\u01b0\u1edbi kh\u00f4ng l\u1ecdc \u0111\u01b0\u1ee3c.<\/li>\n<\/ul>\n<p>Gi\u00fap cho nhi\u00ean li\u1ec7u \u0111i v\u00e0o b\u00ecnh x\u0103ng con th\u1eadt s\u1ea1ch.<\/p>\n","protected":false},"featured_media":39796,"comment_status":"open","ping_status":"closed","template":"","meta":[],"product_brand":[],"product_cat":[234],"product_tag":[966,967,83],"danh-sach-xe":[],"class_list":{"0":"post-9540","1":"product","2":"type-product","3":"status-publish","4":"has-post-thumbnail","6":"product_cat-loc-xang-day-xang","7":"product_tag-loc-xang-nam-cham","8":"product_tag-loc-xang-nam-cham-kijima","9":"product_tag-woocommerce","11":"first","12":"outofstock","13":"shipping-taxable","14":"purchasable","15":"product-type-simple"},"yoast_head":"<!-- This site is optimized with the Yoast SEO Premium plugin v23.3 (Yoast SEO v27.0) - https:\/\/yoast.com\/product\/yoast-seo-premium-wordpress\/ -->\n<title>L\u1ecdc x\u0103ng nam ch\u00e2m, h\u00e0ng ch\u00ednh h\u00e3ng Kijima - Motor Taburo<\/title>\n<meta name=\"robots\" content=\"index, follow, max-snippet:-1, max-image-preview:large, max-video-preview:-1\" \/>\n<link rel=\"canonical\" href=\"https:\/\/motortaburo.com\/en\/san-pham\/loc-xang-nam-cham-hang-chinh-hang-kijima\/\" \/>\n<meta property=\"og:locale\" content=\"en_US\" \/>\n<meta property=\"og:type\" content=\"article\" \/>\n<meta property=\"og:title\" content=\"L\u1ecdc x\u0103ng nam ch\u00e2m, h\u00e0ng ch\u00ednh h\u00e3ng Kijima\" \/>\n<meta property=\"og:description\" content=\"Set b\u00e1n: 1 c\u00e1i.  H\u00e0ng ch\u00ednh h\u00e3ng Kijima.  S\u1ea3n xu\u1ea5t t\u1ea1i Nh\u1eadt B\u1ea3n.  V\u1edbi ch\u1ee9c n\u0103ng l\u1ecdc 2 l\u1edbp   L\u1edbp l\u01b0\u1edbi l\u1ecdc b\u00ean tr\u00ean s\u1ebd l\u1ecdc c\u00e1c c\u1eb7n c\u00f3 k\u00edch th\u01b0\u1edbc l\u1edbn.  Th\u1ecfi nam ch\u00e2m \u1edf trong s\u1ebd gi\u1eef l\u1ea1i c\u00e1c c\u1eb7n kim lo\u1ea1i nh\u1ecf m\u00e0 l\u1edbp l\u01b0\u1edbi kh\u00f4ng l\u1ecdc \u0111\u01b0\u1ee3c.  Gi\u00fap cho nhi\u00ean li\u1ec7u \u0111i v\u00e0o b\u00ecnh x\u0103ng con th\u1eadt s\u1ea1ch.\" \/>\n<meta property=\"og:url\" content=\"https:\/\/motortaburo.com\/en\/san-pham\/loc-xang-nam-cham-hang-chinh-hang-kijima\/\" \/>\n<meta property=\"og:site_name\" content=\"Motor Taburo - Genuine Motorcycle Parts\" \/>\n<meta property=\"article:publisher\" content=\"https:\/\/www.facebook.com\/MotorTaburo\" \/>\n<meta property=\"article:modified_time\" content=\"2026-01-22T11:07:07+00:00\" \/>\n<meta property=\"og:image\" content=\"https:\/\/motortaburo.com\/wp-content\/uploads\/2020\/09\/IMG_6084.jpg\" \/>\n\t<meta property=\"og:image:width\" content=\"1280\" \/>\n\t<meta property=\"og:image:height\" content=\"1280\" \/>\n\t<meta property=\"og:image:type\" content=\"image\/jpeg\" \/>\n<meta name=\"twitter:card\" content=\"summary_large_image\" \/>\n<meta name=\"twitter:label1\" content=\"Price\" \/>\n\t<meta name=\"twitter:data1\" content=\"245.000&nbsp;&#8363;\" \/>\n\t<meta name=\"twitter:label2\" content=\"Availability\" \/>\n\t<meta name=\"twitter:data2\" content=\"Out of stock\" \/>\n<script type=\"application\/ld+json\" class=\"yoast-schema-graph\">{\"@context\":\"https:\/\/schema.org\",\"@graph\":[{\"@type\":\"WebPage\",\"@id\":\"https:\/\/motortaburo.com\/en\/san-pham\/loc-xang-nam-cham-hang-chinh-hang-kijima\/\",\"url\":\"https:\/\/motortaburo.com\/en\/san-pham\/loc-xang-nam-cham-hang-chinh-hang-kijima\/\",\"name\":\"L\u1ecdc x\u0103ng nam ch\u00e2m, h\u00e0ng ch\u00ednh h\u00e3ng Kijima - Motor Taburo\",\"isPartOf\":{\"@id\":\"https:\/\/motortaburo.com\/en\/#website\"},\"primaryImageOfPage\":{\"@id\":\"https:\/\/motortaburo.com\/en\/san-pham\/loc-xang-nam-cham-hang-chinh-hang-kijima\/#primaryimage\"},\"image\":{\"@id\":\"https:\/\/motortaburo.com\/en\/san-pham\/loc-xang-nam-cham-hang-chinh-hang-kijima\/#primaryimage\"},\"thumbnailUrl\":\"https:\/\/motortaburo.com\/wp-content\/uploads\/2020\/09\/IMG_6084.jpg\",\"datePublished\":\"2020-09-21T20:50:36+00:00\",\"dateModified\":\"2026-01-22T11:07:07+00:00\",\"breadcrumb\":{\"@id\":\"https:\/\/motortaburo.com\/en\/san-pham\/loc-xang-nam-cham-hang-chinh-hang-kijima\/#breadcrumb\"},\"inLanguage\":\"en-US\",\"potentialAction\":[{\"@type\":\"ReadAction\",\"target\":[\"https:\/\/motortaburo.com\/en\/san-pham\/loc-xang-nam-cham-hang-chinh-hang-kijima\/\"]}]},{\"@type\":\"ImageObject\",\"inLanguage\":\"en-US\",\"@id\":\"https:\/\/motortaburo.com\/en\/san-pham\/loc-xang-nam-cham-hang-chinh-hang-kijima\/#primaryimage\",\"url\":\"https:\/\/motortaburo.com\/wp-content\/uploads\/2020\/09\/IMG_6084.jpg\",\"contentUrl\":\"https:\/\/motortaburo.com\/wp-content\/uploads\/2020\/09\/IMG_6084.jpg\",\"width\":1280,\"height\":1280},{\"@type\":\"BreadcrumbList\",\"@id\":\"https:\/\/motortaburo.com\/en\/san-pham\/loc-xang-nam-cham-hang-chinh-hang-kijima\/#breadcrumb\",\"itemListElement\":[{\"@type\":\"ListItem\",\"position\":1,\"name\":\"Home\",\"item\":\"https:\/\/motortaburo.com\/en\/\"},{\"@type\":\"ListItem\",\"position\":2,\"name\":\"\u0110\u1ed3 ch\u01a1i xe\",\"item\":\"https:\/\/motortaburo.com\/do-choi-xe\/\"},{\"@type\":\"ListItem\",\"position\":3,\"name\":\"L\u1ecdc x\u0103ng nam ch\u00e2m, h\u00e0ng ch\u00ednh h\u00e3ng Kijima\"}]},{\"@type\":\"WebSite\",\"@id\":\"https:\/\/motortaburo.com\/en\/#website\",\"url\":\"https:\/\/motortaburo.com\/en\/\",\"name\":\"Motor Taburo - Genuine Motorcycle Parts\",\"description\":\"We sell Japanese motorcycle parts\",\"publisher\":{\"@id\":\"https:\/\/motortaburo.com\/en\/#organization\"},\"alternateName\":\"Motor Taburo\",\"potentialAction\":[{\"@type\":\"SearchAction\",\"target\":{\"@type\":\"EntryPoint\",\"urlTemplate\":\"https:\/\/motortaburo.com\/en\/?s={search_term_string}\"},\"query-input\":{\"@type\":\"PropertyValueSpecification\",\"valueRequired\":true,\"valueName\":\"search_term_string\"}}],\"inLanguage\":\"en-US\"},{\"@type\":\"Organization\",\"@id\":\"https:\/\/motortaburo.com\/en\/#organization\",\"name\":\"Motor Taburo - Genuine Motorcycle Parts\",\"url\":\"https:\/\/motortaburo.com\/en\/\",\"logo\":{\"@type\":\"ImageObject\",\"inLanguage\":\"en-US\",\"@id\":\"https:\/\/motortaburo.com\/en\/#\/schema\/logo\/image\/\",\"url\":\"https:\/\/motortaburo.com\/wp-content\/uploads\/2021\/04\/Motor-Taburo-logo-512.jpg\",\"contentUrl\":\"https:\/\/motortaburo.com\/wp-content\/uploads\/2021\/04\/Motor-Taburo-logo-512.jpg\",\"width\":512,\"height\":512,\"caption\":\"Motor Taburo - Genuine Motorcycle Parts\"},\"image\":{\"@id\":\"https:\/\/motortaburo.com\/en\/#\/schema\/logo\/image\/\"},\"sameAs\":[\"https:\/\/www.facebook.com\/MotorTaburo\"]}]}<\/script>\n<meta property=\"product:brand\" content=\"Kijima\" \/>\n<meta property=\"product:price:amount\" content=\"245000\" \/>\n<meta property=\"product:price:currency\" content=\"VND\" \/>\n<meta property=\"og:availability\" content=\"out of stock\" \/>\n<meta property=\"product:availability\" content=\"out of stock\" \/>\n<meta property=\"product:retailer_item_id\" content=\"105-214\" \/>\n<meta property=\"product:condition\" content=\"new\" \/>\n<!-- \/ Yoast SEO Premium plugin. -->","yoast_head_json":{"title":"L\u1ecdc x\u0103ng nam ch\u00e2m, h\u00e0ng ch\u00ednh h\u00e3ng Kijima - Motor Taburo","robots":{"index":"index","follow":"follow","max-snippet":"max-snippet:-1","max-image-preview":"max-image-preview:large","max-video-preview":"max-video-preview:-1"},"canonical":"https:\/\/motortaburo.com\/en\/san-pham\/loc-xang-nam-cham-hang-chinh-hang-kijima\/","og_locale":"en_US","og_type":"article","og_title":"L\u1ecdc x\u0103ng nam ch\u00e2m, h\u00e0ng ch\u00ednh h\u00e3ng Kijima","og_description":"Set b\u00e1n: 1 c\u00e1i.  H\u00e0ng ch\u00ednh h\u00e3ng Kijima.  S\u1ea3n xu\u1ea5t t\u1ea1i Nh\u1eadt B\u1ea3n.  V\u1edbi ch\u1ee9c n\u0103ng l\u1ecdc 2 l\u1edbp   L\u1edbp l\u01b0\u1edbi l\u1ecdc b\u00ean tr\u00ean s\u1ebd l\u1ecdc c\u00e1c c\u1eb7n c\u00f3 k\u00edch th\u01b0\u1edbc l\u1edbn.  Th\u1ecfi nam ch\u00e2m \u1edf trong s\u1ebd gi\u1eef l\u1ea1i c\u00e1c c\u1eb7n kim lo\u1ea1i nh\u1ecf m\u00e0 l\u1edbp l\u01b0\u1edbi kh\u00f4ng l\u1ecdc \u0111\u01b0\u1ee3c.  Gi\u00fap cho nhi\u00ean li\u1ec7u \u0111i v\u00e0o b\u00ecnh x\u0103ng con th\u1eadt s\u1ea1ch.","og_url":"https:\/\/motortaburo.com\/en\/san-pham\/loc-xang-nam-cham-hang-chinh-hang-kijima\/","og_site_name":"Motor Taburo - Genuine Motorcycle Parts","article_publisher":"https:\/\/www.facebook.com\/MotorTaburo","article_modified_time":"2026-01-22T11:07:07+00:00","og_image":[{"width":1280,"height":1280,"url":"https:\/\/motortaburo.com\/wp-content\/uploads\/2020\/09\/IMG_6084.jpg","type":"image\/jpeg"}],"twitter_card":"summary_large_image","twitter_misc":{"Price":"245.000&nbsp;&#8363;","Availability":"Out of stock"},"schema":{"@context":"https:\/\/schema.org","@graph":[{"@type":"WebPage","@id":"https:\/\/motortaburo.com\/en\/san-pham\/loc-xang-nam-cham-hang-chinh-hang-kijima\/","url":"https:\/\/motortaburo.com\/en\/san-pham\/loc-xang-nam-cham-hang-chinh-hang-kijima\/","name":"L\u1ecdc x\u0103ng nam ch\u00e2m, h\u00e0ng ch\u00ednh h\u00e3ng Kijima - Motor Taburo","isPartOf":{"@id":"https:\/\/motortaburo.com\/en\/#website"},"primaryImageOfPage":{"@id":"https:\/\/motortaburo.com\/en\/san-pham\/loc-xang-nam-cham-hang-chinh-hang-kijima\/#primaryimage"},"image":{"@id":"https:\/\/motortaburo.com\/en\/san-pham\/loc-xang-nam-cham-hang-chinh-hang-kijima\/#primaryimage"},"thumbnailUrl":"https:\/\/motortaburo.com\/wp-content\/uploads\/2020\/09\/IMG_6084.jpg","datePublished":"2020-09-21T20:50:36+00:00","dateModified":"2026-01-22T11:07:07+00:00","breadcrumb":{"@id":"https:\/\/motortaburo.com\/en\/san-pham\/loc-xang-nam-cham-hang-chinh-hang-kijima\/#breadcrumb"},"inLanguage":"en-US","potentialAction":[{"@type":"ReadAction","target":["https:\/\/motortaburo.com\/en\/san-pham\/loc-xang-nam-cham-hang-chinh-hang-kijima\/"]}]},{"@type":"ImageObject","inLanguage":"en-US","@id":"https:\/\/motortaburo.com\/en\/san-pham\/loc-xang-nam-cham-hang-chinh-hang-kijima\/#primaryimage","url":"https:\/\/motortaburo.com\/wp-content\/uploads\/2020\/09\/IMG_6084.jpg","contentUrl":"https:\/\/motortaburo.com\/wp-content\/uploads\/2020\/09\/IMG_6084.jpg","width":1280,"height":1280},{"@type":"BreadcrumbList","@id":"https:\/\/motortaburo.com\/en\/san-pham\/loc-xang-nam-cham-hang-chinh-hang-kijima\/#breadcrumb","itemListElement":[{"@type":"ListItem","position":1,"name":"Home","item":"https:\/\/motortaburo.com\/en\/"},{"@type":"ListItem","position":2,"name":"\u0110\u1ed3 ch\u01a1i xe","item":"https:\/\/motortaburo.com\/do-choi-xe\/"},{"@type":"ListItem","position":3,"name":"L\u1ecdc x\u0103ng nam ch\u00e2m, h\u00e0ng ch\u00ednh h\u00e3ng Kijima"}]},{"@type":"WebSite","@id":"https:\/\/motortaburo.com\/en\/#website","url":"https:\/\/motortaburo.com\/en\/","name":"Motor Taburo - Genuine Motorcycle Parts","description":"We sell Japanese motorcycle parts","publisher":{"@id":"https:\/\/motortaburo.com\/en\/#organization"},"alternateName":"Motor Taburo","potentialAction":[{"@type":"SearchAction","target":{"@type":"EntryPoint","urlTemplate":"https:\/\/motortaburo.com\/en\/?s={search_term_string}"},"query-input":{"@type":"PropertyValueSpecification","valueRequired":true,"valueName":"search_term_string"}}],"inLanguage":"en-US"},{"@type":"Organization","@id":"https:\/\/motortaburo.com\/en\/#organization","name":"Motor Taburo - Genuine Motorcycle Parts","url":"https:\/\/motortaburo.com\/en\/","logo":{"@type":"ImageObject","inLanguage":"en-US","@id":"https:\/\/motortaburo.com\/en\/#\/schema\/logo\/image\/","url":"https:\/\/motortaburo.com\/wp-content\/uploads\/2021\/04\/Motor-Taburo-logo-512.jpg","contentUrl":"https:\/\/motortaburo.com\/wp-content\/uploads\/2021\/04\/Motor-Taburo-logo-512.jpg","width":512,"height":512,"caption":"Motor Taburo - Genuine Motorcycle Parts"},"image":{"@id":"https:\/\/motortaburo.com\/en\/#\/schema\/logo\/image\/"},"sameAs":["https:\/\/www.facebook.com\/MotorTaburo"]}]},"product_brand":"Kijima","product_price_amount":"245000","product_price_currency":"VND","og_availability":"out of stock","product_availability":"out of stock","product_retailer_item_id":"105-214","product_condition":"new"},"_links":{"self":[{"href":"https:\/\/motortaburo.com\/en\/wp-json\/wp\/v2\/product\/9540","targetHints":{"allow":["GET"]}}],"collection":[{"href":"https:\/\/motortaburo.com\/en\/wp-json\/wp\/v2\/product"}],"about":[{"href":"https:\/\/motortaburo.com\/en\/wp-json\/wp\/v2\/types\/product"}],"replies":[{"embeddable":true,"href":"https:\/\/motortaburo.com\/en\/wp-json\/wp\/v2\/comments?post=9540"}],"version-history":[{"count":0,"href":"https:\/\/motortaburo.com\/en\/wp-json\/wp\/v2\/product\/9540\/revisions"}],"wp:featuredmedia":[{"embeddable":true,"href":"https:\/\/motortaburo.com\/en\/wp-json\/wp\/v2\/media\/39796"}],"wp:attachment":[{"href":"https:\/\/motortaburo.com\/en\/wp-json\/wp\/v2\/media?parent=9540"}],"wp:term":[{"taxonomy":"product_brand","embeddable":true,"href":"https:\/\/motortaburo.com\/en\/wp-json\/wp\/v2\/product_brand?post=9540"},{"taxonomy":"product_cat","embeddable":true,"href":"https:\/\/motortaburo.com\/en\/wp-json\/wp\/v2\/product_cat?post=9540"},{"taxonomy":"product_tag","embeddable":true,"href":"https:\/\/motortaburo.com\/en\/wp-json\/wp\/v2\/product_tag?post=9540"},{"taxonomy":"danh-sach-xe","embeddable":true,"href":"https:\/\/motortaburo.com\/en\/wp-json\/wp\/v2\/danh-sach-xe?post=9540"}],"curies":[{"name":"wp","href":"https:\/\/api.w.org\/{rel}","templated":true}]}}