{"id":9813,"date":"2020-09-30T16:25:25","date_gmt":"2020-09-30T09:25:25","guid":{"rendered":"https:\/\/motortaburo.com\/?post_type=product&amp;p=9813"},"modified":"2026-01-22T18:05:54","modified_gmt":"2026-01-22T11:05:54","slug":"bao-tay-kijima-mau-oval-dimple","status":"publish","type":"product","link":"https:\/\/motortaburo.com\/en\/san-pham\/bao-tay-kijima-mau-oval-dimple\/","title":{"rendered":"Bao tay Kijima m\u1eabu Oval Dimple"},"content":{"rendered":"<p>Chi\u1ec1u d\u00e0i t\u1ed5ng th\u1ec3: 118mm.<\/p>\n<p>\u0110\u01b0\u1eddng k\u00ednh tay n\u1eafm 33mm.<\/p>\n","protected":false},"excerpt":{"rendered":"<p>M\u00e0u s\u1eafc: \u0111en.<\/p>\n<p>M\u1eabu n\u00e0y r\u1ed7ng \u0111u\u00f4i (\u0111\u1ec3 x\u00e0i g\u00f9).<\/p>\n<p>H\u00e0ng ch\u00ednh h\u00e3ng Kijima.<\/p>\n<p>S\u1ea3n xu\u1ea5t t\u1ea1i Nh\u1eadt B\u1ea3n.<\/p>\n","protected":false},"featured_media":9765,"comment_status":"open","ping_status":"closed","template":"","meta":[],"product_brand":[],"product_cat":[209],"product_tag":[451,569],"danh-sach-xe":[],"class_list":{"0":"post-9813","1":"product","2":"type-product","3":"status-publish","4":"has-post-thumbnail","6":"product_cat-bao-tay","7":"product_tag-bao-tay","8":"product_tag-bao-tay-xe-may","10":"first","11":"outofstock","12":"shipping-taxable","13":"purchasable","14":"product-type-simple"},"yoast_head":"<!-- This site is optimized with the Yoast SEO Premium plugin v23.3 (Yoast SEO v27.0) - https:\/\/yoast.com\/product\/yoast-seo-premium-wordpress\/ -->\n<title>Bao tay Kijima m\u1eabu Oval Dimple - Motor Taburo<\/title>\n<meta name=\"robots\" content=\"index, follow, max-snippet:-1, max-image-preview:large, max-video-preview:-1\" \/>\n<link rel=\"canonical\" href=\"https:\/\/motortaburo.com\/en\/san-pham\/bao-tay-kijima-mau-oval-dimple\/\" \/>\n<meta property=\"og:locale\" content=\"en_US\" \/>\n<meta property=\"og:type\" content=\"article\" \/>\n<meta property=\"og:title\" content=\"Bao tay Kijima m\u1eabu Oval Dimple\" \/>\n<meta property=\"og:description\" content=\"M\u00e0u s\u1eafc: \u0111en. M\u1eabu n\u00e0y r\u1ed7ng \u0111u\u00f4i (\u0111\u1ec3 x\u00e0i g\u00f9). H\u00e0ng ch\u00ednh h\u00e3ng Kijima. S\u1ea3n xu\u1ea5t t\u1ea1i Nh\u1eadt B\u1ea3n.\" \/>\n<meta property=\"og:url\" content=\"https:\/\/motortaburo.com\/en\/san-pham\/bao-tay-kijima-mau-oval-dimple\/\" \/>\n<meta property=\"og:site_name\" content=\"Motor Taburo - Genuine Motorcycle Parts\" \/>\n<meta property=\"article:publisher\" content=\"https:\/\/www.facebook.com\/MotorTaburo\" \/>\n<meta property=\"article:modified_time\" content=\"2026-01-22T11:05:54+00:00\" \/>\n<meta property=\"og:image\" content=\"https:\/\/motortaburo.com\/wp-content\/uploads\/2020\/09\/IMG_0240.jpg\" \/>\n\t<meta property=\"og:image:width\" content=\"960\" \/>\n\t<meta property=\"og:image:height\" content=\"960\" \/>\n\t<meta property=\"og:image:type\" content=\"image\/jpeg\" \/>\n<meta name=\"twitter:card\" content=\"summary_large_image\" \/>\n<meta name=\"twitter:label1\" content=\"Price\" \/>\n\t<meta name=\"twitter:data1\" content=\"230.000&nbsp;&#8363;\" \/>\n\t<meta name=\"twitter:label2\" content=\"Availability\" \/>\n\t<meta name=\"twitter:data2\" content=\"Out of stock\" \/>\n<script type=\"application\/ld+json\" class=\"yoast-schema-graph\">{\"@context\":\"https:\/\/schema.org\",\"@graph\":[{\"@type\":\"WebPage\",\"@id\":\"https:\/\/motortaburo.com\/en\/san-pham\/bao-tay-kijima-mau-oval-dimple\/\",\"url\":\"https:\/\/motortaburo.com\/en\/san-pham\/bao-tay-kijima-mau-oval-dimple\/\",\"name\":\"Bao tay Kijima m\u1eabu Oval Dimple - Motor Taburo\",\"isPartOf\":{\"@id\":\"https:\/\/motortaburo.com\/en\/#website\"},\"primaryImageOfPage\":{\"@id\":\"https:\/\/motortaburo.com\/en\/san-pham\/bao-tay-kijima-mau-oval-dimple\/#primaryimage\"},\"image\":{\"@id\":\"https:\/\/motortaburo.com\/en\/san-pham\/bao-tay-kijima-mau-oval-dimple\/#primaryimage\"},\"thumbnailUrl\":\"https:\/\/motortaburo.com\/wp-content\/uploads\/2020\/09\/IMG_0240.jpg\",\"datePublished\":\"2020-09-30T09:25:25+00:00\",\"dateModified\":\"2026-01-22T11:05:54+00:00\",\"breadcrumb\":{\"@id\":\"https:\/\/motortaburo.com\/en\/san-pham\/bao-tay-kijima-mau-oval-dimple\/#breadcrumb\"},\"inLanguage\":\"en-US\",\"potentialAction\":[{\"@type\":\"ReadAction\",\"target\":[\"https:\/\/motortaburo.com\/en\/san-pham\/bao-tay-kijima-mau-oval-dimple\/\"]}]},{\"@type\":\"ImageObject\",\"inLanguage\":\"en-US\",\"@id\":\"https:\/\/motortaburo.com\/en\/san-pham\/bao-tay-kijima-mau-oval-dimple\/#primaryimage\",\"url\":\"https:\/\/motortaburo.com\/wp-content\/uploads\/2020\/09\/IMG_0240.jpg\",\"contentUrl\":\"https:\/\/motortaburo.com\/wp-content\/uploads\/2020\/09\/IMG_0240.jpg\",\"width\":960,\"height\":960},{\"@type\":\"BreadcrumbList\",\"@id\":\"https:\/\/motortaburo.com\/en\/san-pham\/bao-tay-kijima-mau-oval-dimple\/#breadcrumb\",\"itemListElement\":[{\"@type\":\"ListItem\",\"position\":1,\"name\":\"Home\",\"item\":\"https:\/\/motortaburo.com\/en\/\"},{\"@type\":\"ListItem\",\"position\":2,\"name\":\"\u0110\u1ed3 ch\u01a1i xe\",\"item\":\"https:\/\/motortaburo.com\/do-choi-xe\/\"},{\"@type\":\"ListItem\",\"position\":3,\"name\":\"Bao tay Kijima m\u1eabu Oval Dimple\"}]},{\"@type\":\"WebSite\",\"@id\":\"https:\/\/motortaburo.com\/en\/#website\",\"url\":\"https:\/\/motortaburo.com\/en\/\",\"name\":\"Motor Taburo - Genuine Motorcycle Parts\",\"description\":\"We sell Japanese motorcycle parts\",\"publisher\":{\"@id\":\"https:\/\/motortaburo.com\/en\/#organization\"},\"alternateName\":\"Motor Taburo\",\"potentialAction\":[{\"@type\":\"SearchAction\",\"target\":{\"@type\":\"EntryPoint\",\"urlTemplate\":\"https:\/\/motortaburo.com\/en\/?s={search_term_string}\"},\"query-input\":{\"@type\":\"PropertyValueSpecification\",\"valueRequired\":true,\"valueName\":\"search_term_string\"}}],\"inLanguage\":\"en-US\"},{\"@type\":\"Organization\",\"@id\":\"https:\/\/motortaburo.com\/en\/#organization\",\"name\":\"Motor Taburo - Genuine Motorcycle Parts\",\"url\":\"https:\/\/motortaburo.com\/en\/\",\"logo\":{\"@type\":\"ImageObject\",\"inLanguage\":\"en-US\",\"@id\":\"https:\/\/motortaburo.com\/en\/#\/schema\/logo\/image\/\",\"url\":\"https:\/\/motortaburo.com\/wp-content\/uploads\/2021\/04\/Motor-Taburo-logo-512.jpg\",\"contentUrl\":\"https:\/\/motortaburo.com\/wp-content\/uploads\/2021\/04\/Motor-Taburo-logo-512.jpg\",\"width\":512,\"height\":512,\"caption\":\"Motor Taburo - Genuine Motorcycle Parts\"},\"image\":{\"@id\":\"https:\/\/motortaburo.com\/en\/#\/schema\/logo\/image\/\"},\"sameAs\":[\"https:\/\/www.facebook.com\/MotorTaburo\"]}]}<\/script>\n<meta property=\"product:price:amount\" content=\"230000\" \/>\n<meta property=\"product:price:currency\" content=\"VND\" \/>\n<meta property=\"og:availability\" content=\"out of stock\" \/>\n<meta property=\"product:availability\" content=\"out of stock\" \/>\n<meta property=\"product:retailer_item_id\" content=\"201-6433\" \/>\n<meta property=\"product:condition\" content=\"new\" \/>\n<!-- \/ Yoast SEO Premium plugin. -->","yoast_head_json":{"title":"Bao tay Kijima m\u1eabu Oval Dimple - Motor Taburo","robots":{"index":"index","follow":"follow","max-snippet":"max-snippet:-1","max-image-preview":"max-image-preview:large","max-video-preview":"max-video-preview:-1"},"canonical":"https:\/\/motortaburo.com\/en\/san-pham\/bao-tay-kijima-mau-oval-dimple\/","og_locale":"en_US","og_type":"article","og_title":"Bao tay Kijima m\u1eabu Oval Dimple","og_description":"M\u00e0u s\u1eafc: \u0111en. M\u1eabu n\u00e0y r\u1ed7ng \u0111u\u00f4i (\u0111\u1ec3 x\u00e0i g\u00f9). H\u00e0ng ch\u00ednh h\u00e3ng Kijima. S\u1ea3n xu\u1ea5t t\u1ea1i Nh\u1eadt B\u1ea3n.","og_url":"https:\/\/motortaburo.com\/en\/san-pham\/bao-tay-kijima-mau-oval-dimple\/","og_site_name":"Motor Taburo - Genuine Motorcycle Parts","article_publisher":"https:\/\/www.facebook.com\/MotorTaburo","article_modified_time":"2026-01-22T11:05:54+00:00","og_image":[{"width":960,"height":960,"url":"https:\/\/motortaburo.com\/wp-content\/uploads\/2020\/09\/IMG_0240.jpg","type":"image\/jpeg"}],"twitter_card":"summary_large_image","twitter_misc":{"Price":"230.000&nbsp;&#8363;","Availability":"Out of stock"},"schema":{"@context":"https:\/\/schema.org","@graph":[{"@type":"WebPage","@id":"https:\/\/motortaburo.com\/en\/san-pham\/bao-tay-kijima-mau-oval-dimple\/","url":"https:\/\/motortaburo.com\/en\/san-pham\/bao-tay-kijima-mau-oval-dimple\/","name":"Bao tay Kijima m\u1eabu Oval Dimple - Motor Taburo","isPartOf":{"@id":"https:\/\/motortaburo.com\/en\/#website"},"primaryImageOfPage":{"@id":"https:\/\/motortaburo.com\/en\/san-pham\/bao-tay-kijima-mau-oval-dimple\/#primaryimage"},"image":{"@id":"https:\/\/motortaburo.com\/en\/san-pham\/bao-tay-kijima-mau-oval-dimple\/#primaryimage"},"thumbnailUrl":"https:\/\/motortaburo.com\/wp-content\/uploads\/2020\/09\/IMG_0240.jpg","datePublished":"2020-09-30T09:25:25+00:00","dateModified":"2026-01-22T11:05:54+00:00","breadcrumb":{"@id":"https:\/\/motortaburo.com\/en\/san-pham\/bao-tay-kijima-mau-oval-dimple\/#breadcrumb"},"inLanguage":"en-US","potentialAction":[{"@type":"ReadAction","target":["https:\/\/motortaburo.com\/en\/san-pham\/bao-tay-kijima-mau-oval-dimple\/"]}]},{"@type":"ImageObject","inLanguage":"en-US","@id":"https:\/\/motortaburo.com\/en\/san-pham\/bao-tay-kijima-mau-oval-dimple\/#primaryimage","url":"https:\/\/motortaburo.com\/wp-content\/uploads\/2020\/09\/IMG_0240.jpg","contentUrl":"https:\/\/motortaburo.com\/wp-content\/uploads\/2020\/09\/IMG_0240.jpg","width":960,"height":960},{"@type":"BreadcrumbList","@id":"https:\/\/motortaburo.com\/en\/san-pham\/bao-tay-kijima-mau-oval-dimple\/#breadcrumb","itemListElement":[{"@type":"ListItem","position":1,"name":"Home","item":"https:\/\/motortaburo.com\/en\/"},{"@type":"ListItem","position":2,"name":"\u0110\u1ed3 ch\u01a1i xe","item":"https:\/\/motortaburo.com\/do-choi-xe\/"},{"@type":"ListItem","position":3,"name":"Bao tay Kijima m\u1eabu Oval Dimple"}]},{"@type":"WebSite","@id":"https:\/\/motortaburo.com\/en\/#website","url":"https:\/\/motortaburo.com\/en\/","name":"Motor Taburo - Genuine Motorcycle Parts","description":"We sell Japanese motorcycle parts","publisher":{"@id":"https:\/\/motortaburo.com\/en\/#organization"},"alternateName":"Motor Taburo","potentialAction":[{"@type":"SearchAction","target":{"@type":"EntryPoint","urlTemplate":"https:\/\/motortaburo.com\/en\/?s={search_term_string}"},"query-input":{"@type":"PropertyValueSpecification","valueRequired":true,"valueName":"search_term_string"}}],"inLanguage":"en-US"},{"@type":"Organization","@id":"https:\/\/motortaburo.com\/en\/#organization","name":"Motor Taburo - Genuine Motorcycle Parts","url":"https:\/\/motortaburo.com\/en\/","logo":{"@type":"ImageObject","inLanguage":"en-US","@id":"https:\/\/motortaburo.com\/en\/#\/schema\/logo\/image\/","url":"https:\/\/motortaburo.com\/wp-content\/uploads\/2021\/04\/Motor-Taburo-logo-512.jpg","contentUrl":"https:\/\/motortaburo.com\/wp-content\/uploads\/2021\/04\/Motor-Taburo-logo-512.jpg","width":512,"height":512,"caption":"Motor Taburo - Genuine Motorcycle Parts"},"image":{"@id":"https:\/\/motortaburo.com\/en\/#\/schema\/logo\/image\/"},"sameAs":["https:\/\/www.facebook.com\/MotorTaburo"]}]},"product_price_amount":"230000","product_price_currency":"VND","og_availability":"out of stock","product_availability":"out of stock","product_retailer_item_id":"201-6433","product_condition":"new"},"_links":{"self":[{"href":"https:\/\/motortaburo.com\/en\/wp-json\/wp\/v2\/product\/9813","targetHints":{"allow":["GET"]}}],"collection":[{"href":"https:\/\/motortaburo.com\/en\/wp-json\/wp\/v2\/product"}],"about":[{"href":"https:\/\/motortaburo.com\/en\/wp-json\/wp\/v2\/types\/product"}],"replies":[{"embeddable":true,"href":"https:\/\/motortaburo.com\/en\/wp-json\/wp\/v2\/comments?post=9813"}],"version-history":[{"count":0,"href":"https:\/\/motortaburo.com\/en\/wp-json\/wp\/v2\/product\/9813\/revisions"}],"wp:featuredmedia":[{"embeddable":true,"href":"https:\/\/motortaburo.com\/en\/wp-json\/wp\/v2\/media\/9765"}],"wp:attachment":[{"href":"https:\/\/motortaburo.com\/en\/wp-json\/wp\/v2\/media?parent=9813"}],"wp:term":[{"taxonomy":"product_brand","embeddable":true,"href":"https:\/\/motortaburo.com\/en\/wp-json\/wp\/v2\/product_brand?post=9813"},{"taxonomy":"product_cat","embeddable":true,"href":"https:\/\/motortaburo.com\/en\/wp-json\/wp\/v2\/product_cat?post=9813"},{"taxonomy":"product_tag","embeddable":true,"href":"https:\/\/motortaburo.com\/en\/wp-json\/wp\/v2\/product_tag?post=9813"},{"taxonomy":"danh-sach-xe","embeddable":true,"href":"https:\/\/motortaburo.com\/en\/wp-json\/wp\/v2\/danh-sach-xe?post=9813"}],"curies":[{"name":"wp","href":"https:\/\/api.w.org\/{rel}","templated":true}]}}